{"id":31388,"date":"2021-06-24T11:20:02","date_gmt":"2021-06-24T08:20:02","guid":{"rendered":"https:\/\/editura-unibuc.ro\/?post_type=product&#038;p=31388"},"modified":"2025-05-13T10:25:04","modified_gmt":"2025-05-13T07:25:04","slug":"studii-in-hermeneutica-pre-judicativa-si-meontologie-vol-5-studies-in-the-pre-judicative-hermeneutics-and-meontology","status":"publish","type":"product","link":"https:\/\/editura-unibuc.ro\/en\/studii-in-hermeneutica-pre-judicativa-si-meontologie-vol-5-studies-in-the-pre-judicative-hermeneutics-and-meontology\/","title":{"rendered":"STUDII \u00ceN HERMENEUTICA PRE-JUDICATIV\u0102 \u0218I MEONTOLOGIE. VOL. 5; STUDIES IN THE PRE-JUDICATIVE HERMENEUTICS AND MEONTOLOGY"},"content":{"rendered":"<hr \/>\n<p><strong><a href=\"https:\/\/books.google.ro\/books\/about?id=slNDEAAAQBAJ&#038;redir_esc=y\" target=\"_blank\" rel=\"noopener\"><img decoding=\"async\" src=\"https:\/\/editura-unibuc.ro\/wp-content\/uploads\/2025\/04\/goo.png\" \/>Google Books<\/a><\/strong><br \/>&nbsp;<\/p>\n<hr \/>\n<p>Metodologii diverse, \u00eendeosebi cele de origine fenomenologic\u0103 \u0219i analitic-filosofic\u0103, sunt utilizate de cercet\u0103tori pentru a reformula probleme filosofice mai vechi, din orizontul unor discipline tradi\u021bionale, cum sunt ontologia \u0219i teoria cunoa\u0219terii, sau pentru a formula probleme noi, referitoare la statutul experien\u021belor \u0219i con\u021binuturilor non-judicative, la rela\u021bia dintre acestea \u0219i judecat\u0103, con\u0219tiin\u021b\u0103, adev\u0103r, evident\u0103 etc., la elementele semnificative cognitiv din aria pre-judicativului, la constituirea lor sau la posibila lor autonomie de constituire \u0219i de operare.<\/p>\n","protected":false},"excerpt":{"rendered":"<p>Google Books&nbsp; Metodologii diverse, \u00eendeosebi cele de origine fenomenologic\u0103 \u0219i analitic-filosofic\u0103, sunt utilizate de cercet\u0103tori pentru a reformula probleme filosofice mai vechi, din orizontul unor discipline tradi\u021bionale, cum sunt ontologia \u0219i teoria cunoa\u0219terii, sau pentru a formula probleme noi, referitoare la statutul experien\u021belor \u0219i con\u021binuturilor non-judicative, la rela\u021bia dintre acestea \u0219i judecat\u0103, con\u0219tiin\u021b\u0103, adev\u0103r, evident\u0103 [&hellip;]<\/p>\n","protected":false},"featured_media":31389,"comment_status":"open","ping_status":"closed","template":"","meta":[],"product_brand":[],"product_cat":[991,994],"product_tag":[2378,3774,3773],"class_list":{"0":"post-31388","1":"product","2":"type-product","3":"status-publish","4":"has-post-thumbnail","6":"product_cat-stiinte-sociale","7":"product_cat-filosofie","8":"product_tag-hermeneutica","9":"product_tag-sistem-kantian","10":"product_tag-socrate","12":"first","13":"instock","14":"shipping-taxable","15":"purchasable","16":"product-type-simple"},"_links":{"self":[{"href":"https:\/\/editura-unibuc.ro\/en\/wp-json\/wp\/v2\/product\/31388","targetHints":{"allow":["GET"]}}],"collection":[{"href":"https:\/\/editura-unibuc.ro\/en\/wp-json\/wp\/v2\/product"}],"about":[{"href":"https:\/\/editura-unibuc.ro\/en\/wp-json\/wp\/v2\/types\/product"}],"replies":[{"embeddable":true,"href":"https:\/\/editura-unibuc.ro\/en\/wp-json\/wp\/v2\/comments?post=31388"}],"wp:featuredmedia":[{"embeddable":true,"href":"https:\/\/editura-unibuc.ro\/en\/wp-json\/wp\/v2\/media\/31389"}],"wp:attachment":[{"href":"https:\/\/editura-unibuc.ro\/en\/wp-json\/wp\/v2\/media?parent=31388"}],"wp:term":[{"taxonomy":"product_brand","embeddable":true,"href":"https:\/\/editura-unibuc.ro\/en\/wp-json\/wp\/v2\/product_brand?post=31388"},{"taxonomy":"product_cat","embeddable":true,"href":"https:\/\/editura-unibuc.ro\/en\/wp-json\/wp\/v2\/product_cat?post=31388"},{"taxonomy":"product_tag","embeddable":true,"href":"https:\/\/editura-unibuc.ro\/en\/wp-json\/wp\/v2\/product_tag?post=31388"}],"curies":[{"name":"wp","href":"https:\/\/api.w.org\/{rel}","templated":true}]}}