{"id":31392,"date":"2021-06-24T11:22:11","date_gmt":"2021-06-24T08:22:11","guid":{"rendered":"https:\/\/editura-unibuc.ro\/?post_type=product&#038;p=31392"},"modified":"2025-08-07T14:18:02","modified_gmt":"2025-08-07T11:18:02","slug":"cosmologia-carteziana","status":"publish","type":"product","link":"https:\/\/editura-unibuc.ro\/en\/cosmologia-carteziana\/","title":{"rendered":"COSMOLOGIA CARTEZIAN\u0102"},"content":{"rendered":"<hr \/>\n<p><strong><a href=\"https:\/\/books.google.ro\/books\/about?id=4kJDEAAAQBAJ&amp;redir_esc=y\" target=\"_blank\" rel=\"noopener\"><img decoding=\"async\" src=\"https:\/\/editura-unibuc.ro\/wp-content\/uploads\/2025\/04\/goo.png\" \/>Google Books<\/a><\/strong><br \/>&nbsp;<\/p>\n<hr \/>\n<p>Lucrarea de fa\u021b\u0103 exploreaz\u0103 receptarea cosmologiei lui Ren\u00e9 Descartes ca \u201cfizic\u0103 mozaic\u0103\u201d. \u00cen mod tradi\u021bional, teoria lui Descartes despre formarea \u0219i structura lumii a fost citit\u0103 \u00een lumina unei explica\u021bii mecanice bazate pe teoria v\u00e2rtejurilor. La un nivel mai general, problemele discutate \u00een lucrarea de fa\u021b\u0103 se circumscriu unui cadru mai amplu de dezbateri, specifice cosmologiei filosofice.<\/p>\n","protected":false},"excerpt":{"rendered":"<p>Google Books&nbsp; Lucrarea de fa\u021b\u0103 exploreaz\u0103 receptarea cosmologiei lui Ren\u00e9 Descartes ca \u201cfizic\u0103 mozaic\u0103\u201d. \u00cen mod tradi\u021bional, teoria lui Descartes despre formarea \u0219i structura lumii a fost citit\u0103 \u00een lumina unei explica\u021bii mecanice bazate pe teoria v\u00e2rtejurilor. La un nivel mai general, problemele discutate \u00een lucrarea de fa\u021b\u0103 se circumscriu unui cadru mai amplu de [&hellip;]<\/p>\n","protected":false},"featured_media":31390,"comment_status":"open","ping_status":"closed","template":"","meta":[],"product_brand":[],"product_cat":[1531,856,991,994],"product_tag":[3775,3399],"class_list":{"0":"post-31392","1":"product","2":"type-product","3":"status-publish","4":"has-post-thumbnail","6":"product_cat-colectii","7":"product_cat-colectia-lci-limbi-culturi-identitati","8":"product_cat-stiinte-sociale","9":"product_cat-filosofie","10":"product_tag-cosmologie-crestina","11":"product_tag-descartes","13":"first","14":"instock","15":"shipping-taxable","16":"purchasable","17":"product-type-simple"},"_links":{"self":[{"href":"https:\/\/editura-unibuc.ro\/en\/wp-json\/wp\/v2\/product\/31392","targetHints":{"allow":["GET"]}}],"collection":[{"href":"https:\/\/editura-unibuc.ro\/en\/wp-json\/wp\/v2\/product"}],"about":[{"href":"https:\/\/editura-unibuc.ro\/en\/wp-json\/wp\/v2\/types\/product"}],"replies":[{"embeddable":true,"href":"https:\/\/editura-unibuc.ro\/en\/wp-json\/wp\/v2\/comments?post=31392"}],"wp:featuredmedia":[{"embeddable":true,"href":"https:\/\/editura-unibuc.ro\/en\/wp-json\/wp\/v2\/media\/31390"}],"wp:attachment":[{"href":"https:\/\/editura-unibuc.ro\/en\/wp-json\/wp\/v2\/media?parent=31392"}],"wp:term":[{"taxonomy":"product_brand","embeddable":true,"href":"https:\/\/editura-unibuc.ro\/en\/wp-json\/wp\/v2\/product_brand?post=31392"},{"taxonomy":"product_cat","embeddable":true,"href":"https:\/\/editura-unibuc.ro\/en\/wp-json\/wp\/v2\/product_cat?post=31392"},{"taxonomy":"product_tag","embeddable":true,"href":"https:\/\/editura-unibuc.ro\/en\/wp-json\/wp\/v2\/product_tag?post=31392"}],"curies":[{"name":"wp","href":"https:\/\/api.w.org\/{rel}","templated":true}]}}