{"id":31393,"date":"2021-06-24T11:25:32","date_gmt":"2021-06-24T08:25:32","guid":{"rendered":"https:\/\/editura-unibuc.ro\/?post_type=product&#038;p=31393"},"modified":"2025-05-12T14:09:18","modified_gmt":"2025-05-12T11:09:18","slug":"publicatiile-seriale-stiintifice-romanesti-in-cercetarea-contemporana","status":"publish","type":"product","link":"https:\/\/editura-unibuc.ro\/en\/publicatiile-seriale-stiintifice-romanesti-in-cercetarea-contemporana\/","title":{"rendered":"PUBLICA\u021aIILE SERIALE \u0218TIIN\u021aIFICE ROM\u00c2NE\u0218TI \u00ceN  CERCETAREA CONTEMPORAN\u0102"},"content":{"rendered":"<hr \/>\n<p><strong><a href=\"https:\/\/books.google.ro\/books\/about?id=WTk4EAAAQBAJ&#038;redir_esc=y\" target=\"_blank\" rel=\"noopener\"><img decoding=\"async\" src=\"https:\/\/editura-unibuc.ro\/wp-content\/uploads\/2025\/04\/goo.png\" \/>Google Books<\/a><\/strong><br \/>&nbsp;<\/p>\n<hr \/>\n<p>\u201eVolumul de fa\u021b\u0103 este prima lucrare monografic\u0103 rom\u00e2neasc\u0103 asupra revistelor \u0219tiin\u021bifice ap\u0103rute la noi. Rolul \u0219i importan\u021ba acestui tip de publica\u021bie, \u00eentr-o epoc\u0103 \u00een care trebuie revalorificat\u0103 \u00een permanen\u021b\u0103 informa\u021bia, ca resort al descoperirilor \u0219i progresului, sunt analizate cu acribie de autoare plec\u00e2nd chiar de la apari\u021bia acestui suport de date \u0219tiin\u021bifice p\u00e2n\u0103 \u00een epoca <em>stakeholder<\/em>-ilor.\u201d<\/p>\n<p style=\"text-align: right\">Prof. univ. emerit Mircea Regneal\u0103<\/p>\n","protected":false},"excerpt":{"rendered":"<p>Google Books&nbsp; \u201eVolumul de fa\u021b\u0103 este prima lucrare monografic\u0103 rom\u00e2neasc\u0103 asupra revistelor \u0219tiin\u021bifice ap\u0103rute la noi. Rolul \u0219i importan\u021ba acestui tip de publica\u021bie, \u00eentr-o epoc\u0103 \u00een care trebuie revalorificat\u0103 \u00een permanen\u021b\u0103 informa\u021bia, ca resort al descoperirilor \u0219i progresului, sunt analizate cu acribie de autoare plec\u00e2nd chiar de la apari\u021bia acestui suport de date \u0219tiin\u021bifice p\u00e2n\u0103 [&hellip;]<\/p>\n","protected":false},"featured_media":31391,"comment_status":"open","ping_status":"closed","template":"","meta":[],"product_brand":[],"product_cat":[3776,1531,1464,979],"product_tag":[3779,3778,3777],"class_list":{"0":"post-31393","1":"product","2":"type-product","3":"status-publish","4":"has-post-thumbnail","6":"product_cat-biblioteca-stiintelor-informarii","7":"product_cat-colectii","8":"product_cat-filologie","9":"product_cat-limba-romana","10":"product_tag-evaluarea-publicatiilor-stiintifice","11":"product_tag-peer-review","12":"product_tag-publicatii-seriale","14":"first","15":"instock","16":"shipping-taxable","17":"purchasable","18":"product-type-simple"},"_links":{"self":[{"href":"https:\/\/editura-unibuc.ro\/en\/wp-json\/wp\/v2\/product\/31393","targetHints":{"allow":["GET"]}}],"collection":[{"href":"https:\/\/editura-unibuc.ro\/en\/wp-json\/wp\/v2\/product"}],"about":[{"href":"https:\/\/editura-unibuc.ro\/en\/wp-json\/wp\/v2\/types\/product"}],"replies":[{"embeddable":true,"href":"https:\/\/editura-unibuc.ro\/en\/wp-json\/wp\/v2\/comments?post=31393"}],"wp:featuredmedia":[{"embeddable":true,"href":"https:\/\/editura-unibuc.ro\/en\/wp-json\/wp\/v2\/media\/31391"}],"wp:attachment":[{"href":"https:\/\/editura-unibuc.ro\/en\/wp-json\/wp\/v2\/media?parent=31393"}],"wp:term":[{"taxonomy":"product_brand","embeddable":true,"href":"https:\/\/editura-unibuc.ro\/en\/wp-json\/wp\/v2\/product_brand?post=31393"},{"taxonomy":"product_cat","embeddable":true,"href":"https:\/\/editura-unibuc.ro\/en\/wp-json\/wp\/v2\/product_cat?post=31393"},{"taxonomy":"product_tag","embeddable":true,"href":"https:\/\/editura-unibuc.ro\/en\/wp-json\/wp\/v2\/product_tag?post=31393"}],"curies":[{"name":"wp","href":"https:\/\/api.w.org\/{rel}","templated":true}]}}