{"id":3148,"date":"2012-10-18T09:25:20","date_gmt":"2012-10-18T06:25:20","guid":{"rendered":"https:\/\/editura-unibuc.ro\/?p=3148"},"modified":"2022-11-14T12:09:04","modified_gmt":"2022-11-14T10:09:04","slug":"proiecte-filosofice-ale-modernitatii-volumul-1","status":"publish","type":"product","link":"https:\/\/editura-unibuc.ro\/en\/proiecte-filosofice-ale-modernitatii-volumul-1\/","title":{"rendered":"PHILOSOPHICAL PROJECTS OF MODERNITY. VOLUME 1"},"content":{"rendered":"<p>Volumul \u00eent\u00e2i din Proiecte filosofice ale Modernit\u0103\u021bii se dore\u0219te a fi o abordare sintetic\u0103, f\u0103r\u0103 volute inutile sau preten\u021bioase, a principalelor idei filosofice novatoare ce pot fi identificate \u00een operele unor g\u00e2nditori reprezentativi pentru debutul acestei perioade mult discutate din istoria culturii europene. Dup\u0103 surprinderea ambiguit\u0103\u021bilor \u0219i ezit\u0103rilor progamului filosofic cu certe tr\u0103s\u0103turi renascentiste al lui Francis Bacon, ne vom \u00eendrepta aten\u021bia asupra coordonatelor esen\u021biale pe care se \u00eenscrie \u2013 \u0219i prin care se configureaz\u0103 ca surs\u0103 viguroas\u0103 a ideaticii Timpurilor Noi \u2013 g\u00e2ndirea exponen\u021bilor cei mai semnificativi pentru ceea ce ulterior s-a numit ra\u021bionalism modern: Descartes, Spinoza \u0219i Leibniz.<\/p>","protected":false},"excerpt":{"rendered":"<p>Volumul \u00eent\u00e2i din Proiecte filosofice ale Modernit\u0103\u021bii se dore\u0219te a fi o abordare sintetic\u0103, f\u0103r\u0103 volute inutile sau preten\u021bioase, a principalelor idei filosofice novatoare ce pot fi identificate \u00een operele unor g\u00e2nditori reprezentativi pentru debutul acestei perioade mult discutate din istoria culturii europene. Dup\u0103 surprinderea ambiguit\u0103\u021bilor \u0219i ezit\u0103rilor progamului filosofic cu certe tr\u0103s\u0103turi renascentiste al [&hellip;]<\/p>\n","protected":false},"featured_media":10227,"comment_status":"open","ping_status":"closed","template":"","meta":[],"product_brand":[],"product_cat":[991,994],"product_tag":[921],"class_list":{"0":"post-3148","1":"product","2":"type-product","3":"status-publish","4":"has-post-thumbnail","6":"product_cat-stiinte-sociale","7":"product_cat-filosofie","8":"product_tag-filosofie","10":"first","11":"outofstock","12":"shipping-taxable","13":"purchasable","14":"product-type-simple"},"_links":{"self":[{"href":"https:\/\/editura-unibuc.ro\/en\/wp-json\/wp\/v2\/product\/3148","targetHints":{"allow":["GET"]}}],"collection":[{"href":"https:\/\/editura-unibuc.ro\/en\/wp-json\/wp\/v2\/product"}],"about":[{"href":"https:\/\/editura-unibuc.ro\/en\/wp-json\/wp\/v2\/types\/product"}],"replies":[{"embeddable":true,"href":"https:\/\/editura-unibuc.ro\/en\/wp-json\/wp\/v2\/comments?post=3148"}],"wp:featuredmedia":[{"embeddable":true,"href":"https:\/\/editura-unibuc.ro\/en\/wp-json\/wp\/v2\/media\/10227"}],"wp:attachment":[{"href":"https:\/\/editura-unibuc.ro\/en\/wp-json\/wp\/v2\/media?parent=3148"}],"wp:term":[{"taxonomy":"product_brand","embeddable":true,"href":"https:\/\/editura-unibuc.ro\/en\/wp-json\/wp\/v2\/product_brand?post=3148"},{"taxonomy":"product_cat","embeddable":true,"href":"https:\/\/editura-unibuc.ro\/en\/wp-json\/wp\/v2\/product_cat?post=3148"},{"taxonomy":"product_tag","embeddable":true,"href":"https:\/\/editura-unibuc.ro\/en\/wp-json\/wp\/v2\/product_tag?post=3148"}],"curies":[{"name":"wp","href":"https:\/\/api.w.org\/{rel}","templated":true}]}}