{"id":31511,"date":"2021-07-16T09:19:27","date_gmt":"2021-07-16T06:19:27","guid":{"rendered":"https:\/\/editura-unibuc.ro\/?post_type=product&#038;p=31511"},"modified":"2025-05-09T10:43:25","modified_gmt":"2025-05-09T07:43:25","slug":"liu-e-insemnarile-calatoriei-lui-lao-can","status":"publish","type":"product","link":"https:\/\/editura-unibuc.ro\/en\/liu-e-insemnarile-calatoriei-lui-lao-can\/","title":{"rendered":"LIU E. \u00ceNSEMN\u0102RILE C\u0102L\u0102TORIEI LUI LAO CAN"},"content":{"rendered":"<hr \/>\n<p><strong><a href=\"https:\/\/books.google.ro\/books\/about?id=11Y7EAAAQBAJ&#038;redir_esc=y\" target=\"_blank\" rel=\"noopener\"><img decoding=\"async\" src=\"https:\/\/editura-unibuc.ro\/wp-content\/uploads\/2025\/04\/goo.png\" \/>Google Books<\/a><\/strong><br \/>&nbsp;<\/p>\n<hr \/>\n<p>Liu E este considerat cel mai talentat prozator de la sf\u00e2r\u0219itul dinastiei Quing, pentru c\u0103 <em>\u00censemn\u0103rile calatoriei lui Lao Can<\/em> reprezint\u0103 realizarea cea mai \u00eenalt\u0103 a romanescului \u2013 <em>xiaoshuo<\/em> \u00een \u201eLimba vorbit\u0103\u201d \u2013 <em>baihua<\/em>, din acea perioad\u0103.<\/p>\n","protected":false},"excerpt":{"rendered":"<p>Google Books&nbsp; Liu E este considerat cel mai talentat prozator de la sf\u00e2r\u0219itul dinastiei Quing, pentru c\u0103 \u00censemn\u0103rile calatoriei lui Lao Can reprezint\u0103 realizarea cea mai \u00eenalt\u0103 a romanescului \u2013 xiaoshuo \u00een \u201eLimba vorbit\u0103\u201d \u2013 baihua, din acea perioad\u0103.<\/p>\n","protected":false},"featured_media":31507,"comment_status":"open","ping_status":"closed","template":"","meta":[],"product_brand":[],"product_cat":[1464,980],"product_tag":[2895,3784,896],"class_list":{"0":"post-31511","1":"product","2":"type-product","3":"status-publish","4":"has-post-thumbnail","6":"product_cat-filologie","7":"product_cat-limbi-romanice-clasice-si-orientale","8":"product_tag-florentina-visan","9":"product_tag-lqo-can","10":"product_tag-traducere","12":"first","13":"instock","14":"shipping-taxable","15":"purchasable","16":"product-type-simple"},"_links":{"self":[{"href":"https:\/\/editura-unibuc.ro\/en\/wp-json\/wp\/v2\/product\/31511","targetHints":{"allow":["GET"]}}],"collection":[{"href":"https:\/\/editura-unibuc.ro\/en\/wp-json\/wp\/v2\/product"}],"about":[{"href":"https:\/\/editura-unibuc.ro\/en\/wp-json\/wp\/v2\/types\/product"}],"replies":[{"embeddable":true,"href":"https:\/\/editura-unibuc.ro\/en\/wp-json\/wp\/v2\/comments?post=31511"}],"wp:featuredmedia":[{"embeddable":true,"href":"https:\/\/editura-unibuc.ro\/en\/wp-json\/wp\/v2\/media\/31507"}],"wp:attachment":[{"href":"https:\/\/editura-unibuc.ro\/en\/wp-json\/wp\/v2\/media?parent=31511"}],"wp:term":[{"taxonomy":"product_brand","embeddable":true,"href":"https:\/\/editura-unibuc.ro\/en\/wp-json\/wp\/v2\/product_brand?post=31511"},{"taxonomy":"product_cat","embeddable":true,"href":"https:\/\/editura-unibuc.ro\/en\/wp-json\/wp\/v2\/product_cat?post=31511"},{"taxonomy":"product_tag","embeddable":true,"href":"https:\/\/editura-unibuc.ro\/en\/wp-json\/wp\/v2\/product_tag?post=31511"}],"curies":[{"name":"wp","href":"https:\/\/api.w.org\/{rel}","templated":true}]}}