{"id":31512,"date":"2021-07-16T09:22:05","date_gmt":"2021-07-16T06:22:05","guid":{"rendered":"https:\/\/editura-unibuc.ro\/?post_type=product&#038;p=31512"},"modified":"2025-05-09T09:40:03","modified_gmt":"2025-05-09T06:40:03","slug":"jocuri-de-cuvinte-in-mass-media-romaneasca-actuala","status":"publish","type":"product","link":"https:\/\/editura-unibuc.ro\/en\/jocuri-de-cuvinte-in-mass-media-romaneasca-actuala\/","title":{"rendered":"JOCURI DE CUVINTE \u00ceN MASS-MEDIA ROM\u00c2NEASC\u0102 ACTUAL\u0102"},"content":{"rendered":"<p><\/p>\n<hr \/>\n<p><strong><a href=\"https:\/\/books.google.ro\/books\/about?id=cvFNEAAAQBAJ&#038;redir_esc=y\" target=\"_blank\" rel=\"noopener\"><img decoding=\"async\" src=\"https:\/\/editura-unibuc.ro\/wp-content\/uploads\/2025\/04\/goo.png\" \/>Google Books<\/a><\/strong><br \/>&nbsp;<\/p>\n<hr \/>\n<p>\u201eCartea Danielei R\u0103u\u021bu \u2013 prima monografie consacrat\u0103 jocurilor de cuvinte din limba rom\u00e2n\u0103 \u2013 ofer\u0103 cititorului o baz\u0103 teoretic\u0103 solid\u0103 \u0219i analize atente \u0219i subtile ale unui material foarte bogat, extras mai ales din revistele umoristice rom\u00e2ne\u0219ti din ultimele decenii. Autoarea sintetizeaz\u0103 o bibliografie bogat\u0103 \u0219i adus\u0103 la zi, \u00een care se reg\u0103sesc at\u00e2t perspectivele tradi\u021bionale \u2013 lexicale, retorice \u0219i stilistice \u2013 asupra obiectului s\u0103u de studiu, c\u00e2t \u0219i interpret\u0103rile cognitiviste moderne. \u00cen descrierea tipurilor \u015fi a subtipurilor de jocuri de cuvinte, dimensiunea semantico-structural\u0103 se asociaz\u0103 cu perspectiva pragmastilistic\u0103 asupra folosirii ludice a limbajului. <em>Jocurile de cuvinte \u00een mass-media rom\u00e2neasc\u0103 actual\u0103<\/em> este o carte de referin\u021b\u0103, care deschide c\u0103i noi de cercetare \u00een domeniul creativit\u0103\u021bii lingvistice \u0219i al efectelor sale umoristice.\u201d<\/p>\n<p>Prof. univ. dr. Rodica Zafiu<br \/>\n<\/p>","protected":false},"excerpt":{"rendered":"<p>Google Books&nbsp; \u201eCartea Danielei R\u0103u\u021bu \u2013 prima monografie consacrat\u0103 jocurilor de cuvinte din limba rom\u00e2n\u0103 \u2013 ofer\u0103 cititorului o baz\u0103 teoretic\u0103 solid\u0103 \u0219i analize atente \u0219i subtile ale unui material foarte bogat, extras mai ales din revistele umoristice rom\u00e2ne\u0219ti din ultimele decenii. Autoarea sintetizeaz\u0103 o bibliografie bogat\u0103 \u0219i adus\u0103 la zi, \u00een care se reg\u0103sesc [&hellip;]<\/p>\n","protected":false},"featured_media":31508,"comment_status":"open","ping_status":"closed","template":"","meta":[],"product_brand":[],"product_cat":[1531,2756,1464,979],"product_tag":[3786,3787,3785],"class_list":{"0":"post-31512","1":"product","2":"type-product","3":"status-publish","4":"has-post-thumbnail","6":"product_cat-colectii","7":"product_cat-lingvistica-lingua","8":"product_cat-filologie","9":"product_cat-limba-romana","10":"product_tag-jocuri-de-cuvinte","11":"product_tag-mass-media-romaneasca","12":"product_tag-tipologii","14":"first","15":"instock","16":"shipping-taxable","17":"purchasable","18":"product-type-simple"},"_links":{"self":[{"href":"https:\/\/editura-unibuc.ro\/en\/wp-json\/wp\/v2\/product\/31512","targetHints":{"allow":["GET"]}}],"collection":[{"href":"https:\/\/editura-unibuc.ro\/en\/wp-json\/wp\/v2\/product"}],"about":[{"href":"https:\/\/editura-unibuc.ro\/en\/wp-json\/wp\/v2\/types\/product"}],"replies":[{"embeddable":true,"href":"https:\/\/editura-unibuc.ro\/en\/wp-json\/wp\/v2\/comments?post=31512"}],"wp:featuredmedia":[{"embeddable":true,"href":"https:\/\/editura-unibuc.ro\/en\/wp-json\/wp\/v2\/media\/31508"}],"wp:attachment":[{"href":"https:\/\/editura-unibuc.ro\/en\/wp-json\/wp\/v2\/media?parent=31512"}],"wp:term":[{"taxonomy":"product_brand","embeddable":true,"href":"https:\/\/editura-unibuc.ro\/en\/wp-json\/wp\/v2\/product_brand?post=31512"},{"taxonomy":"product_cat","embeddable":true,"href":"https:\/\/editura-unibuc.ro\/en\/wp-json\/wp\/v2\/product_cat?post=31512"},{"taxonomy":"product_tag","embeddable":true,"href":"https:\/\/editura-unibuc.ro\/en\/wp-json\/wp\/v2\/product_tag?post=31512"}],"curies":[{"name":"wp","href":"https:\/\/api.w.org\/{rel}","templated":true}]}}