{"id":31513,"date":"2021-07-16T09:25:54","date_gmt":"2021-07-16T06:25:54","guid":{"rendered":"https:\/\/editura-unibuc.ro\/?post_type=product&#038;p=31513"},"modified":"2025-04-28T14:31:07","modified_gmt":"2025-04-28T11:31:07","slug":"casatoria-si-familia-in-epistolele-sfantului-apostol-pavel","status":"publish","type":"product","link":"https:\/\/editura-unibuc.ro\/en\/casatoria-si-familia-in-epistolele-sfantului-apostol-pavel\/","title":{"rendered":"C\u0102S\u0102TORIA \u0218I FAMILIA \u00ceN EPISTOLELE SF\u00c2NTULUI APOSTOL PAVEL"},"content":{"rendered":"<hr \/>\n<p><strong><a href=\"https:\/\/books.google.ro\/books\/about?id=pyRAEAAAQBAJ&#038;redir_esc=y\" target=\"_blank\" rel=\"noopener\"><img decoding=\"async\" src=\"https:\/\/editura-unibuc.ro\/wp-content\/uploads\/2025\/04\/goo.png\" \/>Google Books<\/a><\/strong><br \/>&nbsp;<\/p>\n<hr \/>\n<p>\u201e\u00cen \u00een\u0163elepciunea Sa, Domnul Dumnezeu a r\u00e2nduit ca \u00een chip firesc omul s\u0103 \u00eenve\u0163e dragostea \u00een familie. Astfel, eliberarea treptat\u0103 de egoism vine ca un firesc \u00een rela\u0163iile familiale. Tinerii sunt gata s\u0103 renun\u0163e la unele din ideile \u015fi nevoile lor imediate pentru a fi pe placul persoanei iubite. Mai t\u00e2rziu, \u00een c\u0103s\u0103torie, renun\u0163area la impunerea \u00een permanen\u0163\u0103 a voin\u0163ei proprii face posibil\u0103 convie\u0163uirea so\u0163ilor. Dac\u0103 exist\u0103 iubire, acest lucru nu este greu, ci vine ca un firesc, bucuria pe care i-o face unul dintre so\u0163i celuilalt prin acceptarea p\u0103rerii aceluia \u00eentr-o chestiune sau alta, este una \u00eemplinitoare \u015fi pentru cel care renun\u0163\u0103 la p\u0103rerea sa. O nou\u0103 etap\u0103 \u00een des\u0103v\u00e2r\u015firea dragostei este apari\u0163ia copiilor. Rod al dragostei dintre so\u0163i, \u015fi absolut dependen\u0163i din punct de vedere fizic de p\u0103rin\u0163i \u00een prima etap\u0103 a vie\u0163ii lor, copiii sunt un motiv de noi renun\u0163\u0103ri la timpul \u015fi nevoile cele mai fire\u015fti ale p\u0103rin\u0163ilor. Atunci c\u00e2nd familia nu se limiteaz\u0103 la na\u015fterea unui singur copil, practica punerii propriilor nevoi pe ultimul loc \u00een ordinea priorit\u0103\u0163ilor devine una zilnic\u0103, \u015fi astfel, desp\u0103timitoare. \u00cen acest fel, familia este o \u015fcoal\u0103 a dragostei jertfelnice, \u00een care cei din familie au \u00eentotdeauna prioritate \u00een fa\u0163a propriilor dorin\u0163e \u015fi nevoi.\u201d <\/p>\n<p>Pr. Marian Vild<\/p>\n","protected":false},"excerpt":{"rendered":"<p>Google Books&nbsp; \u201e\u00cen \u00een\u0163elepciunea Sa, Domnul Dumnezeu a r\u00e2nduit ca \u00een chip firesc omul s\u0103 \u00eenve\u0163e dragostea \u00een familie. Astfel, eliberarea treptat\u0103 de egoism vine ca un firesc \u00een rela\u0163iile familiale. Tinerii sunt gata s\u0103 renun\u0163e la unele din ideile \u015fi nevoile lor imediate pentru a fi pe placul persoanei iubite. Mai t\u00e2rziu, \u00een c\u0103s\u0103torie, [&hellip;]<\/p>\n","protected":false},"featured_media":31509,"comment_status":"open","ping_status":"closed","template":"","meta":[],"product_brand":[],"product_cat":[1531,2597,991,999],"product_tag":[3789,3788,1158],"class_list":{"0":"post-31513","1":"product","2":"type-product","3":"status-publish","4":"has-post-thumbnail","6":"product_cat-colectii","7":"product_cat-studia-theologica","8":"product_cat-stiinte-sociale","9":"product_cat-teologie","10":"product_tag-epistolele-pauline","11":"product_tag-precrestinism","12":"product_tag-vechiul-testament","14":"first","15":"outofstock","16":"shipping-taxable","17":"purchasable","18":"product-type-simple"},"_links":{"self":[{"href":"https:\/\/editura-unibuc.ro\/en\/wp-json\/wp\/v2\/product\/31513","targetHints":{"allow":["GET"]}}],"collection":[{"href":"https:\/\/editura-unibuc.ro\/en\/wp-json\/wp\/v2\/product"}],"about":[{"href":"https:\/\/editura-unibuc.ro\/en\/wp-json\/wp\/v2\/types\/product"}],"replies":[{"embeddable":true,"href":"https:\/\/editura-unibuc.ro\/en\/wp-json\/wp\/v2\/comments?post=31513"}],"wp:featuredmedia":[{"embeddable":true,"href":"https:\/\/editura-unibuc.ro\/en\/wp-json\/wp\/v2\/media\/31509"}],"wp:attachment":[{"href":"https:\/\/editura-unibuc.ro\/en\/wp-json\/wp\/v2\/media?parent=31513"}],"wp:term":[{"taxonomy":"product_brand","embeddable":true,"href":"https:\/\/editura-unibuc.ro\/en\/wp-json\/wp\/v2\/product_brand?post=31513"},{"taxonomy":"product_cat","embeddable":true,"href":"https:\/\/editura-unibuc.ro\/en\/wp-json\/wp\/v2\/product_cat?post=31513"},{"taxonomy":"product_tag","embeddable":true,"href":"https:\/\/editura-unibuc.ro\/en\/wp-json\/wp\/v2\/product_tag?post=31513"}],"curies":[{"name":"wp","href":"https:\/\/api.w.org\/{rel}","templated":true}]}}