{"id":3154,"date":"2012-10-18T10:41:41","date_gmt":"2012-10-18T07:41:41","guid":{"rendered":"https:\/\/editura-unibuc.ro\/?p=3154"},"modified":"2015-10-13T12:34:59","modified_gmt":"2015-10-13T09:34:59","slug":"din-istoria-politica-a-principatelor-romane-de-la-fanarioti-la-domniile-nationale-1774-1829","status":"publish","type":"product","link":"https:\/\/editura-unibuc.ro\/en\/din-istoria-politica-a-principatelor-romane-de-la-fanarioti-la-domniile-nationale-1774-1829\/","title":{"rendered":"ASPECTS CONCERNING THE POLITICAL HISTORY OF THE ROMANIAN PRINCIPALITIES. FROM PHANARIOTS TO NATIONAL REIGNS (1774-1829)"},"content":{"rendered":"<p>Lucrarea de fa\u021b\u0103, destinat\u0103 cu prec\u0103dere studen\u021bilor \u2013 dar nu numai lor \u2013 abordeaz\u0103 problematica evolu\u021biei politice \u0219i sociale a Principatelor Rom\u00e2ne \u00eentr-o prim\u0103 etap\u0103 a istoriei moderne, de la tratatul din 1774 semnat la Kuciuk-Kainargi, p\u00e2n\u0103 la tratatul de la Adrianopol din 1829. \u00cen acest interval de timp, de\u00a0 la un tratat de pace la altul, \u00eentre cele dou\u0103 date, constat\u0103m importante schimb\u0103ri\u00a0 at\u00e2t \u00een planul statutului politic interna\u021bional al \u021a\u0103rii Rom\u00e2ne\u0219ti \u0219i Moldovei, c\u00e2t\u00a0 \u0219i \u00een planul organiz\u0103rii institu\u021bionale a celor dou\u0103 principate. Tranzi\u021bia de la regimul domniilor fanariote la regimul domniilor p\u0103m\u00e2ntene a fost marcat\u0103 de\u00a0 mi\u0219carea de rede\u0219teptare na\u021bional\u0103 din anii 1821-1822, patronat\u0103 \u00eentr-o prim\u0103\u00a0 etap\u0103 de revolu\u021bia condus\u0103 de Tudor Vladimirescu, \u00eentr-o a doua etap\u0103, de\u00a0 ac\u021biunea boierimii reformatoare. \u00cen urma acestor evenimente, institu\u021bia domniei\u00a0 p\u0103m\u00e2ntene (na\u021bionale) este pe deplin restabilit\u0103 \u0219i consacrat\u0103 definitiv \u00een textul\u00a0 tratatului de la Adrianopol, \u00eempreun\u0103 cu alte deziderate ale mi\u0219c\u0103rii de\u00a0 rede\u0219teptare na\u021bional\u0103. Abord\u00e2nd istoria politic\u0103 \u0219i social\u0103 a Principatelor\u00a0 Rom\u00e2ne pe calea tranzi\u021biei de la vechiul regim\u00a0 \u2013 al domniilor fanariote\u00a0 \u2013 la\u00a0 regimul domniilor p\u0103m\u00e2ntene, volumul de fa\u021b\u0103 vine s\u0103 completeze o lucrare\u00a0 anterioar\u0103 a autorului, \u00eenchinat\u0103 istoriei culturii \u0219i circula\u021biei ideilor \u00een\u00a0 Principate \u00een aceea\u0219i perioad\u0103\u00a0 \u2013 lucrare elaborat\u0103 dup\u0103 toate regulile\u00a0 metodologiei \u0219tiin\u021bifice, destinat\u0103 \u0219i ea, de asemenea, nu numai studen\u021bilor, ci \u0219i\u00a0 speciali\u0219tilor (Principatele Rom\u00e2ne \u00een Epoca Luminilor. 1770-1830. Cultura,\u00a0 spiritul critic, geneza ideii na\u021bionale, Editura Universit\u0103\u021bii din Bucure\u0219ti, 1999;\u00a0 edi\u021bia a II-a, 2005).<\/p>\n","protected":false},"excerpt":{"rendered":"<p>Lucrarea de fa\u021b\u0103, destinat\u0103 cu prec\u0103dere studen\u021bilor \u2013 dar nu numai lor \u2013 abordeaz\u0103 problematica evolu\u021biei politice \u0219i sociale a Principatelor Rom\u00e2ne \u00eentr-o prim\u0103 etap\u0103 a istoriei moderne, de la tratatul din 1774 semnat la Kuciuk-Kainargi, p\u00e2n\u0103 la tratatul de la Adrianopol din 1829. \u00cen acest interval de timp, de\u00a0 la un tratat de pace [&hellip;]<\/p>\n","protected":false},"featured_media":0,"comment_status":"open","ping_status":"closed","template":"","meta":[],"product_brand":[],"product_cat":[991,995],"product_tag":[881,1322],"class_list":{"0":"post-3154","1":"product","2":"type-product","3":"status-publish","5":"product_cat-stiinte-sociale","6":"product_cat-istorie-stiinte-politice","7":"product_tag-istorie","8":"product_tag-istorie-moderna","10":"first","11":"outofstock","12":"shipping-taxable","13":"purchasable","14":"product-type-simple"},"_links":{"self":[{"href":"https:\/\/editura-unibuc.ro\/en\/wp-json\/wp\/v2\/product\/3154","targetHints":{"allow":["GET"]}}],"collection":[{"href":"https:\/\/editura-unibuc.ro\/en\/wp-json\/wp\/v2\/product"}],"about":[{"href":"https:\/\/editura-unibuc.ro\/en\/wp-json\/wp\/v2\/types\/product"}],"replies":[{"embeddable":true,"href":"https:\/\/editura-unibuc.ro\/en\/wp-json\/wp\/v2\/comments?post=3154"}],"wp:attachment":[{"href":"https:\/\/editura-unibuc.ro\/en\/wp-json\/wp\/v2\/media?parent=3154"}],"wp:term":[{"taxonomy":"product_brand","embeddable":true,"href":"https:\/\/editura-unibuc.ro\/en\/wp-json\/wp\/v2\/product_brand?post=3154"},{"taxonomy":"product_cat","embeddable":true,"href":"https:\/\/editura-unibuc.ro\/en\/wp-json\/wp\/v2\/product_cat?post=3154"},{"taxonomy":"product_tag","embeddable":true,"href":"https:\/\/editura-unibuc.ro\/en\/wp-json\/wp\/v2\/product_tag?post=3154"}],"curies":[{"name":"wp","href":"https:\/\/api.w.org\/{rel}","templated":true}]}}