{"id":3156,"date":"2012-10-18T10:45:49","date_gmt":"2012-10-18T07:45:49","guid":{"rendered":"https:\/\/editura-unibuc.ro\/?p=3156"},"modified":"2023-05-19T09:25:04","modified_gmt":"2023-05-19T06:25:04","slug":"constructie-si-modelare-in-portretul-bizantin","status":"publish","type":"product","link":"https:\/\/editura-unibuc.ro\/en\/constructie-si-modelare-in-portretul-bizantin\/","title":{"rendered":"CONSTRUCTION AND MOULDING IN THE BYZANTINE PORTRAIT"},"content":{"rendered":"<p>Scopul lucr\u0103rii de fa\u021b\u0103\u00a0 este s\u0103\u00a0 prezinte anumite mecanisme ce nu pot fi\u00a0 ocolite \u00een demersul deprinderii desenului, etap\u0103\u00a0 obligatorie \u00een facerea sau\u00a0 decodificarea imaginilor picturale. Modul de prezentare este cel folosit \u00een cadrul\u00a0 cursurilor de atelier, al rela\u021biei directe cu studen\u021bii care sunt la \u00eenceput de drum.\u00a0 Cum caligrafia este disciplina care te conduce pas cu pas la a \u00eenv\u0103\u021ba forme abstracte, scheme, grafierea\u00a0 \u0219i apoi \u00eenc\u0103rcarea lor cu sensuri imagistice \u00een\u00a0 propozi\u021bii \u0219i fraze, la fel \u0219i desenul are acela\u0219i demers.<\/p>\n","protected":false},"excerpt":{"rendered":"<p>Scopul lucr\u0103rii de fa\u021b\u0103\u00a0 este s\u0103\u00a0 prezinte anumite mecanisme ce nu pot fi\u00a0 ocolite \u00een demersul deprinderii desenului, etap\u0103\u00a0 obligatorie \u00een facerea sau\u00a0 decodificarea imaginilor picturale. Modul de prezentare este cel folosit \u00een cadrul\u00a0 cursurilor de atelier, al rela\u021biei directe cu studen\u021bii care sunt la \u00eenceput de drum.\u00a0 Cum caligrafia este disciplina care te conduce [&hellip;]<\/p>\n","protected":false},"featured_media":0,"comment_status":"open","ping_status":"closed","template":"","meta":[],"product_brand":[],"product_cat":[991,995],"product_tag":[959,881],"class_list":{"0":"post-3156","1":"product","2":"type-product","3":"status-publish","5":"product_cat-stiinte-sociale","6":"product_cat-istorie-stiinte-politice","7":"product_tag-arta","8":"product_tag-istorie","10":"first","11":"outofstock","12":"shipping-taxable","13":"purchasable","14":"product-type-simple"},"_links":{"self":[{"href":"https:\/\/editura-unibuc.ro\/en\/wp-json\/wp\/v2\/product\/3156","targetHints":{"allow":["GET"]}}],"collection":[{"href":"https:\/\/editura-unibuc.ro\/en\/wp-json\/wp\/v2\/product"}],"about":[{"href":"https:\/\/editura-unibuc.ro\/en\/wp-json\/wp\/v2\/types\/product"}],"replies":[{"embeddable":true,"href":"https:\/\/editura-unibuc.ro\/en\/wp-json\/wp\/v2\/comments?post=3156"}],"wp:attachment":[{"href":"https:\/\/editura-unibuc.ro\/en\/wp-json\/wp\/v2\/media?parent=3156"}],"wp:term":[{"taxonomy":"product_brand","embeddable":true,"href":"https:\/\/editura-unibuc.ro\/en\/wp-json\/wp\/v2\/product_brand?post=3156"},{"taxonomy":"product_cat","embeddable":true,"href":"https:\/\/editura-unibuc.ro\/en\/wp-json\/wp\/v2\/product_cat?post=3156"},{"taxonomy":"product_tag","embeddable":true,"href":"https:\/\/editura-unibuc.ro\/en\/wp-json\/wp\/v2\/product_tag?post=3156"}],"curies":[{"name":"wp","href":"https:\/\/api.w.org\/{rel}","templated":true}]}}