{"id":3161,"date":"2012-10-18T11:03:58","date_gmt":"2012-10-18T08:03:58","guid":{"rendered":"https:\/\/editura-unibuc.ro\/?p=3161"},"modified":"2024-09-06T11:49:06","modified_gmt":"2024-09-06T08:49:06","slug":"istoria-universitatii-din-bucuresti-documente-1864-1972","status":"publish","type":"product","link":"https:\/\/editura-unibuc.ro\/en\/istoria-universitatii-din-bucuresti-documente-1864-1972\/","title":{"rendered":"HISTORY OF THE BUCHAREST UNIVERSITY. DOCUMENTS (1864-1972)"},"content":{"rendered":"<p>Documentele, multe inedite, au fost cercetate \u0219i selec\u021bionate \u00een scopul contur\u0103rii celor mai semnificative momente din istoria Universit\u0103\u021bii bucure\u0219tene. Actuala edi\u021bie de documente vine s\u0103 completeze \u0219i, \u00een acela\u0219i timp, s\u0103 aprofundeze informa\u021bia din lucrarea O istorie a Universit\u0103\u021bii din Bucure\u0219ti, 1864-2004, realizat\u0103 \u00eempreun\u0103 cu profesorul Ovidiu Bozgan \u00een anul 2004, cu ocazia s\u0103rb\u0103toririi a 140 de ani de la constituirea Universit\u0103\u021bii din Bucure\u0219ti.<\/p>","protected":false},"excerpt":{"rendered":"<p>Documentele, multe inedite, au fost cercetate \u0219i selec\u021bionate \u00een scopul contur\u0103rii celor mai semnificative momente din istoria Universit\u0103\u021bii bucure\u0219tene. Actuala edi\u021bie de documente vine s\u0103 completeze \u0219i, \u00een acela\u0219i timp, s\u0103 aprofundeze informa\u021bia din lucrarea O istorie a Universit\u0103\u021bii din Bucure\u0219ti, 1864-2004, realizat\u0103 \u00eempreun\u0103 cu profesorul Ovidiu Bozgan \u00een anul 2004, cu ocazia s\u0103rb\u0103toririi a [&hellip;]<\/p>\n","protected":false},"featured_media":10216,"comment_status":"open","ping_status":"closed","template":"","meta":[],"product_brand":[],"product_cat":[991,995],"product_tag":[881,928],"class_list":{"0":"post-3161","1":"product","2":"type-product","3":"status-publish","4":"has-post-thumbnail","6":"product_cat-stiinte-sociale","7":"product_cat-istorie-stiinte-politice","8":"product_tag-istorie","9":"product_tag-universitate","11":"first","12":"outofstock","13":"shipping-taxable","14":"purchasable","15":"product-type-simple"},"_links":{"self":[{"href":"https:\/\/editura-unibuc.ro\/en\/wp-json\/wp\/v2\/product\/3161","targetHints":{"allow":["GET"]}}],"collection":[{"href":"https:\/\/editura-unibuc.ro\/en\/wp-json\/wp\/v2\/product"}],"about":[{"href":"https:\/\/editura-unibuc.ro\/en\/wp-json\/wp\/v2\/types\/product"}],"replies":[{"embeddable":true,"href":"https:\/\/editura-unibuc.ro\/en\/wp-json\/wp\/v2\/comments?post=3161"}],"wp:featuredmedia":[{"embeddable":true,"href":"https:\/\/editura-unibuc.ro\/en\/wp-json\/wp\/v2\/media\/10216"}],"wp:attachment":[{"href":"https:\/\/editura-unibuc.ro\/en\/wp-json\/wp\/v2\/media?parent=3161"}],"wp:term":[{"taxonomy":"product_brand","embeddable":true,"href":"https:\/\/editura-unibuc.ro\/en\/wp-json\/wp\/v2\/product_brand?post=3161"},{"taxonomy":"product_cat","embeddable":true,"href":"https:\/\/editura-unibuc.ro\/en\/wp-json\/wp\/v2\/product_cat?post=3161"},{"taxonomy":"product_tag","embeddable":true,"href":"https:\/\/editura-unibuc.ro\/en\/wp-json\/wp\/v2\/product_tag?post=3161"}],"curies":[{"name":"wp","href":"https:\/\/api.w.org\/{rel}","templated":true}]}}