{"id":31610,"date":"2021-09-20T16:53:09","date_gmt":"2021-09-20T13:53:09","guid":{"rendered":"https:\/\/editura-unibuc.ro\/?post_type=product&#038;p=31610"},"modified":"2025-08-07T14:04:17","modified_gmt":"2025-08-07T11:04:17","slug":"bukarester-beitrage-zur-germanistik-nr-2-2021","status":"publish","type":"product","link":"https:\/\/editura-unibuc.ro\/en\/bukarester-beitrage-zur-germanistik-nr-2-2021\/","title":{"rendered":"BUKARESTER BEITR\u00c4GE ZUR GERMANISTIK nr. 2\/2021"},"content":{"rendered":"<p>Editat de Departamentul de Limbi \u0219i Literaturi Germanice al Facult\u0103\u021bii de Limbi \u0219i Literaturi Str\u0103ine \u2013 Universitatea din Bucure\u0219ti Herausgegeben vom Department f\u00fcr Germanische Sprachen und Literaturen der Universit\u00e4t Bukarest.<\/p>\n<p>VORWORT<br \/>\nALEXANDRA NICOLAESCU: Das Panorama der Weimarer Republik im Roman <em>Drei Kameraden<\/em> von Erich Maria Remarque<br \/>\nL\u00daCIA BENTES: Der Gro\u00dfstadtroman der Weimarer Republik: Die Bedeutung der sinnlichen Wahrnehmung in Hans Falladas Roman <em>Wolf unter W\u00f6lfen<\/em> (1937)<br \/>\nFABIAN WILHELMI: Literarischer Antisemitismus in Fritz Namenhauers <em>Untergang<\/em><br \/>\nBERND BRAUN: Joseph Roth als Chronist der Weimarer Republik<br \/>\nMARIO HUBER: Das Material ordnen und ohne Ambitionen aufzeichnen. Hermann Ungars <em>Die Ermordung des Hauptmanns Hanika. Trag\u00f6die einer Ehe<\/em> (1925)<br \/>\nROBERT HERMANN: \u201eDie Welt ist nicht Ihr Zirkus.\u201c Bertolt Brechts <em>Baal<\/em> (1922) als Abgesang auf den \u00c4sthetizismus<br \/>\nANNA SATOR: M\u00e4nnlichkeitskonstruktionen in Ernst Tollers <em>Dramen Der deutsche Hinkemann<\/em> (1923) und <em>Der entfesselte Wotan<\/em> (1923)<br \/>\nMARKUS FISCHER: \u201eKult der Zerstreuung\u201c. Kulturkritik im Essay der Weimarer Republik<br \/>\nRALUCA R\u0102DULESCU: Tier- und Naturwelt als Projektionen eines idealisierten Selbst bei Franz Marc und Gottfried Benn<br \/>\nKLAUS SCHENK: Literarische und mediale Aspekte im H\u00f6rspiel der Weimarer Republik<br \/>\nCHRISTEL BALTES-L\u00d6HR: Da war ganz sch\u00f6n was los! Geschlechterverh\u00e4ltnisse in der Weimarer Republik, dargestellt und analysiert anhand der Figur des Kontinuums<\/p>\n","protected":false},"excerpt":{"rendered":"<p>Editat de Departamentul de Limbi \u0219i Literaturi Germanice al Facult\u0103\u021bii de Limbi \u0219i Literaturi Str\u0103ine \u2013 Universitatea din Bucure\u0219ti Herausgegeben vom Department f\u00fcr Germanische Sprachen und Literaturen der Universit\u00e4t Bukarest. VORWORT ALEXANDRA NICOLAESCU: Das Panorama der Weimarer Republik im Roman Drei Kameraden von Erich Maria Remarque L\u00daCIA BENTES: Der Gro\u00dfstadtroman der Weimarer Republik: Die Bedeutung [&hellip;]<\/p>\n","protected":false},"featured_media":31612,"comment_status":"open","ping_status":"closed","template":"","meta":[],"product_brand":[],"product_cat":[1891,1464,978],"product_tag":[],"class_list":{"0":"post-31610","1":"product","2":"type-product","3":"status-publish","4":"has-post-thumbnail","6":"product_cat-download","7":"product_cat-filologie","8":"product_cat-germanic-languages","10":"first","11":"outofstock","12":"downloadable","13":"virtual","14":"product-type-simple"},"_links":{"self":[{"href":"https:\/\/editura-unibuc.ro\/en\/wp-json\/wp\/v2\/product\/31610","targetHints":{"allow":["GET"]}}],"collection":[{"href":"https:\/\/editura-unibuc.ro\/en\/wp-json\/wp\/v2\/product"}],"about":[{"href":"https:\/\/editura-unibuc.ro\/en\/wp-json\/wp\/v2\/types\/product"}],"replies":[{"embeddable":true,"href":"https:\/\/editura-unibuc.ro\/en\/wp-json\/wp\/v2\/comments?post=31610"}],"wp:featuredmedia":[{"embeddable":true,"href":"https:\/\/editura-unibuc.ro\/en\/wp-json\/wp\/v2\/media\/31612"}],"wp:attachment":[{"href":"https:\/\/editura-unibuc.ro\/en\/wp-json\/wp\/v2\/media?parent=31610"}],"wp:term":[{"taxonomy":"product_brand","embeddable":true,"href":"https:\/\/editura-unibuc.ro\/en\/wp-json\/wp\/v2\/product_brand?post=31610"},{"taxonomy":"product_cat","embeddable":true,"href":"https:\/\/editura-unibuc.ro\/en\/wp-json\/wp\/v2\/product_cat?post=31610"},{"taxonomy":"product_tag","embeddable":true,"href":"https:\/\/editura-unibuc.ro\/en\/wp-json\/wp\/v2\/product_tag?post=31610"}],"curies":[{"name":"wp","href":"https:\/\/api.w.org\/{rel}","templated":true}]}}