{"id":3165,"date":"2012-10-18T11:11:50","date_gmt":"2012-10-18T08:11:50","guid":{"rendered":"https:\/\/editura-unibuc.ro\/?p=3165"},"modified":"2025-08-06T14:24:21","modified_gmt":"2025-08-06T11:24:21","slug":"les-actes-du-colloque-international-systemes-images-langages-bucarest-14-et-15-juin-2006","status":"publish","type":"product","link":"https:\/\/editura-unibuc.ro\/en\/les-actes-du-colloque-international-systemes-images-langages-bucarest-14-et-15-juin-2006\/","title":{"rendered":"PROCEEDINGS OF THE INTERNATIONAL SYMPOSIUM \u00abSYSTEMS, IMAGES, LANGUAGES\u00bb, BUCHAREST \u2013 JUNE, 14-15, 2006"},"content":{"rendered":"<p>\u201cTout en signalant notre gratitude envers les efforts et le professionnalisme mis en jeu par la Maison d\u2019\u00c9dition de l\u2019Universit\u00e9 de Bucarest [Editura Universit\u0103\u021bii din Bucure\u0219ti], nous aimerions finir ces lignes par l\u2019expression de notre confiance que les articles qui suivent ne seront que le d\u00e9but d\u2019une longue et profitable collaboration. Collaboration autant, poir ainsi dire, du c\u00f4t\u00e9 du sujet, entre chercheurs et institutions, que du c\u00f4t\u00e9 de l\u2019objet, c\u2019est-\u00e0-dire entre id\u00e9e et image, langage et id\u00e9e. Ce qui, en fin de compte, veut bien dire \u00abphilosophie\u00bb\u201d. (Les \u00e9diteurs)<\/p>","protected":false},"excerpt":{"rendered":"<p>\u201cTout en signalant notre gratitude envers les efforts et le professionnalisme mis en jeu par la Maison d\u2019\u00c9dition de l\u2019Universit\u00e9 de Bucarest [Editura Universit\u0103\u021bii din Bucure\u0219ti], nous aimerions finir ces lignes par l\u2019expression de notre confiance que les articles qui suivent ne seront que le d\u00e9but d\u2019une longue et profitable collaboration. Collaboration autant, poir ainsi [&hellip;]<\/p>\n","protected":false},"featured_media":10213,"comment_status":"open","ping_status":"closed","template":"","meta":[],"product_brand":[],"product_cat":[991,994],"product_tag":[921],"class_list":{"0":"post-3165","1":"product","2":"type-product","3":"status-publish","4":"has-post-thumbnail","6":"product_cat-stiinte-sociale","7":"product_cat-filosofie","8":"product_tag-filosofie","10":"first","11":"outofstock","12":"shipping-taxable","13":"purchasable","14":"product-type-simple"},"_links":{"self":[{"href":"https:\/\/editura-unibuc.ro\/en\/wp-json\/wp\/v2\/product\/3165","targetHints":{"allow":["GET"]}}],"collection":[{"href":"https:\/\/editura-unibuc.ro\/en\/wp-json\/wp\/v2\/product"}],"about":[{"href":"https:\/\/editura-unibuc.ro\/en\/wp-json\/wp\/v2\/types\/product"}],"replies":[{"embeddable":true,"href":"https:\/\/editura-unibuc.ro\/en\/wp-json\/wp\/v2\/comments?post=3165"}],"wp:featuredmedia":[{"embeddable":true,"href":"https:\/\/editura-unibuc.ro\/en\/wp-json\/wp\/v2\/media\/10213"}],"wp:attachment":[{"href":"https:\/\/editura-unibuc.ro\/en\/wp-json\/wp\/v2\/media?parent=3165"}],"wp:term":[{"taxonomy":"product_brand","embeddable":true,"href":"https:\/\/editura-unibuc.ro\/en\/wp-json\/wp\/v2\/product_brand?post=3165"},{"taxonomy":"product_cat","embeddable":true,"href":"https:\/\/editura-unibuc.ro\/en\/wp-json\/wp\/v2\/product_cat?post=3165"},{"taxonomy":"product_tag","embeddable":true,"href":"https:\/\/editura-unibuc.ro\/en\/wp-json\/wp\/v2\/product_tag?post=3165"}],"curies":[{"name":"wp","href":"https:\/\/api.w.org\/{rel}","templated":true}]}}