{"id":3169,"date":"2012-10-18T11:21:58","date_gmt":"2012-10-18T08:21:58","guid":{"rendered":"https:\/\/editura-unibuc.ro\/?p=3169"},"modified":"2024-01-09T10:06:02","modified_gmt":"2024-01-09T08:06:02","slug":"actualitate-si-scriitura-adversitati-declarative-si-complicitati-radicale-in-filosofia-contemporana","status":"publish","type":"product","link":"https:\/\/editura-unibuc.ro\/en\/actualitate-si-scriitura-adversitati-declarative-si-complicitati-radicale-in-filosofia-contemporana\/","title":{"rendered":"ACTUALITY AND WRITING. DECLARATIVE ADVERSITIES AND RADICAL COMPLICITIES IN CONTEMPORARY PHILOSOPHY"},"content":{"rendered":"<p>\u201cAceast\u0103 carte este precipitatul c\u00e2torva ani de lucru. De prin 2000 am predat, \u00eens\u0103 poate c\u0103 ar trebui spus: am \u00eenv\u0103\u021bat \u2013 \u00eempreun\u0103 cu studen\u021bii \u2013 cursul de Filosofie continental\u0103 la Facultatea de Filosofie a Universit\u0103\u021bi din Bucure\u0219ti. Paginile care urmeaz\u0103 reprezint\u0103 ceea ce a r\u0103mas din dup\u0103-amiezele astfel petrecute. Am p\u0103strat nu at\u00e2t ceea ce era sigur, ferm, lini\u0219titor. \u00cen multe locuri, m-am l\u0103sat ajutat de amintirea unor nedumeriri, controverse, indign\u0103ri prilejuite ascult\u0103torilor. Nu am c\u0103utat nicicum s\u0103 le demontez: dimpotriv\u0103, am pus \u00een mi\u0219care ce am putut spre a oferi condi\u021biile optime agrav\u0103rii lor. Miza era aceea de a evita aglomerarea \u00abcertitudinilor\u00bb anestezice \u0219i de a da spa\u021biu altor \u00abciorne\u00bb care, finalmente, se vor fi str\u00e2ng\u00e2nd laolalt\u0103 pentru a \u00eenf\u0103\u021bi\u0219a ceva\u201d. (Autorul)<\/p>","protected":false},"excerpt":{"rendered":"<p>\u201cAceast\u0103 carte este precipitatul c\u00e2torva ani de lucru. De prin 2000 am predat, \u00eens\u0103 poate c\u0103 ar trebui spus: am \u00eenv\u0103\u021bat \u2013 \u00eempreun\u0103 cu studen\u021bii \u2013 cursul de Filosofie continental\u0103 la Facultatea de Filosofie a Universit\u0103\u021bi din Bucure\u0219ti. Paginile care urmeaz\u0103 reprezint\u0103 ceea ce a r\u0103mas din dup\u0103-amiezele astfel petrecute. Am p\u0103strat nu at\u00e2t ceea [&hellip;]<\/p>\n","protected":false},"featured_media":10211,"comment_status":"open","ping_status":"closed","template":"","meta":[],"product_brand":[],"product_cat":[991,994],"product_tag":[921],"class_list":{"0":"post-3169","1":"product","2":"type-product","3":"status-publish","4":"has-post-thumbnail","6":"product_cat-stiinte-sociale","7":"product_cat-filosofie","8":"product_tag-filosofie","10":"first","11":"outofstock","12":"shipping-taxable","13":"purchasable","14":"product-type-simple"},"_links":{"self":[{"href":"https:\/\/editura-unibuc.ro\/en\/wp-json\/wp\/v2\/product\/3169","targetHints":{"allow":["GET"]}}],"collection":[{"href":"https:\/\/editura-unibuc.ro\/en\/wp-json\/wp\/v2\/product"}],"about":[{"href":"https:\/\/editura-unibuc.ro\/en\/wp-json\/wp\/v2\/types\/product"}],"replies":[{"embeddable":true,"href":"https:\/\/editura-unibuc.ro\/en\/wp-json\/wp\/v2\/comments?post=3169"}],"wp:featuredmedia":[{"embeddable":true,"href":"https:\/\/editura-unibuc.ro\/en\/wp-json\/wp\/v2\/media\/10211"}],"wp:attachment":[{"href":"https:\/\/editura-unibuc.ro\/en\/wp-json\/wp\/v2\/media?parent=3169"}],"wp:term":[{"taxonomy":"product_brand","embeddable":true,"href":"https:\/\/editura-unibuc.ro\/en\/wp-json\/wp\/v2\/product_brand?post=3169"},{"taxonomy":"product_cat","embeddable":true,"href":"https:\/\/editura-unibuc.ro\/en\/wp-json\/wp\/v2\/product_cat?post=3169"},{"taxonomy":"product_tag","embeddable":true,"href":"https:\/\/editura-unibuc.ro\/en\/wp-json\/wp\/v2\/product_tag?post=3169"}],"curies":[{"name":"wp","href":"https:\/\/api.w.org\/{rel}","templated":true}]}}