{"id":3173,"date":"2012-10-18T11:28:51","date_gmt":"2012-10-18T08:28:51","guid":{"rendered":"https:\/\/editura-unibuc.ro\/?p=3173"},"modified":"2025-08-06T14:25:59","modified_gmt":"2025-08-06T11:25:59","slug":"lexiconul-faraonilor","status":"publish","type":"product","link":"https:\/\/editura-unibuc.ro\/en\/lexiconul-faraonilor\/","title":{"rendered":"PHARAOHS\u2019 LEXICON"},"content":{"rendered":"<p>Cu toat\u0103 abunden\u021ba de documente descoperite \u00een Egiptul de ast\u0103zi, stabilirea unei cronologii c\u00e2t de c\u00e2t sigure este dificil\u0103. Dispunem de o cronologie relativ\u0103, prin care \u00een\u021belegem succesiunea \u0219i durata de domnie a fiec\u0103rui suveran \u00een parte, \u0219i de una absolut\u0103, prin intermediul c\u0103ruia se caut\u0103 posibilitatea \u00eencadr\u0103rii lor conform principiului nostru cronologic. Cum datele ob\u021binute de analizele C14 se pot folosi mai cu seam\u0103 pentru preistorie \u2013 diferen\u021bele existente \u00eentre datele oferite de metoda radiocarbon \u0219i datele istorice s-ar datora schimb\u0103rii c\u00e2mpului geomagnetic al P\u0103m\u00e2ntului \u2013 bazele pentru elaborarea unor sisteme cronologice r\u0103m\u00e2n, totu\u0219i, relat\u0103rile oferite de documentele autohtone.<\/p>","protected":false},"excerpt":{"rendered":"<p>Cu toat\u0103 abunden\u021ba de documente descoperite \u00een Egiptul de ast\u0103zi, stabilirea unei cronologii c\u00e2t de c\u00e2t sigure este dificil\u0103. Dispunem de o cronologie relativ\u0103, prin care \u00een\u021belegem succesiunea \u0219i durata de domnie a fiec\u0103rui suveran \u00een parte, \u0219i de una absolut\u0103, prin intermediul c\u0103ruia se caut\u0103 posibilitatea \u00eencadr\u0103rii lor conform principiului nostru cronologic. Cum datele [&hellip;]<\/p>\n","protected":false},"featured_media":10209,"comment_status":"open","ping_status":"closed","template":"","meta":[],"product_brand":[],"product_cat":[991,995],"product_tag":[1321,881],"class_list":{"0":"post-3173","1":"product","2":"type-product","3":"status-publish","4":"has-post-thumbnail","6":"product_cat-stiinte-sociale","7":"product_cat-istorie-stiinte-politice","8":"product_tag-egiptul-antic","9":"product_tag-istorie","11":"first","12":"instock","13":"shipping-taxable","14":"purchasable","15":"product-type-simple"},"_links":{"self":[{"href":"https:\/\/editura-unibuc.ro\/en\/wp-json\/wp\/v2\/product\/3173","targetHints":{"allow":["GET"]}}],"collection":[{"href":"https:\/\/editura-unibuc.ro\/en\/wp-json\/wp\/v2\/product"}],"about":[{"href":"https:\/\/editura-unibuc.ro\/en\/wp-json\/wp\/v2\/types\/product"}],"replies":[{"embeddable":true,"href":"https:\/\/editura-unibuc.ro\/en\/wp-json\/wp\/v2\/comments?post=3173"}],"wp:featuredmedia":[{"embeddable":true,"href":"https:\/\/editura-unibuc.ro\/en\/wp-json\/wp\/v2\/media\/10209"}],"wp:attachment":[{"href":"https:\/\/editura-unibuc.ro\/en\/wp-json\/wp\/v2\/media?parent=3173"}],"wp:term":[{"taxonomy":"product_brand","embeddable":true,"href":"https:\/\/editura-unibuc.ro\/en\/wp-json\/wp\/v2\/product_brand?post=3173"},{"taxonomy":"product_cat","embeddable":true,"href":"https:\/\/editura-unibuc.ro\/en\/wp-json\/wp\/v2\/product_cat?post=3173"},{"taxonomy":"product_tag","embeddable":true,"href":"https:\/\/editura-unibuc.ro\/en\/wp-json\/wp\/v2\/product_tag?post=3173"}],"curies":[{"name":"wp","href":"https:\/\/api.w.org\/{rel}","templated":true}]}}