{"id":3177,"date":"2012-10-18T11:36:46","date_gmt":"2012-10-18T08:36:46","guid":{"rendered":"https:\/\/editura-unibuc.ro\/?p=3177"},"modified":"2016-10-20T13:25:30","modified_gmt":"2016-10-20T10:25:30","slug":"stiintele-auxiliare-ale-istoriei","status":"publish","type":"product","link":"https:\/\/editura-unibuc.ro\/en\/stiintele-auxiliare-ale-istoriei\/","title":{"rendered":"HISTORICAL AUXILIARY SCIENCES"},"content":{"rendered":"<p>Din prima categorie, a Auxiliarelor majore, sunt prezentate: Filologia, Geografia, Demografia, Geologia, Etnografia \u0219i altele. \u0218tiin\u021bele auxiliare minore, care stau la baza activit\u0103\u021bii institu\u021biilor specializate \u00een conservarea \u0219i folosirea surselor istorice \u2013 Biblioteca, Muzeul \u0219i Arhiva \u2013, au fost \u00eenf\u0103\u021bi\u0219ate grupat \u00een func\u021bie de cele trei \u0219tiin\u021be care guverneaz\u0103 activit\u0103\u021bile specifice acestor de\u021bin\u0103tori de surse istorice, respectiv: Biblioteconomia, Muzeologia, Arhivistica. Pentru fiecare \u0219tiin\u021b\u0103 au fost explicate: domeniul de activitate, terminologia specific\u0103, realiz\u0103rile, \u00een general, pe baza unei bibliografii orientative. Un capitol distinct al cursului \u00eel reprezint\u0103: Tehnica realiz\u0103rii lucr\u0103rilor \u0219tiin\u021bifice din domeniul Istoriei, care pot s\u0103 fie sub form\u0103 de A. Studii, lucr\u0103ri de interpretare, monografii, sau sub form\u0103 de B. Edi\u021bii de documente (surse) istorice. Volumul este \u00eenso\u021bit de o serie de plan\u0219e, cu ajutorul c\u0103rora sunt ilustrate categorii de documente sau no\u021biuni prezentate \u00een curs.<\/p>","protected":false},"excerpt":{"rendered":"<p>Din prima categorie, a Auxiliarelor majore, sunt prezentate: Filologia, Geografia, Demografia, Geologia, Etnografia \u0219i altele. \u0218tiin\u021bele auxiliare minore, care stau la baza activit\u0103\u021bii institu\u021biilor specializate \u00een conservarea \u0219i folosirea surselor istorice \u2013 Biblioteca, Muzeul \u0219i Arhiva \u2013, au fost \u00eenf\u0103\u021bi\u0219ate grupat \u00een func\u021bie de cele trei \u0219tiin\u021be care guverneaz\u0103 activit\u0103\u021bile specifice acestor de\u021bin\u0103tori de surse [&hellip;]<\/p>\n","protected":false},"featured_media":10207,"comment_status":"open","ping_status":"closed","template":"","meta":[],"product_brand":[],"product_cat":[991,995],"product_tag":[881,1320],"class_list":{"0":"post-3177","1":"product","2":"type-product","3":"status-publish","4":"has-post-thumbnail","6":"product_cat-stiinte-sociale","7":"product_cat-istorie-stiinte-politice","8":"product_tag-istorie","9":"product_tag-stiinte-auxiliare","11":"first","12":"outofstock","13":"shipping-taxable","14":"purchasable","15":"product-type-simple"},"_links":{"self":[{"href":"https:\/\/editura-unibuc.ro\/en\/wp-json\/wp\/v2\/product\/3177","targetHints":{"allow":["GET"]}}],"collection":[{"href":"https:\/\/editura-unibuc.ro\/en\/wp-json\/wp\/v2\/product"}],"about":[{"href":"https:\/\/editura-unibuc.ro\/en\/wp-json\/wp\/v2\/types\/product"}],"replies":[{"embeddable":true,"href":"https:\/\/editura-unibuc.ro\/en\/wp-json\/wp\/v2\/comments?post=3177"}],"wp:featuredmedia":[{"embeddable":true,"href":"https:\/\/editura-unibuc.ro\/en\/wp-json\/wp\/v2\/media\/10207"}],"wp:attachment":[{"href":"https:\/\/editura-unibuc.ro\/en\/wp-json\/wp\/v2\/media?parent=3177"}],"wp:term":[{"taxonomy":"product_brand","embeddable":true,"href":"https:\/\/editura-unibuc.ro\/en\/wp-json\/wp\/v2\/product_brand?post=3177"},{"taxonomy":"product_cat","embeddable":true,"href":"https:\/\/editura-unibuc.ro\/en\/wp-json\/wp\/v2\/product_cat?post=3177"},{"taxonomy":"product_tag","embeddable":true,"href":"https:\/\/editura-unibuc.ro\/en\/wp-json\/wp\/v2\/product_tag?post=3177"}],"curies":[{"name":"wp","href":"https:\/\/api.w.org\/{rel}","templated":true}]}}