{"id":31850,"date":"2021-10-14T16:07:08","date_gmt":"2021-10-14T13:07:08","guid":{"rendered":"https:\/\/editura-unibuc.ro\/?post_type=product&#038;p=31850"},"modified":"2024-01-18T17:22:21","modified_gmt":"2024-01-18T15:22:21","slug":"credinta-intre-cuvant-si-numar-in-gandirea-lui-thomas-f-torrance-aspecte-introductive-ale-filosofiei-credintei-rationale","status":"publish","type":"product","link":"https:\/\/editura-unibuc.ro\/en\/credinta-intre-cuvant-si-numar-in-gandirea-lui-thomas-f-torrance-aspecte-introductive-ale-filosofiei-credintei-rationale\/","title":{"rendered":"CREDIN\u021aA \u00ceNTRE CUV\u00c2NT \u0218I NUM\u0102R \u00ceN G\u00c2NDIREA LUI THOMAS F. TORRANCE. ASPECTE \u00ceNTRODUCTIVE ALE FILOSOFIEI CREDIN\u021aEI RA\u021aIONALE"},"content":{"rendered":"<p>Lucrarea propus\u0103 ast\u0103zi cititorilor rom\u00e2ni este o deschidere c\u0103tre un orizont teologic \u0219i cultural pu\u021bin cunoscut \u00een Rom\u00e2nia, dar care merit\u0103 toat\u0103 aten\u021bia, mai ales din partea celor preocupa\u021bi de pun\u021bile care pot fi aruncate \u00eentre \u0219tiin\u021bele exacte \u0219i umanioarele din care fac parte filosofia \u0219i teologia. (Ecaterina Lung)<\/p>\n","protected":false},"excerpt":{"rendered":"<p>Lucrarea propus\u0103 ast\u0103zi cititorilor rom\u00e2ni este o deschidere c\u0103tre un orizont teologic \u0219i cultural pu\u021bin cunoscut \u00een Rom\u00e2nia, dar care merit\u0103 toat\u0103 aten\u021bia, mai ales din partea celor preocupa\u021bi de pun\u021bile care pot fi aruncate \u00eentre \u0219tiin\u021bele exacte \u0219i umanioarele din care fac parte filosofia \u0219i teologia. (Ecaterina Lung)<\/p>\n","protected":false},"featured_media":31847,"comment_status":"open","ping_status":"closed","template":"","meta":[],"product_brand":[],"product_cat":[991,994],"product_tag":[3793,3792],"class_list":{"0":"post-31850","1":"product","2":"type-product","3":"status-publish","4":"has-post-thumbnail","6":"product_cat-stiinte-sociale","7":"product_cat-filosofie","8":"product_tag-cultura-si-civilizatie-anglo-saxona","9":"product_tag-teologie-in-secolul-xx","11":"first","12":"instock","13":"shipping-taxable","14":"purchasable","15":"product-type-simple"},"_links":{"self":[{"href":"https:\/\/editura-unibuc.ro\/en\/wp-json\/wp\/v2\/product\/31850","targetHints":{"allow":["GET"]}}],"collection":[{"href":"https:\/\/editura-unibuc.ro\/en\/wp-json\/wp\/v2\/product"}],"about":[{"href":"https:\/\/editura-unibuc.ro\/en\/wp-json\/wp\/v2\/types\/product"}],"replies":[{"embeddable":true,"href":"https:\/\/editura-unibuc.ro\/en\/wp-json\/wp\/v2\/comments?post=31850"}],"wp:featuredmedia":[{"embeddable":true,"href":"https:\/\/editura-unibuc.ro\/en\/wp-json\/wp\/v2\/media\/31847"}],"wp:attachment":[{"href":"https:\/\/editura-unibuc.ro\/en\/wp-json\/wp\/v2\/media?parent=31850"}],"wp:term":[{"taxonomy":"product_brand","embeddable":true,"href":"https:\/\/editura-unibuc.ro\/en\/wp-json\/wp\/v2\/product_brand?post=31850"},{"taxonomy":"product_cat","embeddable":true,"href":"https:\/\/editura-unibuc.ro\/en\/wp-json\/wp\/v2\/product_cat?post=31850"},{"taxonomy":"product_tag","embeddable":true,"href":"https:\/\/editura-unibuc.ro\/en\/wp-json\/wp\/v2\/product_tag?post=31850"}],"curies":[{"name":"wp","href":"https:\/\/api.w.org\/{rel}","templated":true}]}}