{"id":31852,"date":"2021-10-14T16:10:41","date_gmt":"2021-10-14T13:10:41","guid":{"rendered":"https:\/\/editura-unibuc.ro\/?post_type=product&#038;p=31852"},"modified":"2025-12-11T10:38:47","modified_gmt":"2025-12-11T08:38:47","slug":"diminutivele-in-limba-romana-actuala-vorbita-aspecte-lexicale-pragmatice-si-sociolingvistice","status":"publish","type":"product","link":"https:\/\/editura-unibuc.ro\/en\/diminutivele-in-limba-romana-actuala-vorbita-aspecte-lexicale-pragmatice-si-sociolingvistice\/","title":{"rendered":"DIMINUTIVELE \u00ceN LIMBA ROM\u00c2N\u0102 ACTUAL\u0102 VORBIT\u0102. ASPECTE LEXICALE, PRAGMATICE \u0218I SOCIOLINGVISTICE"},"content":{"rendered":"<hr \/>\n<p><strong><a href=\"https:\/\/books.google.ro\/books\/about?id=RjxOEAAAQBAJ&amp;redir_esc=y\" target=\"_blank\" rel=\"noopener\"><img decoding=\"async\" src=\"https:\/\/editura-unibuc.ro\/wp-content\/uploads\/2025\/04\/goo.png\" \/>Google Books<\/a><\/strong><br \/>&nbsp;<\/p>\n<hr \/>\n<p>De ce diminutivele? Pentru c\u0103 sunt prezente \u00een limba rom\u00e2n\u0103 actual\u0103, dar au \u0219i o istorie tumultuoas\u0103. Diminutivele atrag, diminutivele apropie, diminutivele dep\u0103rteaz\u0103 sau chiar dezgust\u0103. Cuvinte folosite de mul\u021bi dintre vorbitorii limbii rom\u00e2ne, acestea au o mare capacitate de adaptare. Fiind o modalitate prin care oricine \u00ee\u0219i poate exprima creativitatea sau emo\u021biile, diminutivarea este un procedeu bine reprezentat \u00een limb\u0103, de aceea merit\u0103 o aten\u021bie aparte.<\/p>\n","protected":false},"excerpt":{"rendered":"<p>Google Books&nbsp; De ce diminutivele? Pentru c\u0103 sunt prezente \u00een limba rom\u00e2n\u0103 actual\u0103, dar au \u0219i o istorie tumultuoas\u0103. Diminutivele atrag, diminutivele apropie, diminutivele dep\u0103rteaz\u0103 sau chiar dezgust\u0103. Cuvinte folosite de mul\u021bi dintre vorbitorii limbii rom\u00e2ne, acestea au o mare capacitate de adaptare. Fiind o modalitate prin care oricine \u00ee\u0219i poate exprima creativitatea sau emo\u021biile, [&hellip;]<\/p>\n","protected":false},"featured_media":31845,"comment_status":"open","ping_status":"closed","template":"","meta":[],"product_brand":[],"product_cat":[1531,2756,1464,979],"product_tag":[3796,3797],"class_list":{"0":"post-31852","1":"product","2":"type-product","3":"status-publish","4":"has-post-thumbnail","6":"product_cat-colectii","7":"product_cat-lingvistica-lingua","8":"product_cat-filologie","9":"product_cat-limba-romana","10":"product_tag-formarea-diminutivelor","11":"product_tag-functii-ale-diminutivelor","13":"first","14":"outofstock","15":"shipping-taxable","16":"purchasable","17":"product-type-simple"},"_links":{"self":[{"href":"https:\/\/editura-unibuc.ro\/en\/wp-json\/wp\/v2\/product\/31852","targetHints":{"allow":["GET"]}}],"collection":[{"href":"https:\/\/editura-unibuc.ro\/en\/wp-json\/wp\/v2\/product"}],"about":[{"href":"https:\/\/editura-unibuc.ro\/en\/wp-json\/wp\/v2\/types\/product"}],"replies":[{"embeddable":true,"href":"https:\/\/editura-unibuc.ro\/en\/wp-json\/wp\/v2\/comments?post=31852"}],"wp:featuredmedia":[{"embeddable":true,"href":"https:\/\/editura-unibuc.ro\/en\/wp-json\/wp\/v2\/media\/31845"}],"wp:attachment":[{"href":"https:\/\/editura-unibuc.ro\/en\/wp-json\/wp\/v2\/media?parent=31852"}],"wp:term":[{"taxonomy":"product_brand","embeddable":true,"href":"https:\/\/editura-unibuc.ro\/en\/wp-json\/wp\/v2\/product_brand?post=31852"},{"taxonomy":"product_cat","embeddable":true,"href":"https:\/\/editura-unibuc.ro\/en\/wp-json\/wp\/v2\/product_cat?post=31852"},{"taxonomy":"product_tag","embeddable":true,"href":"https:\/\/editura-unibuc.ro\/en\/wp-json\/wp\/v2\/product_tag?post=31852"}],"curies":[{"name":"wp","href":"https:\/\/api.w.org\/{rel}","templated":true}]}}