{"id":31853,"date":"2021-10-14T16:12:25","date_gmt":"2021-10-14T13:12:25","guid":{"rendered":"https:\/\/editura-unibuc.ro\/?post_type=product&#038;p=31853"},"modified":"2025-05-08T13:33:59","modified_gmt":"2025-05-08T10:33:59","slug":"implicatii-psihologice-ale-terapiei-ocupationale-la-persoanele-cu-dizabilitati","status":"publish","type":"product","link":"https:\/\/editura-unibuc.ro\/en\/implicatii-psihologice-ale-terapiei-ocupationale-la-persoanele-cu-dizabilitati\/","title":{"rendered":"IMPLICA\u021aII PSIHOLOGICE ALE TERAPIEI OCUPA\u021aIONALE LA PERSOANELE CU DIZABILIT\u0102\u021aI"},"content":{"rendered":"<hr \/>\n<p><strong><a href=\"https:\/\/books.google.ro\/books\/about?id=kiVOEAAAQBAJ&#038;redir_esc=y\" target=\"_blank\" rel=\"noopener\"><img decoding=\"async\" src=\"https:\/\/editura-unibuc.ro\/wp-content\/uploads\/2025\/04\/goo.png\" \/>Google Books<\/a><\/strong><br \/>&nbsp;<\/p>\n<hr \/>\n<p>Ast\u0103zi terapia ocupa\u021bional\u0103 a devenit o interven\u021bie esen\u021bial\u0103 \u00een serviciile de s\u0103n\u0103tate \u0219i educa\u021bie. Ea are rol de suport moral \u015fi de adaptare, de suport psihologic prin reducerea st\u0103rii de anxietate, stimularea interesului \u015fi favorizarea contactelor sociale, comutarea aten\u021biei de la starea de boal\u0103 spre alte preocup\u0103ri.<\/p>\n","protected":false},"excerpt":{"rendered":"<p>Google Books&nbsp; Ast\u0103zi terapia ocupa\u021bional\u0103 a devenit o interven\u021bie esen\u021bial\u0103 \u00een serviciile de s\u0103n\u0103tate \u0219i educa\u021bie. Ea are rol de suport moral \u015fi de adaptare, de suport psihologic prin reducerea st\u0103rii de anxietate, stimularea interesului \u015fi favorizarea contactelor sociale, comutarea aten\u021biei de la starea de boal\u0103 spre alte preocup\u0103ri.<\/p>\n","protected":false},"featured_media":31846,"comment_status":"open","ping_status":"closed","template":"","meta":[],"product_brand":[],"product_cat":[1531,2687,991,997],"product_tag":[3800,3799,3798],"class_list":{"0":"post-31853","1":"product","2":"type-product","3":"status-publish","4":"has-post-thumbnail","6":"product_cat-colectii","7":"product_cat-stiintele-educatiei","8":"product_cat-stiinte-sociale","9":"product_cat-psihologie-stiintele-educatiei-si-pedagogie","10":"product_tag-analiza-comportamentala","11":"product_tag-art-terapia","12":"product_tag-integrare-senzoriala","14":"first","15":"instock","16":"shipping-taxable","17":"purchasable","18":"product-type-simple"},"_links":{"self":[{"href":"https:\/\/editura-unibuc.ro\/en\/wp-json\/wp\/v2\/product\/31853","targetHints":{"allow":["GET"]}}],"collection":[{"href":"https:\/\/editura-unibuc.ro\/en\/wp-json\/wp\/v2\/product"}],"about":[{"href":"https:\/\/editura-unibuc.ro\/en\/wp-json\/wp\/v2\/types\/product"}],"replies":[{"embeddable":true,"href":"https:\/\/editura-unibuc.ro\/en\/wp-json\/wp\/v2\/comments?post=31853"}],"wp:featuredmedia":[{"embeddable":true,"href":"https:\/\/editura-unibuc.ro\/en\/wp-json\/wp\/v2\/media\/31846"}],"wp:attachment":[{"href":"https:\/\/editura-unibuc.ro\/en\/wp-json\/wp\/v2\/media?parent=31853"}],"wp:term":[{"taxonomy":"product_brand","embeddable":true,"href":"https:\/\/editura-unibuc.ro\/en\/wp-json\/wp\/v2\/product_brand?post=31853"},{"taxonomy":"product_cat","embeddable":true,"href":"https:\/\/editura-unibuc.ro\/en\/wp-json\/wp\/v2\/product_cat?post=31853"},{"taxonomy":"product_tag","embeddable":true,"href":"https:\/\/editura-unibuc.ro\/en\/wp-json\/wp\/v2\/product_tag?post=31853"}],"curies":[{"name":"wp","href":"https:\/\/api.w.org\/{rel}","templated":true}]}}