{"id":31855,"date":"2021-10-14T16:15:52","date_gmt":"2021-10-14T13:15:52","guid":{"rendered":"https:\/\/editura-unibuc.ro\/?post_type=product&#038;p=31855"},"modified":"2025-05-13T11:22:22","modified_gmt":"2025-05-13T08:22:22","slug":"verbalitatea-propozitiilor-fara-verb-o-analiza-a-propozitiilor-nominale-si-a-propozitiilor-pseudo-scindate-in-ebraica-moderna","status":"publish","type":"product","link":"https:\/\/editura-unibuc.ro\/en\/verbalitatea-propozitiilor-fara-verb-o-analiza-a-propozitiilor-nominale-si-a-propozitiilor-pseudo-scindate-in-ebraica-moderna\/","title":{"rendered":"VERBALITATEA PROPOZI\u021aIILOR F\u0102R\u0102 VERB: O ANALIZ\u0102 A PROPOZI\u021aIILOR NOMINALE \u0218I A PROPOZI\u021aIILOR PSEUDO-SCINDATE \u00ceN EBRAICA MODERN\u0102"},"content":{"rendered":"<hr \/>\n<p><strong><a href=\"https:\/\/books.google.ro\/books\/about?id=x4FDEAAAQBAJ&#038;redir_esc=y\" target=\"_blank\" rel=\"noopener\"><img decoding=\"async\" src=\"https:\/\/editura-unibuc.ro\/wp-content\/uploads\/2025\/04\/goo.png\" \/>Google Books<\/a><\/strong><br \/>&nbsp;<\/p>\n<hr \/>\n<p>Segmentul tematic ales de autoare nu a fost tratat la asemenea dimensiuni \u0219i de o asemenea amploare \u00een lingvistica noastr\u0103, exist\u00e2nd foarte pu\u021bine publica\u021bii ce preced lucrarea de fata, at\u00e2t \u00een spa\u021biul ebraic, c\u00e2t \u0219i \u00een cel anglo-saxon, cu at\u00e2t mai pu\u021bin \u00een limba rom\u00e2n\u0103.<\/p>\n","protected":false},"excerpt":{"rendered":"<p>Google Books&nbsp; Segmentul tematic ales de autoare nu a fost tratat la asemenea dimensiuni \u0219i de o asemenea amploare \u00een lingvistica noastr\u0103, exist\u00e2nd foarte pu\u021bine publica\u021bii ce preced lucrarea de fata, at\u00e2t \u00een spa\u021biul ebraic, c\u00e2t \u0219i \u00een cel anglo-saxon, cu at\u00e2t mai pu\u021bin \u00een limba rom\u00e2n\u0103.<\/p>\n","protected":false},"featured_media":31842,"comment_status":"open","ping_status":"closed","template":"","meta":[],"product_brand":[],"product_cat":[3103],"product_tag":[3802],"class_list":{"0":"post-31855","1":"product","2":"type-product","3":"status-publish","4":"has-post-thumbnail","6":"product_cat-fara-categorie","7":"product_tag-gramatica-limbii-ebraice-moderne","9":"first","10":"instock","11":"shipping-taxable","12":"purchasable","13":"product-type-simple"},"_links":{"self":[{"href":"https:\/\/editura-unibuc.ro\/en\/wp-json\/wp\/v2\/product\/31855","targetHints":{"allow":["GET"]}}],"collection":[{"href":"https:\/\/editura-unibuc.ro\/en\/wp-json\/wp\/v2\/product"}],"about":[{"href":"https:\/\/editura-unibuc.ro\/en\/wp-json\/wp\/v2\/types\/product"}],"replies":[{"embeddable":true,"href":"https:\/\/editura-unibuc.ro\/en\/wp-json\/wp\/v2\/comments?post=31855"}],"wp:featuredmedia":[{"embeddable":true,"href":"https:\/\/editura-unibuc.ro\/en\/wp-json\/wp\/v2\/media\/31842"}],"wp:attachment":[{"href":"https:\/\/editura-unibuc.ro\/en\/wp-json\/wp\/v2\/media?parent=31855"}],"wp:term":[{"taxonomy":"product_brand","embeddable":true,"href":"https:\/\/editura-unibuc.ro\/en\/wp-json\/wp\/v2\/product_brand?post=31855"},{"taxonomy":"product_cat","embeddable":true,"href":"https:\/\/editura-unibuc.ro\/en\/wp-json\/wp\/v2\/product_cat?post=31855"},{"taxonomy":"product_tag","embeddable":true,"href":"https:\/\/editura-unibuc.ro\/en\/wp-json\/wp\/v2\/product_tag?post=31855"}],"curies":[{"name":"wp","href":"https:\/\/api.w.org\/{rel}","templated":true}]}}