{"id":31858,"date":"2021-10-14T16:18:55","date_gmt":"2021-10-14T13:18:55","guid":{"rendered":"https:\/\/editura-unibuc.ro\/?post_type=product&#038;p=31858"},"modified":"2022-07-04T16:50:28","modified_gmt":"2022-07-04T13:50:28","slug":"invatamantul-superior-din-japonia-si-romania-studiu-sociologic-si-comparativ","status":"publish","type":"product","link":"https:\/\/editura-unibuc.ro\/en\/invatamantul-superior-din-japonia-si-romania-studiu-sociologic-si-comparativ\/","title":{"rendered":"\u00ceNV\u0102\u021a\u0102M\u00c2NTUL SUPERIOR DIN JAPONIA \u0218I ROM\u00c2NIA. STUDIU SOCIOLOGIC \u0218I COMPARATIV"},"content":{"rendered":"<p>\u00cenv\u0103\u021b\u0103m\u00e2ntul superior japonez a \u00eenceput cu \u00eemprumuturi din sistemul german, iar cel rom\u00e2nesc , ca o imita\u021bie a celui francez. Germania \u0219i Fran\u021ba erau modele de urmat, desigur, dar ce anume a influen\u021bat alegerea uneia sau alteia? <\/p>\n","protected":false},"excerpt":{"rendered":"<p>\u00cenv\u0103\u021b\u0103m\u00e2ntul superior japonez a \u00eenceput cu \u00eemprumuturi din sistemul german, iar cel rom\u00e2nesc , ca o imita\u021bie a celui francez. Germania \u0219i Fran\u021ba erau modele de urmat, desigur, dar ce anume a influen\u021bat alegerea uneia sau alteia?<\/p>\n","protected":false},"featured_media":31843,"comment_status":"open","ping_status":"closed","template":"","meta":[],"product_brand":[],"product_cat":[1531,3507,991,998],"product_tag":[3803,3804],"class_list":{"0":"post-31858","1":"product","2":"type-product","3":"status-publish","4":"has-post-thumbnail","6":"product_cat-colectii","7":"product_cat-sas-sociologie","8":"product_cat-stiinte-sociale","9":"product_cat-sociologie-si-asistenta-sociala","10":"product_tag-istoricul-si-structura-invatamantului-superior","11":"product_tag-romania-si-japonia","13":"first","14":"instock","15":"shipping-taxable","16":"purchasable","17":"product-type-simple"},"_links":{"self":[{"href":"https:\/\/editura-unibuc.ro\/en\/wp-json\/wp\/v2\/product\/31858","targetHints":{"allow":["GET"]}}],"collection":[{"href":"https:\/\/editura-unibuc.ro\/en\/wp-json\/wp\/v2\/product"}],"about":[{"href":"https:\/\/editura-unibuc.ro\/en\/wp-json\/wp\/v2\/types\/product"}],"replies":[{"embeddable":true,"href":"https:\/\/editura-unibuc.ro\/en\/wp-json\/wp\/v2\/comments?post=31858"}],"wp:featuredmedia":[{"embeddable":true,"href":"https:\/\/editura-unibuc.ro\/en\/wp-json\/wp\/v2\/media\/31843"}],"wp:attachment":[{"href":"https:\/\/editura-unibuc.ro\/en\/wp-json\/wp\/v2\/media?parent=31858"}],"wp:term":[{"taxonomy":"product_brand","embeddable":true,"href":"https:\/\/editura-unibuc.ro\/en\/wp-json\/wp\/v2\/product_brand?post=31858"},{"taxonomy":"product_cat","embeddable":true,"href":"https:\/\/editura-unibuc.ro\/en\/wp-json\/wp\/v2\/product_cat?post=31858"},{"taxonomy":"product_tag","embeddable":true,"href":"https:\/\/editura-unibuc.ro\/en\/wp-json\/wp\/v2\/product_tag?post=31858"}],"curies":[{"name":"wp","href":"https:\/\/api.w.org\/{rel}","templated":true}]}}