{"id":31859,"date":"2021-10-14T16:21:03","date_gmt":"2021-10-14T13:21:03","guid":{"rendered":"https:\/\/editura-unibuc.ro\/?post_type=product&#038;p=31859"},"modified":"2025-07-01T10:08:37","modified_gmt":"2025-07-01T07:08:37","slug":"evaluarea-informatiilor-din-mediul-online-nu-crede-si-cerceteaza","status":"publish","type":"product","link":"https:\/\/editura-unibuc.ro\/en\/evaluarea-informatiilor-din-mediul-online-nu-crede-si-cerceteaza\/","title":{"rendered":"EVALUAREA INFORMA\u021aIILOR DIN MEDIUL ONLINE: NU CREDE \u0218I CERCETEAZ\u0102"},"content":{"rendered":"<hr \/>\n<p><strong><a href=\"https:\/\/books.google.ro\/books\/about?id=XPFNEAAAQBAJ&#038;redir_esc=y\" target=\"_blank\" rel=\"noopener\"><img decoding=\"async\" src=\"https:\/\/editura-unibuc.ro\/wp-content\/uploads\/2025\/04\/goo.png\" \/>Google Books<\/a><\/strong><br \/>&nbsp;<\/p>\n<hr \/>\n<p>\u201cLucrarea de fa\u021b\u0103 \u00eencearc\u0103 s\u0103 ofere un ghid de informare corect\u0103 \u00een mediul online. \u00centr-o vreme \u00een care omenirea este bulversat\u0103 de volumul \u0219i impactul dezinform\u0103rilor instrumentate cu ajutorul unor tehnologii aflate la \u00eendem\u00e2na oricui, este imperios ca utilizatorii internetului s\u0103-\u0219i dezvolte capacitatea individual\u0103 de evaluare a informa\u021biilor pe care le acceseaz\u0103 \u00een acest mediu \u0219i s\u0103 \u00eenve\u021be cum s\u0103 foloseasc\u0103 mijloacele de comunicare digital\u0103 \u00eentr-un mod benefic at\u00e2t pentru ei \u00een\u0219i\u0219i c\u00e2t \u0219i pentru cei cu care interac\u021bioneaz\u0103 online. Educa\u021bia media \u0219i informa\u021bional\u0103 trebuie s\u0103 devin\u0103 un obiectiv strategic al politicilor educa\u021bionale dac\u0103 ne dorim s\u0103 tr\u0103im \u00eentr-o societate func\u021bional\u0103, populat\u0103 cu semeni capabili s\u0103 fac\u0103 distinc\u021bia \u00eentre adev\u0103r \u0219i fals, \u00eentre fapte \u0219i opinii, \u00eentre realitate \u0219i \u201efapte alternative\u201d. Cartea abordeaz\u0103 problematica evalu\u0103rii informa\u021biilor dintr-o perspectiv\u0103 at\u00e2t teoretic\u0103, c\u00e2t \u0219i practic\u0103, propun\u00e2nd instrumente \u0219i metode de evaluare care pot fi folosite de orice utilizator al mediului online\u201d.<\/p>\n<p style=\"text-align: right;\">Robert Coravu<\/p>\n","protected":false},"excerpt":{"rendered":"<p>Google Books&nbsp; \u201cLucrarea de fa\u021b\u0103 \u00eencearc\u0103 s\u0103 ofere un ghid de informare corect\u0103 \u00een mediul online. \u00centr-o vreme \u00een care omenirea este bulversat\u0103 de volumul \u0219i impactul dezinform\u0103rilor instrumentate cu ajutorul unor tehnologii aflate la \u00eendem\u00e2na oricui, este imperios ca utilizatorii internetului s\u0103-\u0219i dezvolte capacitatea individual\u0103 de evaluare a informa\u021biilor pe care le acceseaz\u0103 \u00een [&hellip;]<\/p>\n","protected":false},"featured_media":31844,"comment_status":"open","ping_status":"closed","template":"","meta":[],"product_brand":[],"product_cat":[3776,1531,1464,979],"product_tag":[3805,3806],"class_list":{"0":"post-31859","1":"product","2":"type-product","3":"status-publish","4":"has-post-thumbnail","6":"product_cat-biblioteca-stiintelor-informarii","7":"product_cat-colectii","8":"product_cat-filologie","9":"product_cat-limba-romana","10":"product_tag-evaluarea-informatiilor","11":"product_tag-productia-de-informatii","13":"first","14":"instock","15":"shipping-taxable","16":"purchasable","17":"product-type-simple"},"_links":{"self":[{"href":"https:\/\/editura-unibuc.ro\/en\/wp-json\/wp\/v2\/product\/31859","targetHints":{"allow":["GET"]}}],"collection":[{"href":"https:\/\/editura-unibuc.ro\/en\/wp-json\/wp\/v2\/product"}],"about":[{"href":"https:\/\/editura-unibuc.ro\/en\/wp-json\/wp\/v2\/types\/product"}],"replies":[{"embeddable":true,"href":"https:\/\/editura-unibuc.ro\/en\/wp-json\/wp\/v2\/comments?post=31859"}],"wp:featuredmedia":[{"embeddable":true,"href":"https:\/\/editura-unibuc.ro\/en\/wp-json\/wp\/v2\/media\/31844"}],"wp:attachment":[{"href":"https:\/\/editura-unibuc.ro\/en\/wp-json\/wp\/v2\/media?parent=31859"}],"wp:term":[{"taxonomy":"product_brand","embeddable":true,"href":"https:\/\/editura-unibuc.ro\/en\/wp-json\/wp\/v2\/product_brand?post=31859"},{"taxonomy":"product_cat","embeddable":true,"href":"https:\/\/editura-unibuc.ro\/en\/wp-json\/wp\/v2\/product_cat?post=31859"},{"taxonomy":"product_tag","embeddable":true,"href":"https:\/\/editura-unibuc.ro\/en\/wp-json\/wp\/v2\/product_tag?post=31859"}],"curies":[{"name":"wp","href":"https:\/\/api.w.org\/{rel}","templated":true}]}}