{"id":32239,"date":"2021-11-11T16:53:48","date_gmt":"2021-11-11T14:53:48","guid":{"rendered":"https:\/\/editura-unibuc.ro\/?post_type=product&#038;p=32239"},"modified":"2025-05-09T09:29:04","modified_gmt":"2025-05-09T06:29:04","slug":"itinerar-spiritual-calatoria-pelerinului-de-john-bunyan-si-replica-sa-moderna-intoarcerea-pelerinului-de-c-s-lewis","status":"publish","type":"product","link":"https:\/\/editura-unibuc.ro\/en\/itinerar-spiritual-calatoria-pelerinului-de-john-bunyan-si-replica-sa-moderna-intoarcerea-pelerinului-de-c-s-lewis\/","title":{"rendered":"ITINERAR SPIRITUAL: <i>C\u0102L\u0102TORIA PELERINULUI<\/i> DE JOHN BUNYAN \u0218I REPLICA SA MODERN\u0102, <i>\u00ceNTOARCEREA PELERINULUI<\/i> DE C.S. LEWIS"},"content":{"rendered":"<p><\/p>\n<hr \/>\n<p><strong><a href=\"https:\/\/books.google.ro\/books\/about?id=MtlXEAAAQBAJ&#038;redir_esc=y\" target=\"_blank\" rel=\"noopener\"><img decoding=\"async\" src=\"https:\/\/editura-unibuc.ro\/wp-content\/uploads\/2025\/04\/goo.png\" \/>Google Books<\/a><\/strong><br \/>&nbsp;<\/p>\n<hr \/>\n<p>Volumul de fa\u021b\u0103 propune o abordare comparativ\u0103 a alegoriei  lui Bunyan <em>C\u0103l\u0103toria pelerinului<\/em> (1678) \u2013 timp de aproape dou\u0103 secole cea mai citit\u0103 carte dup\u0103 Biblie \u00een Anglia \u0219i coloniile americane, tradus\u0103 \u00een peste 200 de limbi \u0219i considerat\u0103 drept unul dintre textele de referin\u021b\u0103 publicate \u00een \u00eentreaga istorie a literaturii de limb\u0103 englez\u0103, \u0219i respectiv a alegoriei <em>\u00centoarcerea pelerinului<\/em> (1933) prin care C.S. Lewis ofer\u0103 o parafraz\u0103 modern\u0103 a textului lui Bunyan. <\/p>\n<p><\/p>","protected":false},"excerpt":{"rendered":"<p>Google Books&nbsp; Volumul de fa\u021b\u0103 propune o abordare comparativ\u0103 a alegoriei lui Bunyan C\u0103l\u0103toria pelerinului (1678) \u2013 timp de aproape dou\u0103 secole cea mai citit\u0103 carte dup\u0103 Biblie \u00een Anglia \u0219i coloniile americane, tradus\u0103 \u00een peste 200 de limbi \u0219i considerat\u0103 drept unul dintre textele de referin\u021b\u0103 publicate \u00een \u00eentreaga istorie a literaturii de limb\u0103 [&hellip;]<\/p>\n","protected":false},"featured_media":32243,"comment_status":"open","ping_status":"closed","template":"","meta":[],"product_brand":[],"product_cat":[1531,2597,991,999],"product_tag":[3808,3807],"class_list":{"0":"post-32239","1":"product","2":"type-product","3":"status-publish","4":"has-post-thumbnail","6":"product_cat-colectii","7":"product_cat-studia-theologica","8":"product_cat-stiinte-sociale","9":"product_cat-teologie","10":"product_tag-c-s-lewis","11":"product_tag-john-bunyan","13":"first","14":"instock","15":"shipping-taxable","16":"purchasable","17":"product-type-simple"},"_links":{"self":[{"href":"https:\/\/editura-unibuc.ro\/en\/wp-json\/wp\/v2\/product\/32239","targetHints":{"allow":["GET"]}}],"collection":[{"href":"https:\/\/editura-unibuc.ro\/en\/wp-json\/wp\/v2\/product"}],"about":[{"href":"https:\/\/editura-unibuc.ro\/en\/wp-json\/wp\/v2\/types\/product"}],"replies":[{"embeddable":true,"href":"https:\/\/editura-unibuc.ro\/en\/wp-json\/wp\/v2\/comments?post=32239"}],"wp:featuredmedia":[{"embeddable":true,"href":"https:\/\/editura-unibuc.ro\/en\/wp-json\/wp\/v2\/media\/32243"}],"wp:attachment":[{"href":"https:\/\/editura-unibuc.ro\/en\/wp-json\/wp\/v2\/media?parent=32239"}],"wp:term":[{"taxonomy":"product_brand","embeddable":true,"href":"https:\/\/editura-unibuc.ro\/en\/wp-json\/wp\/v2\/product_brand?post=32239"},{"taxonomy":"product_cat","embeddable":true,"href":"https:\/\/editura-unibuc.ro\/en\/wp-json\/wp\/v2\/product_cat?post=32239"},{"taxonomy":"product_tag","embeddable":true,"href":"https:\/\/editura-unibuc.ro\/en\/wp-json\/wp\/v2\/product_tag?post=32239"}],"curies":[{"name":"wp","href":"https:\/\/api.w.org\/{rel}","templated":true}]}}