{"id":32403,"date":"2021-11-25T18:19:36","date_gmt":"2021-11-25T16:19:36","guid":{"rendered":"https:\/\/editura-unibuc.ro\/?post_type=product&#038;p=32403"},"modified":"2022-10-19T13:22:03","modified_gmt":"2022-10-19T10:22:03","slug":"conceptualizarea-trasaturilor-morale-negative-in-frazeologia-romana-si-bulgara-o-perspectiva-interculturala-si-interlingvistica","status":"publish","type":"product","link":"https:\/\/editura-unibuc.ro\/en\/conceptualizarea-trasaturilor-morale-negative-in-frazeologia-romana-si-bulgara-o-perspectiva-interculturala-si-interlingvistica\/","title":{"rendered":"CONCEPTUALIZAREA TR\u0102S\u0102TURILOR MORALE NEGATIVE \u00ceN FRAZEOLOGIA ROM\u00c2N\u0102 \u0218I BULGAR\u0102. O PERSPECTIV\u0102 INTERCULTURAL\u0102 \u0218I INTERLINGVISTIC\u0102"},"content":{"rendered":"<p>Volumul de fa\u021b\u0103 reprezint\u0103 varianta u\u0219or \u00eembun\u0103t\u0103\u021bit\u0103 a tezei de doctorat elaborate \u00een anul 2020. Lucrarea propune o abordare comparativ\u0103 a frazeologiei rom\u00e2ne \u0219i bulgare \u0219i urm\u0103re\u0219te realizarea analizei semantice a unui corpus ce cuprinde unit\u0103\u021bi frazeologice ce exprim\u0103 prostie, r\u0103utate, \u00eeng\u00e2mfare \u0219i nebunie.<\/p>\n","protected":false},"excerpt":{"rendered":"<p>Volumul de fa\u021b\u0103 reprezint\u0103 varianta u\u0219or \u00eembun\u0103t\u0103\u021bit\u0103 a tezei de doctorat elaborate \u00een anul 2020. Lucrarea propune o abordare comparativ\u0103 a frazeologiei rom\u00e2ne \u0219i bulgare \u0219i urm\u0103re\u0219te realizarea analizei semantice a unui corpus ce cuprinde unit\u0103\u021bi frazeologice ce exprim\u0103 prostie, r\u0103utate, \u00eeng\u00e2mfare \u0219i nebunie.<\/p>\n","protected":false},"featured_media":32404,"comment_status":"open","ping_status":"closed","template":"","meta":[],"product_brand":[],"product_cat":[1531,2653,1464,981],"product_tag":[3815,3814],"class_list":{"0":"post-32403","1":"product","2":"type-product","3":"status-publish","4":"has-post-thumbnail","6":"product_cat-colectii","7":"product_cat-biblioteca-de-slavistica","8":"product_cat-filologie","9":"product_cat-limbi-slave","10":"product_tag-caracteristici-frazeologice","11":"product_tag-variatie-frazeologica","13":"first","14":"instock","15":"shipping-taxable","16":"purchasable","17":"product-type-simple"},"_links":{"self":[{"href":"https:\/\/editura-unibuc.ro\/en\/wp-json\/wp\/v2\/product\/32403","targetHints":{"allow":["GET"]}}],"collection":[{"href":"https:\/\/editura-unibuc.ro\/en\/wp-json\/wp\/v2\/product"}],"about":[{"href":"https:\/\/editura-unibuc.ro\/en\/wp-json\/wp\/v2\/types\/product"}],"replies":[{"embeddable":true,"href":"https:\/\/editura-unibuc.ro\/en\/wp-json\/wp\/v2\/comments?post=32403"}],"wp:featuredmedia":[{"embeddable":true,"href":"https:\/\/editura-unibuc.ro\/en\/wp-json\/wp\/v2\/media\/32404"}],"wp:attachment":[{"href":"https:\/\/editura-unibuc.ro\/en\/wp-json\/wp\/v2\/media?parent=32403"}],"wp:term":[{"taxonomy":"product_brand","embeddable":true,"href":"https:\/\/editura-unibuc.ro\/en\/wp-json\/wp\/v2\/product_brand?post=32403"},{"taxonomy":"product_cat","embeddable":true,"href":"https:\/\/editura-unibuc.ro\/en\/wp-json\/wp\/v2\/product_cat?post=32403"},{"taxonomy":"product_tag","embeddable":true,"href":"https:\/\/editura-unibuc.ro\/en\/wp-json\/wp\/v2\/product_tag?post=32403"}],"curies":[{"name":"wp","href":"https:\/\/api.w.org\/{rel}","templated":true}]}}