{"id":32551,"date":"2021-12-14T10:58:08","date_gmt":"2021-12-14T08:58:08","guid":{"rendered":"https:\/\/editura-unibuc.ro\/?post_type=product&#038;p=32551"},"modified":"2021-12-14T10:58:10","modified_gmt":"2021-12-14T08:58:10","slug":"maurice-blanchot-pour-une-litterature-impossible","status":"publish","type":"product","link":"https:\/\/editura-unibuc.ro\/en\/maurice-blanchot-pour-une-litterature-impossible\/","title":{"rendered":"MAURICE BLANCHOT: POUR UNE LITT\u00c9RATURE (IM)POSSIBLE"},"content":{"rendered":"<p>La pr\u00e9sente \u00e9tude se propose ainsi de faire la g\u00e9n\u00e9alogie du processus de nomination dans l\u2019\u0153uvre de Maurice Blanchot et de r\u00e9fl\u00e9chir sur l\u2019espace litt\u00e9raire qu\u2019elle met au jour en insistant tout particuli\u00e8rement sur le rapport lecteur-\u00e9crivain \u00e0 travers la diff\u00e9rence entre le langage ordinaire et le langage litt\u00e9raire.<\/p>\n","protected":false},"excerpt":{"rendered":"<p>La pr\u00e9sente \u00e9tude se propose ainsi de faire la g\u00e9n\u00e9alogie du processus de nomination dans l\u2019\u0153uvre de Maurice Blanchot et de r\u00e9fl\u00e9chir sur l\u2019espace litt\u00e9raire qu\u2019elle met au jour en insistant tout particuli\u00e8rement sur le rapport lecteur-\u00e9crivain \u00e0 travers la diff\u00e9rence entre le langage ordinaire et le langage litt\u00e9raire.<\/p>\n","protected":false},"featured_media":32535,"comment_status":"open","ping_status":"closed","template":"","meta":[],"product_brand":[],"product_cat":[3748,1531,1464,977],"product_tag":[3819,919,3820],"class_list":{"0":"post-32551","1":"product","2":"type-product","3":"status-publish","4":"has-post-thumbnail","6":"product_cat-filologie-colectii","7":"product_cat-colectii","8":"product_cat-filologie","9":"product_cat-limba-franceza","10":"product_tag-filosofie-franceza","11":"product_tag-literatura","12":"product_tag-secol-xx","14":"first","15":"outofstock","16":"shipping-taxable","17":"purchasable","18":"product-type-simple"},"_links":{"self":[{"href":"https:\/\/editura-unibuc.ro\/en\/wp-json\/wp\/v2\/product\/32551","targetHints":{"allow":["GET"]}}],"collection":[{"href":"https:\/\/editura-unibuc.ro\/en\/wp-json\/wp\/v2\/product"}],"about":[{"href":"https:\/\/editura-unibuc.ro\/en\/wp-json\/wp\/v2\/types\/product"}],"replies":[{"embeddable":true,"href":"https:\/\/editura-unibuc.ro\/en\/wp-json\/wp\/v2\/comments?post=32551"}],"wp:featuredmedia":[{"embeddable":true,"href":"https:\/\/editura-unibuc.ro\/en\/wp-json\/wp\/v2\/media\/32535"}],"wp:attachment":[{"href":"https:\/\/editura-unibuc.ro\/en\/wp-json\/wp\/v2\/media?parent=32551"}],"wp:term":[{"taxonomy":"product_brand","embeddable":true,"href":"https:\/\/editura-unibuc.ro\/en\/wp-json\/wp\/v2\/product_brand?post=32551"},{"taxonomy":"product_cat","embeddable":true,"href":"https:\/\/editura-unibuc.ro\/en\/wp-json\/wp\/v2\/product_cat?post=32551"},{"taxonomy":"product_tag","embeddable":true,"href":"https:\/\/editura-unibuc.ro\/en\/wp-json\/wp\/v2\/product_tag?post=32551"}],"curies":[{"name":"wp","href":"https:\/\/api.w.org\/{rel}","templated":true}]}}