{"id":32553,"date":"2021-12-14T11:00:38","date_gmt":"2021-12-14T09:00:38","guid":{"rendered":"https:\/\/editura-unibuc.ro\/?post_type=product&#038;p=32553"},"modified":"2023-11-28T13:40:02","modified_gmt":"2023-11-28T11:40:02","slug":"revista-cercurilor-studentesti-ale-departamentului-de-limba-si-literatura-franceza-10-2021","status":"publish","type":"product","link":"https:\/\/editura-unibuc.ro\/en\/revista-cercurilor-studentesti-ale-departamentului-de-limba-si-literatura-franceza-10-2021\/","title":{"rendered":"REVISTA CERCURILOR STUDEN\u0162E\u015eTI ALE DEPARTAMENTULUI DE LIMBA \u015eI LITERATURA FRANCEZ\u0102, 10\/2021"},"content":{"rendered":"<p><em>Revista Cercurilor studen\u0163e\u015fti ale Departamentului de Limba \u015fi Literatura Francez\u0103<\/em>\u00a0(<em>RCSDLLF<\/em>) este o publica\u0163ie a Departamentului de Limba \u015fi Literatura Francez\u0103, reunind preponderent, pentru num\u0103rul curent, cele mai bune articole rezultate din interven\u0163iile studen\u0163ilor, \u00een anii 2020 \u0219i 2021, \u00een cadrul\u00a0<em>Sesiunilor de comunic\u0103ri \u015ftiin\u0163ifice a studen\u0163ilor FLLS \u2013 sec\u0163iunea Studii literare<\/em>, precum \u015fi \u00een cadrul Cercurilor\u00a0<em>Contrastivitate, traducere specializat\u0103, terminologie<\/em>, coordonat de lect. dr. Anca-Marina Velicu \u015fi lect. dr. Lucia Vi\u015finescu, respectiv\u00a0<em>Literatura extremului contemporan: Premiul Goncourt. Alegerea studen\u0163ilor rom\u00e2ni<\/em>\u00a0(bilan\u0163ul activit\u0103\u0163ilor Juriului bucure\u015ftean pentru desemnarea laureatului\u00a0<em>Premiului Goncourt<\/em>\u00a0pe anul 2021, eveniment cultural interna\u0163ional aflat pentru Rom\u00e2nia la a noua edi\u0163ie), coordonat de prof. dr. Lidia Cotea. De asemenea, sunt incluse \u015fi alte tipuri de contribu\u0163ii prezentate la diverse manifest\u0103ri \u015ftiin\u0163ifice, na\u0163ionale \u015fi interna\u0163ionale.<\/p>\n","protected":false},"excerpt":{"rendered":"<p>Revista Cercurilor studen\u0163e\u015fti ale Departamentului de Limba \u015fi Literatura Francez\u0103\u00a0(RCSDLLF) este o publica\u0163ie a Departamentului de Limba \u015fi Literatura Francez\u0103, reunind preponderent, pentru num\u0103rul curent, cele mai bune articole rezultate din interven\u0163iile studen\u0163ilor, \u00een anii 2020 \u0219i 2021, \u00een cadrul\u00a0Sesiunilor de comunic\u0103ri \u015ftiin\u0163ifice a studen\u0163ilor FLLS \u2013 sec\u0163iunea Studii literare, precum \u015fi \u00een cadrul Cercurilor\u00a0Contrastivitate, [&hellip;]<\/p>\n","protected":false},"featured_media":32537,"comment_status":"open","ping_status":"closed","template":"","meta":[],"product_brand":[],"product_cat":[3944,1464,977,1469,1893],"product_tag":[2002],"class_list":{"0":"post-32553","1":"product","2":"type-product","3":"status-publish","4":"has-post-thumbnail","6":"product_cat-revista-cercurilor-studentesti-limba-si-literatura-franceza","7":"product_cat-filologie","8":"product_cat-limba-franceza","9":"product_cat-periodice","10":"product_cat-reviste-academice","11":"product_tag-limba-si-literatura-franceza","13":"first","14":"outofstock","15":"shipping-taxable","16":"purchasable","17":"product-type-simple"},"_links":{"self":[{"href":"https:\/\/editura-unibuc.ro\/en\/wp-json\/wp\/v2\/product\/32553","targetHints":{"allow":["GET"]}}],"collection":[{"href":"https:\/\/editura-unibuc.ro\/en\/wp-json\/wp\/v2\/product"}],"about":[{"href":"https:\/\/editura-unibuc.ro\/en\/wp-json\/wp\/v2\/types\/product"}],"replies":[{"embeddable":true,"href":"https:\/\/editura-unibuc.ro\/en\/wp-json\/wp\/v2\/comments?post=32553"}],"wp:featuredmedia":[{"embeddable":true,"href":"https:\/\/editura-unibuc.ro\/en\/wp-json\/wp\/v2\/media\/32537"}],"wp:attachment":[{"href":"https:\/\/editura-unibuc.ro\/en\/wp-json\/wp\/v2\/media?parent=32553"}],"wp:term":[{"taxonomy":"product_brand","embeddable":true,"href":"https:\/\/editura-unibuc.ro\/en\/wp-json\/wp\/v2\/product_brand?post=32553"},{"taxonomy":"product_cat","embeddable":true,"href":"https:\/\/editura-unibuc.ro\/en\/wp-json\/wp\/v2\/product_cat?post=32553"},{"taxonomy":"product_tag","embeddable":true,"href":"https:\/\/editura-unibuc.ro\/en\/wp-json\/wp\/v2\/product_tag?post=32553"}],"curies":[{"name":"wp","href":"https:\/\/api.w.org\/{rel}","templated":true}]}}