{"id":32555,"date":"2021-12-14T11:04:02","date_gmt":"2021-12-14T09:04:02","guid":{"rendered":"https:\/\/editura-unibuc.ro\/?post_type=product&#038;p=32555"},"modified":"2025-05-13T10:33:42","modified_gmt":"2025-05-13T07:33:42","slug":"tempo-espaco-e-identidade-na-cultura-portuguesa-40-anos-de-estudos-lusofonos-na-romenia-perspetivas-e-desafios","status":"publish","type":"product","link":"https:\/\/editura-unibuc.ro\/en\/tempo-espaco-e-identidade-na-cultura-portuguesa-40-anos-de-estudos-lusofonos-na-romenia-perspetivas-e-desafios\/","title":{"rendered":"TEMPO, ESPA\u00c7O E IDENTIDADE NA CULTURA PORTUGUESA 40 ANOS DE ESTUDOS LUS\u00d3FONOS NA ROM\u00c9NIA: PERSPETIVAS E DESAFIOS"},"content":{"rendered":"<hr \/>\n<p><strong><a href=\"https:\/\/books.google.ro\/books\/about?id=RAVWEAAAQBAJ&#038;redir_esc=y\" target=\"_blank\" rel=\"noopener\"><img decoding=\"async\" src=\"https:\/\/editura-unibuc.ro\/wp-content\/uploads\/2025\/04\/goo.png\" \/>Google Books<\/a><\/strong><br \/>&nbsp;<\/p>\n<hr \/>\n<p>Lucrarea reune\u0219te articole \u0219tiin\u021bifice din diverse domenii ale limbii \u0219i culturii portugheze.<\/p>\n","protected":false},"excerpt":{"rendered":"<p>Google Books&nbsp; Lucrarea reune\u0219te articole \u0219tiin\u021bifice din diverse domenii ale limbii \u0219i culturii portugheze.<\/p>\n","protected":false},"featured_media":32540,"comment_status":"open","ping_status":"closed","template":"","meta":[],"product_brand":[],"product_cat":[1464,980],"product_tag":[3821,3822,3210],"class_list":{"0":"post-32555","1":"product","2":"type-product","3":"status-publish","4":"has-post-thumbnail","6":"product_cat-filologie","7":"product_cat-limbi-romanice-clasice-si-orientale","8":"product_tag-lingvistica-portugheza","9":"product_tag-literatura-portugheza","10":"product_tag-traductologie","12":"first","13":"instock","14":"shipping-taxable","15":"purchasable","16":"product-type-simple"},"_links":{"self":[{"href":"https:\/\/editura-unibuc.ro\/en\/wp-json\/wp\/v2\/product\/32555","targetHints":{"allow":["GET"]}}],"collection":[{"href":"https:\/\/editura-unibuc.ro\/en\/wp-json\/wp\/v2\/product"}],"about":[{"href":"https:\/\/editura-unibuc.ro\/en\/wp-json\/wp\/v2\/types\/product"}],"replies":[{"embeddable":true,"href":"https:\/\/editura-unibuc.ro\/en\/wp-json\/wp\/v2\/comments?post=32555"}],"wp:featuredmedia":[{"embeddable":true,"href":"https:\/\/editura-unibuc.ro\/en\/wp-json\/wp\/v2\/media\/32540"}],"wp:attachment":[{"href":"https:\/\/editura-unibuc.ro\/en\/wp-json\/wp\/v2\/media?parent=32555"}],"wp:term":[{"taxonomy":"product_brand","embeddable":true,"href":"https:\/\/editura-unibuc.ro\/en\/wp-json\/wp\/v2\/product_brand?post=32555"},{"taxonomy":"product_cat","embeddable":true,"href":"https:\/\/editura-unibuc.ro\/en\/wp-json\/wp\/v2\/product_cat?post=32555"},{"taxonomy":"product_tag","embeddable":true,"href":"https:\/\/editura-unibuc.ro\/en\/wp-json\/wp\/v2\/product_tag?post=32555"}],"curies":[{"name":"wp","href":"https:\/\/api.w.org\/{rel}","templated":true}]}}