{"id":32809,"date":"2022-01-22T11:53:53","date_gmt":"2022-01-22T09:53:53","guid":{"rendered":"https:\/\/editura-unibuc.ro\/?post_type=product&#038;p=32809"},"modified":"2022-01-22T11:53:59","modified_gmt":"2022-01-22T09:53:59","slug":"la-reception-de-la-creation-dannie-ernaux-perspectives-contemporaines-traces-et-empreintes-du-lectorat","status":"publish","type":"product","link":"https:\/\/editura-unibuc.ro\/en\/la-reception-de-la-creation-dannie-ernaux-perspectives-contemporaines-traces-et-empreintes-du-lectorat\/","title":{"rendered":"LA R\u00c9CEPTION DE LA CR\u00c9ATION D\u2019ANNIE ERNAUX: PERSPECTIVES CONTEMPORAINES: TRACES ET EMPREINTES DU LECTORAT"},"content":{"rendered":"<p>Ce volume de l\u2019universitaire Iring\u00f3 Abrudan parait dans le paysage de la critique litt\u00e9raire actuelle comme un accomplissement important de son travail d\u2019ex\u00e9g\u00e8se su l\u2019\u0153uvre d\u2019Annie Erneaux, \u00e9crivaine fran\u00e7aise contemporaine, d\u2019origine normande, dont l\u2019\u0153uvre vaste \u2013 a la fronti\u00e8re de l\u2019autobiographie et du roman autofictionnel \u2013 se construit autour des \u00e9v\u00e9nements et des exp\u00e9riences d\u00e9cisifs de sa vie.<\/p>\n","protected":false},"excerpt":{"rendered":"<p>Ce volume de l\u2019universitaire Iring\u00f3 Abrudan parait dans le paysage de la critique litt\u00e9raire actuelle comme un accomplissement important de son travail d\u2019ex\u00e9g\u00e8se su l\u2019\u0153uvre d\u2019Annie Erneaux, \u00e9crivaine fran\u00e7aise contemporaine, d\u2019origine normande, dont l\u2019\u0153uvre vaste \u2013 a la fronti\u00e8re de l\u2019autobiographie et du roman autofictionnel \u2013 se construit autour des \u00e9v\u00e9nements et des exp\u00e9riences d\u00e9cisifs [&hellip;]<\/p>\n","protected":false},"featured_media":32805,"comment_status":"open","ping_status":"closed","template":"","meta":[],"product_brand":[],"product_cat":[3823,1531,1464,977],"product_tag":[3214,3833,3820],"class_list":{"0":"post-32809","1":"product","2":"type-product","3":"status-publish","4":"has-post-thumbnail","6":"product_cat-stiinte-umane","7":"product_cat-colectii","8":"product_cat-filologie","9":"product_cat-limba-franceza","10":"product_tag-annie-ernaux","11":"product_tag-limba-si-cultura-franceza","12":"product_tag-secol-xx","14":"first","15":"outofstock","16":"shipping-taxable","17":"product-type-simple"},"_links":{"self":[{"href":"https:\/\/editura-unibuc.ro\/en\/wp-json\/wp\/v2\/product\/32809","targetHints":{"allow":["GET"]}}],"collection":[{"href":"https:\/\/editura-unibuc.ro\/en\/wp-json\/wp\/v2\/product"}],"about":[{"href":"https:\/\/editura-unibuc.ro\/en\/wp-json\/wp\/v2\/types\/product"}],"replies":[{"embeddable":true,"href":"https:\/\/editura-unibuc.ro\/en\/wp-json\/wp\/v2\/comments?post=32809"}],"wp:featuredmedia":[{"embeddable":true,"href":"https:\/\/editura-unibuc.ro\/en\/wp-json\/wp\/v2\/media\/32805"}],"wp:attachment":[{"href":"https:\/\/editura-unibuc.ro\/en\/wp-json\/wp\/v2\/media?parent=32809"}],"wp:term":[{"taxonomy":"product_brand","embeddable":true,"href":"https:\/\/editura-unibuc.ro\/en\/wp-json\/wp\/v2\/product_brand?post=32809"},{"taxonomy":"product_cat","embeddable":true,"href":"https:\/\/editura-unibuc.ro\/en\/wp-json\/wp\/v2\/product_cat?post=32809"},{"taxonomy":"product_tag","embeddable":true,"href":"https:\/\/editura-unibuc.ro\/en\/wp-json\/wp\/v2\/product_tag?post=32809"}],"curies":[{"name":"wp","href":"https:\/\/api.w.org\/{rel}","templated":true}]}}