{"id":32810,"date":"2022-01-22T11:56:55","date_gmt":"2022-01-22T09:56:55","guid":{"rendered":"https:\/\/editura-unibuc.ro\/?post_type=product&#038;p=32810"},"modified":"2022-01-22T11:57:07","modified_gmt":"2022-01-22T09:57:07","slug":"in-africa-et-in-moesia-frontieres-du-monde-romain-partager-le-patrimoine-de-lafrique-du-nord-et-du-bas-danube-borders-of-the-roman-world-sharing-heritage-of-north-africa-and-the-lower-dan","status":"publish","type":"product","link":"https:\/\/editura-unibuc.ro\/en\/in-africa-et-in-moesia-frontieres-du-monde-romain-partager-le-patrimoine-de-lafrique-du-nord-et-du-bas-danube-borders-of-the-roman-world-sharing-heritage-of-north-africa-and-the-lower-dan\/","title":{"rendered":"IN AFRICA ET IN MOESIA: FRONTIERES DU MONDE ROMAIN. PARTAGER LE PATRIMOINE DE L\u2019AFRIQUE DU NORD ET DU BAS DANUBE. BORDERS OF THE ROMAN WORLD. SHARING HERITAGE OF NORTH AFRICA AND THE LOWER DANUBE"},"content":{"rendered":"<p>Ce volume a \u00e9t\u00e9 r\u00e9alis\u00e9 dans le cadre du projet <em>Interregional Educational Project North Africa \u2013 South-Eastern Europe, shared history, shared heritage. Exchange of experience and good practices in ancient heritage valorisation,<\/em> financ\u00e9 par UNESCO Paris, dans le cadre des Programmes de participation 2020-2021 coordonn\u00e9 par la Commission Nationale de la Roumanie en partenariat avec l\u2019Universit\u00e9 de Bucarest (Roumanie) et l\u2019Universit\u00e9 de Sousse (Tunisie).<\/p>\n","protected":false},"excerpt":{"rendered":"<p>Ce volume a \u00e9t\u00e9 r\u00e9alis\u00e9 dans le cadre du projet Interregional Educational Project North Africa \u2013 South-Eastern Europe, shared history, shared heritage. Exchange of experience and good practices in ancient heritage valorisation, financ\u00e9 par UNESCO Paris, dans le cadre des Programmes de participation 2020-2021 coordonn\u00e9 par la Commission Nationale de la Roumanie en partenariat avec [&hellip;]<\/p>\n","protected":false},"featured_media":32806,"comment_status":"open","ping_status":"closed","template":"","meta":[],"product_brand":[],"product_cat":[3823,1531,991,995],"product_tag":[3836,3834,3835,3837],"class_list":{"0":"post-32810","1":"product","2":"type-product","3":"status-publish","4":"has-post-thumbnail","6":"product_cat-stiinte-umane","7":"product_cat-colectii","8":"product_cat-stiinte-sociale","9":"product_cat-istorie-stiinte-politice","10":"product_tag-africa-de-nord","11":"product_tag-antichitate-romana","12":"product_tag-europa-de-sud-est","13":"product_tag-patrimoniu-arheologic","15":"first","16":"outofstock","17":"shipping-taxable","18":"product-type-simple"},"_links":{"self":[{"href":"https:\/\/editura-unibuc.ro\/en\/wp-json\/wp\/v2\/product\/32810","targetHints":{"allow":["GET"]}}],"collection":[{"href":"https:\/\/editura-unibuc.ro\/en\/wp-json\/wp\/v2\/product"}],"about":[{"href":"https:\/\/editura-unibuc.ro\/en\/wp-json\/wp\/v2\/types\/product"}],"replies":[{"embeddable":true,"href":"https:\/\/editura-unibuc.ro\/en\/wp-json\/wp\/v2\/comments?post=32810"}],"wp:featuredmedia":[{"embeddable":true,"href":"https:\/\/editura-unibuc.ro\/en\/wp-json\/wp\/v2\/media\/32806"}],"wp:attachment":[{"href":"https:\/\/editura-unibuc.ro\/en\/wp-json\/wp\/v2\/media?parent=32810"}],"wp:term":[{"taxonomy":"product_brand","embeddable":true,"href":"https:\/\/editura-unibuc.ro\/en\/wp-json\/wp\/v2\/product_brand?post=32810"},{"taxonomy":"product_cat","embeddable":true,"href":"https:\/\/editura-unibuc.ro\/en\/wp-json\/wp\/v2\/product_cat?post=32810"},{"taxonomy":"product_tag","embeddable":true,"href":"https:\/\/editura-unibuc.ro\/en\/wp-json\/wp\/v2\/product_tag?post=32810"}],"curies":[{"name":"wp","href":"https:\/\/api.w.org\/{rel}","templated":true}]}}