{"id":33158,"date":"2022-03-10T16:12:22","date_gmt":"2022-03-10T14:12:22","guid":{"rendered":"https:\/\/editura-unibuc.ro\/?post_type=product&#038;p=33158"},"modified":"2025-05-09T10:17:34","modified_gmt":"2025-05-09T07:17:34","slug":"limba-societate-cultura-in-honorem-liliana-ionescu-ruxandoiu-si-mihaela-mancas-volumul-2","status":"publish","type":"product","link":"https:\/\/editura-unibuc.ro\/en\/limba-societate-cultura-in-honorem-liliana-ionescu-ruxandoiu-si-mihaela-mancas-volumul-2\/","title":{"rendered":"LIMB\u0102, SOCIETATE, CULTUR\u0102. IN HONOREM LILIANA IONESCU-RUX\u0102NDOIU \u0218I MIHAELA MANCA\u0218. VOLUMUL 2"},"content":{"rendered":"<hr \/>\n<p><strong><a href=\"https:\/\/play.google.com\/books\/publish\/a\/6900542794424800899#list?sortby=last_updated&#038;sortdir=desc\" target=\"_blank\" rel=\"noopener\"><img decoding=\"async\" src=\"https:\/\/editura-unibuc.ro\/wp-content\/uploads\/2025\/04\/goo.png\" \/>Google Books<\/a><\/strong><br \/>&nbsp;<\/p>\n<hr \/>\n<p><em>Limb\u0103, societate, cultur\u0103. In honorem Liliana Ionescu-Rux\u0103ndoiu \u0219i Mihaela Manca\u0219<\/em> (editori: Oana Chelaru-Mur\u0103ru\u0219, Mihaela-Viorica Constantinescu, Claudia Ene, Gabriela Stoica, Andra Vasilescu) este o lucrare \u00een dou\u0103 volume care omagiaz\u0103 dou\u0103 figuri marcante ale lingvisticii rom\u00e2ne\u0219ti, profesoare emerite foarte apreciate, pe care le leag\u0103 nu doar pasiunea profesional\u0103 \u0219i devotamentul pentru Literele bucure\u0219tene, ci \u0219i o prietenie exemplar\u0103, de decenii.<br \/>\nVolumele, \u00eensum\u00e2nd peste 700 de pagini, adun\u0103, \u00een semn de recunoa\u0219tere \u0219tiin\u021bific\u0103, gratitudine \u0219i afec\u021biune, contribu\u021bii ale unor lingvi\u0219ti din mai multe centre universitare \u0219i de cercetare din Rom\u00e2nia \u0219i din str\u0103in\u0103tate, reflect\u00e2nd preocup\u0103rile \u0219tiin\u021bifice ale celor dou\u0103 personalit\u0103\u021bi omagiate: stilistic\u0103, retoric\u0103, pragmatic\u0103, analiza discursului, istoria limbii rom\u00e2ne, istoria limbii rom\u00e2ne literare, dialectologie, lexicologie, semantic\u0103, fonetic\u0103, studii culturale.<br \/>\nPrin varietatea temelor, diversitatea perspectivelor teoretice \u0219i metodologice, modernitatea \u0219i actualitatea interpret\u0103rilor propuse de autorii studiilor, lucrarea se adreseaz\u0103 cercet\u0103torilor \u0219i studen\u021bilor preocupa\u021bi de domeniul lingvisticii \u0219i de interferen\u021bele acestuia cu arii de interes conexe, precum literatura, folclorul, antropologia, sociologia, istoria.<\/p>\n","protected":false},"excerpt":{"rendered":"<p>Google Books&nbsp; Limb\u0103, societate, cultur\u0103. In honorem Liliana Ionescu-Rux\u0103ndoiu \u0219i Mihaela Manca\u0219 (editori: Oana Chelaru-Mur\u0103ru\u0219, Mihaela-Viorica Constantinescu, Claudia Ene, Gabriela Stoica, Andra Vasilescu) este o lucrare \u00een dou\u0103 volume care omagiaz\u0103 dou\u0103 figuri marcante ale lingvisticii rom\u00e2ne\u0219ti, profesoare emerite foarte apreciate, pe care le leag\u0103 nu doar pasiunea profesional\u0103 \u0219i devotamentul pentru Literele bucure\u0219tene, ci [&hellip;]<\/p>\n","protected":false},"featured_media":33157,"comment_status":"open","ping_status":"closed","template":"","meta":[],"product_brand":[],"product_cat":[1531,2509,1464,979],"product_tag":[3839,952,3838],"class_list":{"0":"post-33158","1":"product","2":"type-product","3":"status-publish","4":"has-post-thumbnail","6":"product_cat-colectii","7":"product_cat-personalitati-ale-universitatii-din-bucuresti","8":"product_cat-filologie","9":"product_cat-limba-romana","10":"product_tag-argumentatie","11":"product_tag-discurs","12":"product_tag-norme-lingvistice","14":"first","15":"instock","16":"shipping-taxable","17":"purchasable","18":"product-type-simple"},"_links":{"self":[{"href":"https:\/\/editura-unibuc.ro\/en\/wp-json\/wp\/v2\/product\/33158","targetHints":{"allow":["GET"]}}],"collection":[{"href":"https:\/\/editura-unibuc.ro\/en\/wp-json\/wp\/v2\/product"}],"about":[{"href":"https:\/\/editura-unibuc.ro\/en\/wp-json\/wp\/v2\/types\/product"}],"replies":[{"embeddable":true,"href":"https:\/\/editura-unibuc.ro\/en\/wp-json\/wp\/v2\/comments?post=33158"}],"wp:featuredmedia":[{"embeddable":true,"href":"https:\/\/editura-unibuc.ro\/en\/wp-json\/wp\/v2\/media\/33157"}],"wp:attachment":[{"href":"https:\/\/editura-unibuc.ro\/en\/wp-json\/wp\/v2\/media?parent=33158"}],"wp:term":[{"taxonomy":"product_brand","embeddable":true,"href":"https:\/\/editura-unibuc.ro\/en\/wp-json\/wp\/v2\/product_brand?post=33158"},{"taxonomy":"product_cat","embeddable":true,"href":"https:\/\/editura-unibuc.ro\/en\/wp-json\/wp\/v2\/product_cat?post=33158"},{"taxonomy":"product_tag","embeddable":true,"href":"https:\/\/editura-unibuc.ro\/en\/wp-json\/wp\/v2\/product_tag?post=33158"}],"curies":[{"name":"wp","href":"https:\/\/api.w.org\/{rel}","templated":true}]}}