{"id":33245,"date":"2022-03-21T15:34:09","date_gmt":"2022-03-21T13:34:09","guid":{"rendered":"https:\/\/editura-unibuc.ro\/?post_type=product&#038;p=33245"},"modified":"2025-04-28T13:48:28","modified_gmt":"2025-04-28T10:48:28","slug":"aspecte-teoretice-si-practice-privind-verbul-in-limba-rromani-comuna-material-didactic-auxiliar","status":"publish","type":"product","link":"https:\/\/editura-unibuc.ro\/en\/aspecte-teoretice-si-practice-privind-verbul-in-limba-rromani-comuna-material-didactic-auxiliar\/","title":{"rendered":"ASPECTE TEORETICE \u0218I PRACTICE PRIVIND VERBUL \u00ceN LIMBA RROMANI COMUN\u0102. MATERIAL DIDACTIC AUXILIAR"},"content":{"rendered":"<hr \/>\n<p><strong><a href=\"https:\/\/books.google.ro\/books\/about?id=iixpEAAAQBAJ&#038;redir_esc=y\" target=\"_blank\" rel=\"noopener\"><img decoding=\"async\" src=\"https:\/\/editura-unibuc.ro\/wp-content\/uploads\/2025\/04\/goo.png\" \/>Google Books<\/a><\/strong><br \/>&nbsp;<\/p>\n<hr \/>\n<p>Lucrarea reprezint\u0103 un material didactic auxiliar pentru limba rromani, deocamdat\u0103, unic \u00een lume, rezultat prin combinarea, \u00eentr-o manier\u0103 original\u0103, a informa\u021biilor descriptive, complexe, despre verbul \u00een limba rromani, cu aplicarea practic\u0103 a conjug\u0103rii complete a 330 de verbe uzuale din limba rromani.<\/p>\n","protected":false},"excerpt":{"rendered":"<p>Google Books&nbsp; Lucrarea reprezint\u0103 un material didactic auxiliar pentru limba rromani, deocamdat\u0103, unic \u00een lume, rezultat prin combinarea, \u00eentr-o manier\u0103 original\u0103, a informa\u021biilor descriptive, complexe, despre verbul \u00een limba rromani, cu aplicarea practic\u0103 a conjug\u0103rii complete a 330 de verbe uzuale din limba rromani.<\/p>\n","protected":false},"featured_media":33248,"comment_status":"open","ping_status":"closed","template":"","meta":[],"product_brand":[],"product_cat":[3823,1531,1464,980],"product_tag":[2901,3840],"class_list":{"0":"post-33245","1":"product","2":"type-product","3":"status-publish","4":"has-post-thumbnail","6":"product_cat-stiinte-umane","7":"product_cat-colectii","8":"product_cat-filologie","9":"product_cat-limbi-romanice-clasice-si-orientale","10":"product_tag-limba-rromani","11":"product_tag-material-didactic-auxiliar","13":"first","14":"instock","15":"shipping-taxable","16":"purchasable","17":"product-type-simple"},"_links":{"self":[{"href":"https:\/\/editura-unibuc.ro\/en\/wp-json\/wp\/v2\/product\/33245","targetHints":{"allow":["GET"]}}],"collection":[{"href":"https:\/\/editura-unibuc.ro\/en\/wp-json\/wp\/v2\/product"}],"about":[{"href":"https:\/\/editura-unibuc.ro\/en\/wp-json\/wp\/v2\/types\/product"}],"replies":[{"embeddable":true,"href":"https:\/\/editura-unibuc.ro\/en\/wp-json\/wp\/v2\/comments?post=33245"}],"wp:featuredmedia":[{"embeddable":true,"href":"https:\/\/editura-unibuc.ro\/en\/wp-json\/wp\/v2\/media\/33248"}],"wp:attachment":[{"href":"https:\/\/editura-unibuc.ro\/en\/wp-json\/wp\/v2\/media?parent=33245"}],"wp:term":[{"taxonomy":"product_brand","embeddable":true,"href":"https:\/\/editura-unibuc.ro\/en\/wp-json\/wp\/v2\/product_brand?post=33245"},{"taxonomy":"product_cat","embeddable":true,"href":"https:\/\/editura-unibuc.ro\/en\/wp-json\/wp\/v2\/product_cat?post=33245"},{"taxonomy":"product_tag","embeddable":true,"href":"https:\/\/editura-unibuc.ro\/en\/wp-json\/wp\/v2\/product_tag?post=33245"}],"curies":[{"name":"wp","href":"https:\/\/api.w.org\/{rel}","templated":true}]}}