{"id":33252,"date":"2022-03-21T15:35:40","date_gmt":"2022-03-21T13:35:40","guid":{"rendered":"https:\/\/editura-unibuc.ro\/?post_type=product&#038;p=33252"},"modified":"2025-05-12T14:11:14","modified_gmt":"2025-05-12T11:11:14","slug":"racursiuri-etnologice-in-honorem-silviu-angelescu","status":"publish","type":"product","link":"https:\/\/editura-unibuc.ro\/en\/racursiuri-etnologice-in-honorem-silviu-angelescu\/","title":{"rendered":"RACURSIURI ETNOLOGICE. IN HONOREM SILVIU ANGELESCU"},"content":{"rendered":"<hr \/>\n<p><strong><a href=\"https:\/\/books.google.ro\/books\/about?id=OLNoEAAAQBAJ&#038;redir_esc=y\" target=\"_blank\" rel=\"noopener\"><img decoding=\"async\" src=\"https:\/\/editura-unibuc.ro\/wp-content\/uploads\/2025\/04\/goo.png\" \/>Google Books<\/a><\/strong><br \/>&nbsp;<\/p>\n<hr \/>\n<p><em>\u201cE adev\u0103rat c\u0103 p\u00e2n\u0103 scot o carte din cas\u0103 e foarte greu. M\u0103 hot\u0103r\u0103sc foarte greu s\u0103 public ceva, pentru c\u0103 actul acesta este, cel pu\u021bin din punctul meu de vedere, un act de mare responsabilitate \u0219i m\u0103 mai consolez c\u00e2teodat\u0103 cu g\u00e2ndul c\u0103 nu am nici cea mai mic\u0103 reticen\u021b\u0103 pentru tot ce am publicat p\u00e2n\u0103 acum. Cred c\u0103 este o dram\u0103 pentru cineva care ajunge s\u0103 regrete c\u0103 a publicat ceva. Eu am regrete c\u0103 nu am publicat.\u201d<\/em><\/p>\n","protected":false},"excerpt":{"rendered":"<p>Google Books&nbsp; \u201cE adev\u0103rat c\u0103 p\u00e2n\u0103 scot o carte din cas\u0103 e foarte greu. M\u0103 hot\u0103r\u0103sc foarte greu s\u0103 public ceva, pentru c\u0103 actul acesta este, cel pu\u021bin din punctul meu de vedere, un act de mare responsabilitate \u0219i m\u0103 mai consolez c\u00e2teodat\u0103 cu g\u00e2ndul c\u0103 nu am nici cea mai mic\u0103 reticen\u021b\u0103 pentru tot [&hellip;]<\/p>\n","protected":false},"featured_media":33249,"comment_status":"open","ping_status":"closed","template":"","meta":[],"product_brand":[],"product_cat":[1531,2509,1464,979],"product_tag":[],"class_list":{"0":"post-33252","1":"product","2":"type-product","3":"status-publish","4":"has-post-thumbnail","6":"product_cat-colectii","7":"product_cat-personalitati-ale-universitatii-din-bucuresti","8":"product_cat-filologie","9":"product_cat-limba-romana","11":"first","12":"instock","13":"shipping-taxable","14":"purchasable","15":"product-type-simple"},"_links":{"self":[{"href":"https:\/\/editura-unibuc.ro\/en\/wp-json\/wp\/v2\/product\/33252","targetHints":{"allow":["GET"]}}],"collection":[{"href":"https:\/\/editura-unibuc.ro\/en\/wp-json\/wp\/v2\/product"}],"about":[{"href":"https:\/\/editura-unibuc.ro\/en\/wp-json\/wp\/v2\/types\/product"}],"replies":[{"embeddable":true,"href":"https:\/\/editura-unibuc.ro\/en\/wp-json\/wp\/v2\/comments?post=33252"}],"wp:featuredmedia":[{"embeddable":true,"href":"https:\/\/editura-unibuc.ro\/en\/wp-json\/wp\/v2\/media\/33249"}],"wp:attachment":[{"href":"https:\/\/editura-unibuc.ro\/en\/wp-json\/wp\/v2\/media?parent=33252"}],"wp:term":[{"taxonomy":"product_brand","embeddable":true,"href":"https:\/\/editura-unibuc.ro\/en\/wp-json\/wp\/v2\/product_brand?post=33252"},{"taxonomy":"product_cat","embeddable":true,"href":"https:\/\/editura-unibuc.ro\/en\/wp-json\/wp\/v2\/product_cat?post=33252"},{"taxonomy":"product_tag","embeddable":true,"href":"https:\/\/editura-unibuc.ro\/en\/wp-json\/wp\/v2\/product_tag?post=33252"}],"curies":[{"name":"wp","href":"https:\/\/api.w.org\/{rel}","templated":true}]}}