{"id":33257,"date":"2022-03-21T15:41:09","date_gmt":"2022-03-21T13:41:09","guid":{"rendered":"https:\/\/editura-unibuc.ro\/?post_type=product&#038;p=33257"},"modified":"2025-05-13T09:54:36","modified_gmt":"2025-05-13T06:54:36","slug":"starea-vegetatiei-din-municipiul-bucuresti-abordari-complementare","status":"publish","type":"product","link":"https:\/\/editura-unibuc.ro\/en\/starea-vegetatiei-din-municipiul-bucuresti-abordari-complementare\/","title":{"rendered":"STAREA VEGETA\u021aIEI DIN MUNICIPIUL BUCURE\u0218TI. ABORD\u0102RI COMPLEMENTARE"},"content":{"rendered":"<hr \/>\n<p><strong><a href=\"https:\/\/books.google.ro\/books\/about?id=yu1sEAAAQBAJ&#038;redir_esc=y\" target=\"_blank\" rel=\"noopener\"><img decoding=\"async\" src=\"https:\/\/editura-unibuc.ro\/wp-content\/uploads\/2025\/04\/goo.png\" \/>Google Books<\/a><\/strong><br \/>&nbsp;<\/p>\n<hr \/>\n<p>Lucrarea \u00ee\u0219i propune s\u0103 defineasc\u0103 o metodologie practic\u0103 pentru monitorizarea vegeta\u021biei (urbane). Aceasta presupune mai multe direc\u021bii de cercetare, r\u0103spunz\u00e2nd la \u00eentreb\u0103rile UNDE?, CUM?, DE CE?.<\/p>\n","protected":false},"excerpt":{"rendered":"<p>Google Books&nbsp; Lucrarea \u00ee\u0219i propune s\u0103 defineasc\u0103 o metodologie practic\u0103 pentru monitorizarea vegeta\u021biei (urbane). Aceasta presupune mai multe direc\u021bii de cercetare, r\u0103spunz\u00e2nd la \u00eentreb\u0103rile UNDE?, CUM?, DE CE?.<\/p>\n","protected":false},"featured_media":33246,"comment_status":"open","ping_status":"closed","template":"","meta":[],"product_brand":[],"product_cat":[1531,2588,1466,989],"product_tag":[1152,3848,3847,1765],"class_list":{"0":"post-33257","1":"product","2":"type-product","3":"status-publish","4":"has-post-thumbnail","6":"product_cat-colectii","7":"product_cat-geographica","8":"product_cat-stiinte-ale-naturii","9":"product_cat-geografie","10":"product_tag-bucuresti","11":"product_tag-municipiul-bucuresti","12":"product_tag-parcuri","13":"product_tag-urbanism","15":"first","16":"instock","17":"shipping-taxable","18":"purchasable","19":"product-type-simple"},"_links":{"self":[{"href":"https:\/\/editura-unibuc.ro\/en\/wp-json\/wp\/v2\/product\/33257","targetHints":{"allow":["GET"]}}],"collection":[{"href":"https:\/\/editura-unibuc.ro\/en\/wp-json\/wp\/v2\/product"}],"about":[{"href":"https:\/\/editura-unibuc.ro\/en\/wp-json\/wp\/v2\/types\/product"}],"replies":[{"embeddable":true,"href":"https:\/\/editura-unibuc.ro\/en\/wp-json\/wp\/v2\/comments?post=33257"}],"wp:featuredmedia":[{"embeddable":true,"href":"https:\/\/editura-unibuc.ro\/en\/wp-json\/wp\/v2\/media\/33246"}],"wp:attachment":[{"href":"https:\/\/editura-unibuc.ro\/en\/wp-json\/wp\/v2\/media?parent=33257"}],"wp:term":[{"taxonomy":"product_brand","embeddable":true,"href":"https:\/\/editura-unibuc.ro\/en\/wp-json\/wp\/v2\/product_brand?post=33257"},{"taxonomy":"product_cat","embeddable":true,"href":"https:\/\/editura-unibuc.ro\/en\/wp-json\/wp\/v2\/product_cat?post=33257"},{"taxonomy":"product_tag","embeddable":true,"href":"https:\/\/editura-unibuc.ro\/en\/wp-json\/wp\/v2\/product_tag?post=33257"}],"curies":[{"name":"wp","href":"https:\/\/api.w.org\/{rel}","templated":true}]}}