{"id":33352,"date":"2022-04-05T09:56:07","date_gmt":"2022-04-05T06:56:07","guid":{"rendered":"https:\/\/editura-unibuc.ro\/?post_type=product&#038;p=33352"},"modified":"2025-05-06T12:48:12","modified_gmt":"2025-05-06T09:48:12","slug":"curso-practico-de-espanol-comunicacion-i","status":"publish","type":"product","link":"https:\/\/editura-unibuc.ro\/en\/curso-practico-de-espanol-comunicacion-i\/","title":{"rendered":"CURSO PR\u00c1CTICO DE ESPA\u00d1OL. COMUNICACI\u00d3N I"},"content":{"rendered":"<hr \/>\n<p><strong><a href=\"https:\/\/books.google.ro\/books\/about?id=lCxpEAAAQBAJ&#038;redir_esc=y\" target=\"_blank\" rel=\"noopener\"><img decoding=\"async\" src=\"https:\/\/editura-unibuc.ro\/wp-content\/uploads\/2025\/04\/goo.png\" \/>Google Books<\/a><\/strong><br \/>&nbsp;<\/p>\n<hr \/>\n<p>Lucrarea de fa\u021b\u0103 reprezint\u0103 un instrument de lucru \u00een clas\u0103 \u0219i acas\u0103 destinat at\u00e2t \u00eencep\u0103torilor, c\u00e2t \u0219i tuturor celor care doresc s\u0103-\u0219i aprofundeze cuno\u0219tin\u021bele de limba spaniol\u0103. Este format din 24 de unit\u0103\u021bi \u0219i recapitulare, organizate \u00een jurul unui vocabular tematic de interes general, precum: familie, orientare \u00een spa\u021biu, program zilnic, mijloace de transport, mijloace de comunicare, c\u0103l\u0103torii, etc.<\/p>\n","protected":false},"excerpt":{"rendered":"<p>Google Books&nbsp; Lucrarea de fa\u021b\u0103 reprezint\u0103 un instrument de lucru \u00een clas\u0103 \u0219i acas\u0103 destinat at\u00e2t \u00eencep\u0103torilor, c\u00e2t \u0219i tuturor celor care doresc s\u0103-\u0219i aprofundeze cuno\u0219tin\u021bele de limba spaniol\u0103. Este format din 24 de unit\u0103\u021bi \u0219i recapitulare, organizate \u00een jurul unui vocabular tematic de interes general, precum: familie, orientare \u00een spa\u021biu, program zilnic, mijloace de [&hellip;]<\/p>\n","protected":false},"featured_media":33353,"comment_status":"open","ping_status":"closed","template":"","meta":[],"product_brand":[],"product_cat":[1531,853,1464,980],"product_tag":[1002,3446],"class_list":{"0":"post-33352","1":"product","2":"type-product","3":"status-publish","4":"has-post-thumbnail","6":"product_cat-colectii","7":"product_cat-colectia-didactica-magna","8":"product_cat-filologie","9":"product_cat-limbi-romanice-clasice-si-orientale","10":"product_tag-curs-practic","11":"product_tag-limba-spaniola","13":"first","14":"instock","15":"shipping-taxable","16":"purchasable","17":"product-type-simple"},"_links":{"self":[{"href":"https:\/\/editura-unibuc.ro\/en\/wp-json\/wp\/v2\/product\/33352","targetHints":{"allow":["GET"]}}],"collection":[{"href":"https:\/\/editura-unibuc.ro\/en\/wp-json\/wp\/v2\/product"}],"about":[{"href":"https:\/\/editura-unibuc.ro\/en\/wp-json\/wp\/v2\/types\/product"}],"replies":[{"embeddable":true,"href":"https:\/\/editura-unibuc.ro\/en\/wp-json\/wp\/v2\/comments?post=33352"}],"wp:featuredmedia":[{"embeddable":true,"href":"https:\/\/editura-unibuc.ro\/en\/wp-json\/wp\/v2\/media\/33353"}],"wp:attachment":[{"href":"https:\/\/editura-unibuc.ro\/en\/wp-json\/wp\/v2\/media?parent=33352"}],"wp:term":[{"taxonomy":"product_brand","embeddable":true,"href":"https:\/\/editura-unibuc.ro\/en\/wp-json\/wp\/v2\/product_brand?post=33352"},{"taxonomy":"product_cat","embeddable":true,"href":"https:\/\/editura-unibuc.ro\/en\/wp-json\/wp\/v2\/product_cat?post=33352"},{"taxonomy":"product_tag","embeddable":true,"href":"https:\/\/editura-unibuc.ro\/en\/wp-json\/wp\/v2\/product_tag?post=33352"}],"curies":[{"name":"wp","href":"https:\/\/api.w.org\/{rel}","templated":true}]}}