{"id":33558,"date":"2022-04-13T17:21:27","date_gmt":"2022-04-13T14:21:27","guid":{"rendered":"https:\/\/editura-unibuc.ro\/?post_type=product&#038;p=33558"},"modified":"2025-08-08T12:08:41","modified_gmt":"2025-08-08T09:08:41","slug":"masca-identitate-si-contagiune","status":"publish","type":"product","link":"https:\/\/editura-unibuc.ro\/en\/masca-identitate-si-contagiune\/","title":{"rendered":"MASCA. IDENTITATE \u0218I CONTAGIUNE."},"content":{"rendered":"<hr \/>\n<p><strong><a href=\"https:\/\/books.google.ro\/books\/about?id=CBdtEAAAQBAJ&amp;redir_esc=y\" target=\"_blank\" rel=\"noopener\"><img decoding=\"async\" src=\"https:\/\/editura-unibuc.ro\/wp-content\/uploads\/2025\/04\/goo.png\" \/>Google Books<\/a><\/strong><br \/>&nbsp;<\/p>\n<hr \/>\n<p>La cump\u0103na unei prim\u0103veri problematice, Editura Universit\u0103\u021bii din Bucure\u0219ti &#8211; Bucharest University Press v\u0103 aduce \u00een aten\u021bie, online, un album fotografic cu imagini \u0219i \u00eentreb\u0103ri tulbur\u0103toare, dintr-un an de asemenea problematic, anul 1 al pandemiei care a schimbat lumea.<\/p>\n<p>\u201e2020, anul furat, deformeaz\u0103 spa\u021biul \u0219i timpul. Spa\u021biul dilat\u0103 nesf\u00e2r\u0219it masa sufrageriei pe care este a\u0219ezat calculatorul, \u00eemping\u00e2nd-o chiar p\u00e2n\u0103 pe alt continent. Timpul se str\u00e2nge, \u00een schimb, \u00een jurul scaunului meu, \u00eentr-un prezent continuu \u00een care noaptea se las\u0103 doar ca log out. Doar pantofii cu toc \u0219i d\u00e2ra de parfum \u00eencol\u0103cit\u0103 \u00eemi dau sentimentul c\u0103 sunt la curs. La cel mai postmodern curs din ultimul sfert de secol pe care, de altfel, mi l-am petrecut pred\u00e2nd.<\/p>\n<p>La \u00abun click\u00bb distan\u021b\u0103 profesorul poate fi manevrat din set\u0103ri. Allow. Mute. Pin. Dismiss. Suntem la butoanele unei lumi care, de fapt, \u00een felul acesta, ne controleaz\u0103. Alt+Cmd+Esc.<\/p>\n<p>Prin ochelarii anului 2020, lumea se vede invers. \u00cen universul real, se poart\u0103 filtrul cu MASC\u0102. Un filtru albastru, str\u00e2mb, ag\u0103\u021bat de urechi. Un filtru sub care o parte din noi a \u00eenceput s\u0103 orbeasc\u0103. Un filtru \u00een memoria celor 2,47 de milioane de oameni pentru care contagiunea a \u00eensemnat chiar Force Quit.\u201d<\/p>\n<p>Conf. univ. dr. Alexandra Cr\u0103ciun<\/p>\n","protected":false},"excerpt":{"rendered":"<p>Google Books&nbsp; La cump\u0103na unei prim\u0103veri problematice, Editura Universit\u0103\u021bii din Bucure\u0219ti &#8211; Bucharest University Press v\u0103 aduce \u00een aten\u021bie, online, un album fotografic cu imagini \u0219i \u00eentreb\u0103ri tulbur\u0103toare, dintr-un an de asemenea problematic, anul 1 al pandemiei care a schimbat lumea. \u201e2020, anul furat, deformeaz\u0103 spa\u021biul \u0219i timpul. Spa\u021biul dilat\u0103 nesf\u00e2r\u0219it masa sufrageriei pe care [&hellip;]<\/p>\n","protected":false},"featured_media":33560,"comment_status":"open","ping_status":"closed","template":"","meta":[],"product_brand":[],"product_cat":[1891,1464,3573],"product_tag":[],"class_list":{"0":"post-33558","1":"product","2":"type-product","3":"status-publish","4":"has-post-thumbnail","6":"product_cat-download","7":"product_cat-filologie","8":"product_cat-stiinte-ale-comunicarii","10":"first","11":"outofstock","12":"downloadable","13":"shipping-taxable","14":"product-type-simple"},"_links":{"self":[{"href":"https:\/\/editura-unibuc.ro\/en\/wp-json\/wp\/v2\/product\/33558","targetHints":{"allow":["GET"]}}],"collection":[{"href":"https:\/\/editura-unibuc.ro\/en\/wp-json\/wp\/v2\/product"}],"about":[{"href":"https:\/\/editura-unibuc.ro\/en\/wp-json\/wp\/v2\/types\/product"}],"replies":[{"embeddable":true,"href":"https:\/\/editura-unibuc.ro\/en\/wp-json\/wp\/v2\/comments?post=33558"}],"wp:featuredmedia":[{"embeddable":true,"href":"https:\/\/editura-unibuc.ro\/en\/wp-json\/wp\/v2\/media\/33560"}],"wp:attachment":[{"href":"https:\/\/editura-unibuc.ro\/en\/wp-json\/wp\/v2\/media?parent=33558"}],"wp:term":[{"taxonomy":"product_brand","embeddable":true,"href":"https:\/\/editura-unibuc.ro\/en\/wp-json\/wp\/v2\/product_brand?post=33558"},{"taxonomy":"product_cat","embeddable":true,"href":"https:\/\/editura-unibuc.ro\/en\/wp-json\/wp\/v2\/product_cat?post=33558"},{"taxonomy":"product_tag","embeddable":true,"href":"https:\/\/editura-unibuc.ro\/en\/wp-json\/wp\/v2\/product_tag?post=33558"}],"curies":[{"name":"wp","href":"https:\/\/api.w.org\/{rel}","templated":true}]}}