{"id":33599,"date":"2022-04-18T13:33:27","date_gmt":"2022-04-18T10:33:27","guid":{"rendered":"https:\/\/editura-unibuc.ro\/?post_type=product&#038;p=33599"},"modified":"2025-05-08T11:20:11","modified_gmt":"2025-05-08T08:20:11","slug":"eurostudii-vol-ii-o-zi-cu-europa-unghiuri-ale-privirii-istorice","status":"publish","type":"product","link":"https:\/\/editura-unibuc.ro\/en\/eurostudii-vol-ii-o-zi-cu-europa-unghiuri-ale-privirii-istorice\/","title":{"rendered":"EUROSTUDII, VOL. II. O ZI CU EUROPA: UNGHIURI ALE PRIVIRII ISTORICE"},"content":{"rendered":"<hr \/>\n<p><strong><a href=\"https:\/\/books.google.ro\/books\/about?id=xCVtEAAAQBAJ&#038;redir_esc=y\" target=\"_blank\" rel=\"noopener\"><img decoding=\"async\" src=\"https:\/\/editura-unibuc.ro\/wp-content\/uploads\/2025\/04\/goo.png\" \/>Google Books<\/a><\/strong><br \/>&nbsp;<\/p>\n<hr \/>\n<p>Studiile din acest volum ofer\u0103 o imagine fragmentar\u0103 a Europei, compus\u0103 pe dou\u0103 paliere confrunta\u021bionale: politica \u0219i institu\u021biile, pe de o parte, \u0219i efectele de via\u021b\u0103 privat\u0103, pe de alta. Autorii acestor studii sunt tineri \u0219i fiecare din texte a pornit de la un interes fa\u021b\u0103 de modul cum ne putem (re)modela ast\u0103zi prin \u00een\u021belegerea istoriei.<\/p>\n","protected":false},"excerpt":{"rendered":"<p>Google Books&nbsp; Studiile din acest volum ofer\u0103 o imagine fragmentar\u0103 a Europei, compus\u0103 pe dou\u0103 paliere confrunta\u021bionale: politica \u0219i institu\u021biile, pe de o parte, \u0219i efectele de via\u021b\u0103 privat\u0103, pe de alta. Autorii acestor studii sunt tineri \u0219i fiecare din texte a pornit de la un interes fa\u021b\u0103 de modul cum ne putem (re)modela ast\u0103zi [&hellip;]<\/p>\n","protected":false},"featured_media":33603,"comment_status":"open","ping_status":"closed","template":"","meta":[],"product_brand":[],"product_cat":[3823,1531,1464,979],"product_tag":[3853,3852,3854],"class_list":{"0":"post-33599","1":"product","2":"type-product","3":"status-publish","4":"has-post-thumbnail","6":"product_cat-stiinte-umane","7":"product_cat-colectii","8":"product_cat-filologie","9":"product_cat-limba-romana","10":"product_tag-epoca-moderna","11":"product_tag-legea-islamica","12":"product_tag-poemele-homerice","14":"first","15":"instock","16":"shipping-taxable","17":"purchasable","18":"product-type-simple"},"_links":{"self":[{"href":"https:\/\/editura-unibuc.ro\/en\/wp-json\/wp\/v2\/product\/33599","targetHints":{"allow":["GET"]}}],"collection":[{"href":"https:\/\/editura-unibuc.ro\/en\/wp-json\/wp\/v2\/product"}],"about":[{"href":"https:\/\/editura-unibuc.ro\/en\/wp-json\/wp\/v2\/types\/product"}],"replies":[{"embeddable":true,"href":"https:\/\/editura-unibuc.ro\/en\/wp-json\/wp\/v2\/comments?post=33599"}],"wp:featuredmedia":[{"embeddable":true,"href":"https:\/\/editura-unibuc.ro\/en\/wp-json\/wp\/v2\/media\/33603"}],"wp:attachment":[{"href":"https:\/\/editura-unibuc.ro\/en\/wp-json\/wp\/v2\/media?parent=33599"}],"wp:term":[{"taxonomy":"product_brand","embeddable":true,"href":"https:\/\/editura-unibuc.ro\/en\/wp-json\/wp\/v2\/product_brand?post=33599"},{"taxonomy":"product_cat","embeddable":true,"href":"https:\/\/editura-unibuc.ro\/en\/wp-json\/wp\/v2\/product_cat?post=33599"},{"taxonomy":"product_tag","embeddable":true,"href":"https:\/\/editura-unibuc.ro\/en\/wp-json\/wp\/v2\/product_tag?post=33599"}],"curies":[{"name":"wp","href":"https:\/\/api.w.org\/{rel}","templated":true}]}}