{"id":3373,"date":"2012-11-06T13:01:48","date_gmt":"2012-11-06T10:01:48","guid":{"rendered":"https:\/\/editura-unibuc.ro\/?p=3373"},"modified":"2015-03-13T17:55:37","modified_gmt":"2015-03-13T15:55:37","slug":"factores-que-influyen-en-la-adquisicion-de-una-lengua-extranjera-estudio-monografico","status":"publish","type":"product","link":"https:\/\/editura-unibuc.ro\/en\/factores-que-influyen-en-la-adquisicion-de-una-lengua-extranjera-estudio-monografico\/","title":{"rendered":"FACTORS WITH INFLUENCE IN LEARNING FOREIGN LANGUAGES"},"content":{"rendered":"<p>Didactica Magna 1<\/p>\n<p>\u201c\u00cen studierea unei limbi str\u0103ine, observ\u0103m c\u0103, \u00een afar\u0103 de \u00eensu\u0219irea unei structuri lingvistice, este necesar s\u0103 cunoa\u0219tem \u0219i alte realit\u0103\u021bi care determin\u0103 \u0219i faciliteaz\u0103 achizi\u021bia. Obiectivul acestei lucr\u0103ri este de a descoperi care sunt factorii care influen\u021beaz\u0103 \u00eenv\u0103\u021barea unei limbi str\u0103ine \u0219i care dintre tendin\u021be sunt urmate \u00een procesul de predare-\u00eenv\u0103\u021bare al limbii pentru ca cel care \u00eenva\u021b\u0103 s\u0103-\u0219i dezvolte competen\u021bele de comunicare.\u201d (Introducere) Lucrarea este un studiu monografic asupra modalit\u0103\u021bilor de studiere a limbilor str\u0103ine cu referire la sfera social\u0103, cultural\u0103 \u0219i comunica\u021bional\u0103 \u0219i este redactat\u0103 \u00een \u00eentregime \u00een limba spaniol\u0103.<\/p>\n","protected":false},"excerpt":{"rendered":"<p>Didactica Magna 1 \u201c\u00cen studierea unei limbi str\u0103ine, observ\u0103m c\u0103, \u00een afar\u0103 de \u00eensu\u0219irea unei structuri lingvistice, este necesar s\u0103 cunoa\u0219tem \u0219i alte realit\u0103\u021bi care determin\u0103 \u0219i faciliteaz\u0103 achizi\u021bia. Obiectivul acestei lucr\u0103ri este de a descoperi care sunt factorii care influen\u021beaz\u0103 \u00eenv\u0103\u021barea unei limbi str\u0103ine \u0219i care dintre tendin\u021be sunt urmate \u00een procesul de predare-\u00eenv\u0103\u021bare [&hellip;]<\/p>\n","protected":false},"featured_media":10204,"comment_status":"open","ping_status":"closed","template":"","meta":[],"product_brand":[],"product_cat":[1464,980],"product_tag":[1059,880],"class_list":{"0":"post-3373","1":"product","2":"type-product","3":"status-publish","4":"has-post-thumbnail","6":"product_cat-filologie","7":"product_cat-limbi-romanice-clasice-si-orientale","8":"product_tag-limbi-straine","9":"product_tag-spaniola","11":"first","12":"instock","13":"shipping-taxable","14":"purchasable","15":"product-type-simple"},"_links":{"self":[{"href":"https:\/\/editura-unibuc.ro\/en\/wp-json\/wp\/v2\/product\/3373","targetHints":{"allow":["GET"]}}],"collection":[{"href":"https:\/\/editura-unibuc.ro\/en\/wp-json\/wp\/v2\/product"}],"about":[{"href":"https:\/\/editura-unibuc.ro\/en\/wp-json\/wp\/v2\/types\/product"}],"replies":[{"embeddable":true,"href":"https:\/\/editura-unibuc.ro\/en\/wp-json\/wp\/v2\/comments?post=3373"}],"wp:featuredmedia":[{"embeddable":true,"href":"https:\/\/editura-unibuc.ro\/en\/wp-json\/wp\/v2\/media\/10204"}],"wp:attachment":[{"href":"https:\/\/editura-unibuc.ro\/en\/wp-json\/wp\/v2\/media?parent=3373"}],"wp:term":[{"taxonomy":"product_brand","embeddable":true,"href":"https:\/\/editura-unibuc.ro\/en\/wp-json\/wp\/v2\/product_brand?post=3373"},{"taxonomy":"product_cat","embeddable":true,"href":"https:\/\/editura-unibuc.ro\/en\/wp-json\/wp\/v2\/product_cat?post=3373"},{"taxonomy":"product_tag","embeddable":true,"href":"https:\/\/editura-unibuc.ro\/en\/wp-json\/wp\/v2\/product_tag?post=3373"}],"curies":[{"name":"wp","href":"https:\/\/api.w.org\/{rel}","templated":true}]}}