{"id":33750,"date":"2022-05-10T10:30:45","date_gmt":"2022-05-10T07:30:45","guid":{"rendered":"https:\/\/editura-unibuc.ro\/?post_type=product&#038;p=33750"},"modified":"2025-05-12T09:59:51","modified_gmt":"2025-05-12T06:59:51","slug":"particularitatile-misiunii-bisericii-ortodoxe-romane-in-comunitatile-romilor-caldarari","status":"publish","type":"product","link":"https:\/\/editura-unibuc.ro\/en\/particularitatile-misiunii-bisericii-ortodoxe-romane-in-comunitatile-romilor-caldarari\/","title":{"rendered":"PARTICULARIT\u0102\u021aILE MISIUNII BISERICII ORTODOXE ROM\u00c2NE \u00ceN COMUNIT\u0102\u021aILE ROMILOR C\u0102LD\u0102RARI"},"content":{"rendered":"<hr \/>\n<p><strong><a href=\"https:\/\/books.google.ro\/books\/about?id=BhdtEAAAQBAJ&#038;redir_esc=y\" target=\"_blank\" rel=\"noopener\"><img decoding=\"async\" src=\"https:\/\/editura-unibuc.ro\/wp-content\/uploads\/2025\/04\/goo.png\" \/>Google Books<\/a><\/strong><br \/>&nbsp;<\/p>\n<hr \/>\n<p>\u201eCartea domnului Marius C\u0103ld\u0103raru, \u201eParticularit\u0103\u021bile misiunii Bisericii Ortodoxe Rom\u00e2ne \u00een comunit\u0103\u021bile romilor c\u0103ld\u0103rari\u201d, este rezultatul unei cercet\u0103ri asidue, desf\u0103\u0219urat\u0103 pe parcursul studiilor universitare \u0219i doctorale, care a fost \u00eencununat\u0103 cu teza de doctorat omonim\u0103 sus\u021binut\u0103 la Facultatea de Teologie Ortodox\u0103 \u201eJustinian Patriarhul\u201d  \u00een vederea dob\u00e2ndirii titlului de doctor \u00een teologie.<br \/>\nNe afl\u0103m \u00een fa\u021ba unei lucr\u0103ri de excep\u021bie care \u00ee\u0219i propune s\u0103 contribuie la \u00een\u021belegerea ethosului romilor c\u0103ld\u0103rari, care puncteaz\u0103 importan\u021ba con\u0219tientiz\u0103rii reciprocei \u0219i tradi\u021bionalei ne\u00eencrederi dintre ace\u0219tia \u0219i popula\u021bia majoritar\u0103 \u0219i invit\u0103 la asumarea trecutului istoric marcat de spinoasa problem\u0103 a robiei \u0219i holocaustului. Autorul demonstreaz\u0103, pe baza documentelor istorice, c\u0103 Biserica Ortodox\u0103 Rom\u00e2n\u0103 a \u00eencercat dintotdeauna s\u0103-i ajute pe romi, \u00een timp ce institu\u021bia robiei romilor trebuie privit\u0103 \u0219i evaluat\u0103 \u00een contextul s\u0103u istoric.\u201d <\/p>\n<p>Pr. Radu Mure\u0219an<\/p>\n","protected":false},"excerpt":{"rendered":"<p>Google Books&nbsp; \u201eCartea domnului Marius C\u0103ld\u0103raru, \u201eParticularit\u0103\u021bile misiunii Bisericii Ortodoxe Rom\u00e2ne \u00een comunit\u0103\u021bile romilor c\u0103ld\u0103rari\u201d, este rezultatul unei cercet\u0103ri asidue, desf\u0103\u0219urat\u0103 pe parcursul studiilor universitare \u0219i doctorale, care a fost \u00eencununat\u0103 cu teza de doctorat omonim\u0103 sus\u021binut\u0103 la Facultatea de Teologie Ortodox\u0103 \u201eJustinian Patriarhul\u201d \u00een vederea dob\u00e2ndirii titlului de doctor \u00een teologie. Ne afl\u0103m \u00een [&hellip;]<\/p>\n","protected":false},"featured_media":33751,"comment_status":"open","ping_status":"closed","template":"","meta":[],"product_brand":[],"product_cat":[1531,2597,991,999],"product_tag":[3858,3860,3859],"class_list":{"0":"post-33750","1":"product","2":"type-product","3":"status-publish","4":"has-post-thumbnail","6":"product_cat-colectii","7":"product_cat-studia-theologica","8":"product_cat-stiinte-sociale","9":"product_cat-teologie","10":"product_tag-istoria-romilor","11":"product_tag-misionarism","12":"product_tag-viata-religioasa","14":"first","15":"instock","16":"shipping-taxable","17":"purchasable","18":"product-type-simple"},"_links":{"self":[{"href":"https:\/\/editura-unibuc.ro\/en\/wp-json\/wp\/v2\/product\/33750","targetHints":{"allow":["GET"]}}],"collection":[{"href":"https:\/\/editura-unibuc.ro\/en\/wp-json\/wp\/v2\/product"}],"about":[{"href":"https:\/\/editura-unibuc.ro\/en\/wp-json\/wp\/v2\/types\/product"}],"replies":[{"embeddable":true,"href":"https:\/\/editura-unibuc.ro\/en\/wp-json\/wp\/v2\/comments?post=33750"}],"wp:featuredmedia":[{"embeddable":true,"href":"https:\/\/editura-unibuc.ro\/en\/wp-json\/wp\/v2\/media\/33751"}],"wp:attachment":[{"href":"https:\/\/editura-unibuc.ro\/en\/wp-json\/wp\/v2\/media?parent=33750"}],"wp:term":[{"taxonomy":"product_brand","embeddable":true,"href":"https:\/\/editura-unibuc.ro\/en\/wp-json\/wp\/v2\/product_brand?post=33750"},{"taxonomy":"product_cat","embeddable":true,"href":"https:\/\/editura-unibuc.ro\/en\/wp-json\/wp\/v2\/product_cat?post=33750"},{"taxonomy":"product_tag","embeddable":true,"href":"https:\/\/editura-unibuc.ro\/en\/wp-json\/wp\/v2\/product_tag?post=33750"}],"curies":[{"name":"wp","href":"https:\/\/api.w.org\/{rel}","templated":true}]}}