{"id":33954,"date":"2022-06-07T16:03:52","date_gmt":"2022-06-07T13:03:52","guid":{"rendered":"https:\/\/editura-unibuc.ro\/?post_type=product&#038;p=33954"},"modified":"2025-05-06T12:12:00","modified_gmt":"2025-05-06T09:12:00","slug":"coruptie-cultura-si-caracter-endemic-in-romania-forme-de-manifestare-a-coruptiei-in-raport-cu-evolutia-cultural-istorica-romaneasca-si-problematica-endemicitatii","status":"publish","type":"product","link":"https:\/\/editura-unibuc.ro\/en\/coruptie-cultura-si-caracter-endemic-in-romania-forme-de-manifestare-a-coruptiei-in-raport-cu-evolutia-cultural-istorica-romaneasca-si-problematica-endemicitatii\/","title":{"rendered":"CORUP\u021aIE, CULTUR\u0102 \u0218I CARACTER ENDEMIC \u00ceN ROM\u00c2NIA. FORME DE MANIFESTARE A CORUP\u021aIEI \u00ceN RAPORT CU EVOLU\u021aIA CULTURAL-ISTORIC\u0102 ROM\u00c2NEASC\u0102 \u0218I PROBLEMATICA ENDEMICIT\u0102\u021aII"},"content":{"rendered":"<p><\/p>\n<hr \/>\n<p><strong><a href=\"https:\/\/books.google.ro\/books\/about?id=y9iyEAAAQBAJ&#038;redir_esc=y\" target=\"_blank\" rel=\"noopener\"><img decoding=\"async\" src=\"https:\/\/editura-unibuc.ro\/wp-content\/uploads\/2025\/04\/goo.png\" \/>Google Books<\/a><\/strong><br \/>&nbsp;<\/p>\n<hr \/>\n<p>Cititorul tezei Andreei Gu\u0219\u0103 prime\u0219te un du\u0219 rece: el afl\u0103 nu numai c\u0103 nu \u0219tie bine ce este corup\u021bia (ci doar credea c\u0103 \u0219tie), dar \u0219i c\u0103 nu exist\u0103 nicio defini\u021bie a ei univoc\u0103, universal\u0103 \u0219i unanim acceptat\u0103 de exper\u021bi. Mai grav, afl\u0103 c\u0103 \u00eens\u0103\u0219i m\u0103surarea fenomenului e discutabil\u0103 \u0219i subiectiv\u0103, iar taxonomia corup\u021biei, complicat\u0103, c\u00e2nd nu confuz\u0103, deoarece criteriile, speciile \u0219i variet\u0103\u021bile corup\u021biei se \u00eencalec\u0103 adesea, iar cercet\u0103torii \u0219i aici se contrazic. De asemenea, nea\u0219teptat poate fi pentru el \u0219i faptul c\u0103 nu exist\u0103 printre exper\u021bi unitate, nici m\u0103car aproximativ\u0103 asupra cauzelor corup\u021biei. Dar cel mai descurajator cumva este c\u0103 nici m\u0103car sub raport etic nu \u00eent\u00e2lnim o judecat\u0103 univoc\u0103 asupra corup\u021biei: unii autori, arat\u0103 autoarea, \u00eentrev\u0103d chiar existen\u021ba unei corup\u021bii \u201ebune\u201d, care \u201eunge roti\u021bele \u00een\u021bepenite ale birocra\u021biei\u201d, \u00eencuraj\u00e2nd dezvoltarea economic\u0103 \u00een anumite condi\u021bii. Ba mai mult: conceptul \u00eensu\u0219i ar putea fi un \u201econstruct\u201d ideologic, sunt de p\u0103rere unii cercet\u0103tori din specia numit\u0103 \u201erevizioni\u0219ti\u201d sau relativi\u0219ti cultural, un construct \u00een baza c\u0103ruia Occidentul, chipurile, \u00eencearc\u0103 s\u0103 discrediteze restul lumii \u0219i s\u0103-\u0219i justifice condescendent domina\u021bia, deduc\u00e2nd subdezvoltarea \u021b\u0103rilor non-occidentale dintr-o corup\u021bie genetic\u0103 \u0219i \u201eendemic\u0103\u201d \u00een culturile respective. Sau, \u00een termeni brutali: \u201esunte\u021bi s\u0103raci fiindc\u0103 sunte\u021bi necinsti\u021bi\u201d. Andreea Gu\u0219\u0103 nu se las\u0103 intimidat\u0103 de aceast\u0103 \u201ejungl\u0103\u201d epistemic\u0103, ba chiar reu\u0219e\u0219te \u2013 \u0219i nu e un merit mic \u2013 s\u0103 ne c\u0103l\u0103uzeasc\u0103 eficient prin ea, l\u0103s\u00e2ndu-ne s\u0103 sper\u0103m, la cap\u0103tul drumului, c\u0103 suntem ceva mai bine echipa\u021bi nu numai s\u0103 \u00een\u021belegem formele deloc pu\u021bine ale corup\u021biei, dar \u0219i s\u0103 \u00eentrevedem remedii \u2013 fapt de luat \u00een seam\u0103 pentru deciden\u021bi. Tocmai abordarea sa \u201eculturalist-moderat\u0103\u201d, ferindu-se de radicalisme, de judec\u0103\u021bi globale, de abord\u0103ri unilaterale, mereu c\u0103ut\u00e2nd nuan\u021ba, f\u0103r\u0103 a uita totu\u0219i de prezen\u021ba universalului,  mi se pare corect\u0103 teoretic \u0219i, la nevoie, de utilitate practic\u0103. (Prof. dr. Andrei Cornea)<\/p>","protected":false},"excerpt":{"rendered":"<p>Google Books&nbsp; Cititorul tezei Andreei Gu\u0219\u0103 prime\u0219te un du\u0219 rece: el afl\u0103 nu numai c\u0103 nu \u0219tie bine ce este corup\u021bia (ci doar credea c\u0103 \u0219tie), dar \u0219i c\u0103 nu exist\u0103 nicio defini\u021bie a ei univoc\u0103, universal\u0103 \u0219i unanim acceptat\u0103 de exper\u021bi. Mai grav, afl\u0103 c\u0103 \u00eens\u0103\u0219i m\u0103surarea fenomenului e discutabil\u0103 \u0219i subiectiv\u0103, iar taxonomia [&hellip;]<\/p>\n","protected":false},"featured_media":33967,"comment_status":"open","ping_status":"closed","template":"","meta":[],"product_brand":[],"product_cat":[3823,1531],"product_tag":[3208,3864,1283],"class_list":{"0":"post-33954","1":"product","2":"type-product","3":"status-publish","4":"has-post-thumbnail","6":"product_cat-stiinte-umane","7":"product_cat-colectii","8":"product_tag-coruptie","9":"product_tag-premise-teoretice","10":"product_tag-studii-culturale","12":"first","13":"instock","14":"shipping-taxable","15":"purchasable","16":"product-type-simple"},"_links":{"self":[{"href":"https:\/\/editura-unibuc.ro\/en\/wp-json\/wp\/v2\/product\/33954","targetHints":{"allow":["GET"]}}],"collection":[{"href":"https:\/\/editura-unibuc.ro\/en\/wp-json\/wp\/v2\/product"}],"about":[{"href":"https:\/\/editura-unibuc.ro\/en\/wp-json\/wp\/v2\/types\/product"}],"replies":[{"embeddable":true,"href":"https:\/\/editura-unibuc.ro\/en\/wp-json\/wp\/v2\/comments?post=33954"}],"wp:featuredmedia":[{"embeddable":true,"href":"https:\/\/editura-unibuc.ro\/en\/wp-json\/wp\/v2\/media\/33967"}],"wp:attachment":[{"href":"https:\/\/editura-unibuc.ro\/en\/wp-json\/wp\/v2\/media?parent=33954"}],"wp:term":[{"taxonomy":"product_brand","embeddable":true,"href":"https:\/\/editura-unibuc.ro\/en\/wp-json\/wp\/v2\/product_brand?post=33954"},{"taxonomy":"product_cat","embeddable":true,"href":"https:\/\/editura-unibuc.ro\/en\/wp-json\/wp\/v2\/product_cat?post=33954"},{"taxonomy":"product_tag","embeddable":true,"href":"https:\/\/editura-unibuc.ro\/en\/wp-json\/wp\/v2\/product_tag?post=33954"}],"curies":[{"name":"wp","href":"https:\/\/api.w.org\/{rel}","templated":true}]}}