{"id":3396,"date":"2012-11-07T14:10:50","date_gmt":"2012-11-07T11:10:50","guid":{"rendered":"https:\/\/editura-unibuc.ro\/?p=3396"},"modified":"2024-10-07T12:46:26","modified_gmt":"2024-10-07T09:46:26","slug":"microbiologie-si-virologie-medicala","status":"publish","type":"product","link":"https:\/\/editura-unibuc.ro\/en\/microbiologie-si-virologie-medicala\/","title":{"rendered":"MEDICAL MICROBIOLOGY AND VIROLOGY, 2nd ed. \u2013 VOL. 1"},"content":{"rendered":"<p><br \/>\nManualul de Microbiologie \u0219i Virologie medical\u0103, bogat ilustrat color \u0219i extins pe 748 de pagini, se adreseaz\u0103, \u00een primul r\u00e2nd, studen\u021bilor Facult\u0103\u021bii de Biologie, care audiaz\u0103 cursuri de profil, dar \u00een egal\u0103 m\u0103sur\u0103, biologilor \u0219i medicilor cu specializare \u00een microbiologia clinic\u0103. De asemenea, manualul este accesibil \u0219i necesar oric\u0103rui student al facult\u0103\u021bii noastre, deoarece no\u021biunile specifice de profil bio-medical sunt precedate de prezentarea celor fundamentale, cu scopul de a integra \u00eentr-un tot unitar \u0219i de a accentua rela\u021bia direct\u0103 dintre structur\u0103, func\u021bie \u0219i mecanismele patogenit\u0103\u021bii agen\u021bilor infec\u021bio\u0219i, precum \u0219i dinamica r\u0103spunsului imun. (Cuv\u00e2nt \u00eenainte)<\/p>","protected":false},"excerpt":{"rendered":"<p>Manualul de Microbiologie \u0219i Virologie medical\u0103, bogat ilustrat color \u0219i extins pe 748 de pagini, se adreseaz\u0103, \u00een primul r\u00e2nd, studen\u021bilor Facult\u0103\u021bii de Biologie, care audiaz\u0103 cursuri de profil, dar \u00een egal\u0103 m\u0103sur\u0103, biologilor \u0219i medicilor cu specializare \u00een microbiologia clinic\u0103. De asemenea, manualul este accesibil \u0219i necesar oric\u0103rui student al facult\u0103\u021bii noastre, deoarece no\u021biunile [&hellip;]<\/p>\n","protected":false},"featured_media":10199,"comment_status":"open","ping_status":"closed","template":"","meta":[],"product_brand":[],"product_cat":[1466,988],"product_tag":[904,906],"class_list":{"0":"post-3396","1":"product","2":"type-product","3":"status-publish","4":"has-post-thumbnail","6":"product_cat-stiinte-ale-naturii","7":"product_cat-biologie","8":"product_tag-biologie","9":"product_tag-medicina","11":"first","12":"outofstock","13":"shipping-taxable","14":"purchasable","15":"product-type-simple"},"_links":{"self":[{"href":"https:\/\/editura-unibuc.ro\/en\/wp-json\/wp\/v2\/product\/3396","targetHints":{"allow":["GET"]}}],"collection":[{"href":"https:\/\/editura-unibuc.ro\/en\/wp-json\/wp\/v2\/product"}],"about":[{"href":"https:\/\/editura-unibuc.ro\/en\/wp-json\/wp\/v2\/types\/product"}],"replies":[{"embeddable":true,"href":"https:\/\/editura-unibuc.ro\/en\/wp-json\/wp\/v2\/comments?post=3396"}],"wp:featuredmedia":[{"embeddable":true,"href":"https:\/\/editura-unibuc.ro\/en\/wp-json\/wp\/v2\/media\/10199"}],"wp:attachment":[{"href":"https:\/\/editura-unibuc.ro\/en\/wp-json\/wp\/v2\/media?parent=3396"}],"wp:term":[{"taxonomy":"product_brand","embeddable":true,"href":"https:\/\/editura-unibuc.ro\/en\/wp-json\/wp\/v2\/product_brand?post=3396"},{"taxonomy":"product_cat","embeddable":true,"href":"https:\/\/editura-unibuc.ro\/en\/wp-json\/wp\/v2\/product_cat?post=3396"},{"taxonomy":"product_tag","embeddable":true,"href":"https:\/\/editura-unibuc.ro\/en\/wp-json\/wp\/v2\/product_tag?post=3396"}],"curies":[{"name":"wp","href":"https:\/\/api.w.org\/{rel}","templated":true}]}}