{"id":3414,"date":"2012-11-08T11:17:39","date_gmt":"2012-11-08T08:17:39","guid":{"rendered":"https:\/\/editura-unibuc.ro\/?p=3414"},"modified":"2016-02-18T15:14:48","modified_gmt":"2016-02-18T13:14:48","slug":"dealurile-jiltului-influenta-activitatilor-de-exploatare-a-lignitului-in-dinamica-reliefului","status":"publish","type":"product","link":"https:\/\/editura-unibuc.ro\/en\/dealurile-jiltului-influenta-activitatilor-de-exploatare-a-lignitului-in-dinamica-reliefului\/","title":{"rendered":"JIL\u021aULUI HILLS. LIGNITE EXCAVATION ACTIVITIES INFLUENCE IN LANDSCAPE DYNAMICS"},"content":{"rendered":"<p>Lucrarea reprezint\u0103 un studiu pe o tem\u0103 de mare actualitate, realizat\u0103 prin g\u0103ndirea unui geograf fizician \u0219i prin metode moderne specifice acestui domeniu. Se bazeaz\u0103 pe o atent\u0103 documentare din literatura internaonal\u0103 privind dinamica de versant \u0219i spa\u021bii environmentale \u0219i pe analiza complex\u0103 a h\u0103r\u021bilor, planurilor topografice, aerofotogramelor \u0219i imaginilor satelitare. Baza studiului au constituit-o observa\u021biile \u00een teren prin care s-au realizat analize asupra fiec\u0103rui sector de exploatare minier\u0103, \u00een carier\u0103 sau subteran, cart\u0103ri detaliate pe planurile topografice, corel\u0103ri \u00eentre caracteristicile galeriilor \u0219i ceea ce se petrece la suprafa\u021b\u0103, m\u0103sur\u0103tori ce-au condus la stabilirea dinamicii proceselor de pe versan\u021bi \u0219i a formelor de relief rezultate, diverse informa\u021bii de la \u00eentreprinderile miniere \u0219i de la localnici, orientate pe schimb\u0103ri \u00een structura \u0219i alc\u0103tuirea mediului. Punctele pozitive distincte reies din interpretarea materialelor geologice consultate, din analiza profilelor \u0219i h\u0103r\u021bilor morfometrice, din studiul comparativ al evolu\u021biei formelor de relief \u00eentre 1972 \u0219i 2002, adic\u0103 \u00een intervalul \u00een care presiunea antropic\u0103 a fost exercitat\u0103 \u00eendeosebi prin dezvoltarea mineritului.(Prof. univ. dr. Mihai Ielenicz, Universitatea din Bucuresti, Facultatea de Geografie)<\/p>\n","protected":false},"excerpt":{"rendered":"<p>Lucrarea reprezint\u0103 un studiu pe o tem\u0103 de mare actualitate, realizat\u0103 prin g\u0103ndirea unui geograf fizician \u0219i prin metode moderne specifice acestui domeniu. Se bazeaz\u0103 pe o atent\u0103 documentare din literatura internaonal\u0103 privind dinamica de versant \u0219i spa\u021bii environmentale \u0219i pe analiza complex\u0103 a h\u0103r\u021bilor, planurilor topografice, aerofotogramelor \u0219i imaginilor satelitare. Baza studiului au constituit-o [&hellip;]<\/p>\n","protected":false},"featured_media":10194,"comment_status":"open","ping_status":"closed","template":"","meta":[],"product_brand":[],"product_cat":[1466,989],"product_tag":[903],"class_list":{"0":"post-3414","1":"product","2":"type-product","3":"status-publish","4":"has-post-thumbnail","6":"product_cat-stiinte-ale-naturii","7":"product_cat-geografie","8":"product_tag-geografie","10":"first","11":"instock","12":"shipping-taxable","13":"purchasable","14":"product-type-simple"},"_links":{"self":[{"href":"https:\/\/editura-unibuc.ro\/en\/wp-json\/wp\/v2\/product\/3414","targetHints":{"allow":["GET"]}}],"collection":[{"href":"https:\/\/editura-unibuc.ro\/en\/wp-json\/wp\/v2\/product"}],"about":[{"href":"https:\/\/editura-unibuc.ro\/en\/wp-json\/wp\/v2\/types\/product"}],"replies":[{"embeddable":true,"href":"https:\/\/editura-unibuc.ro\/en\/wp-json\/wp\/v2\/comments?post=3414"}],"wp:featuredmedia":[{"embeddable":true,"href":"https:\/\/editura-unibuc.ro\/en\/wp-json\/wp\/v2\/media\/10194"}],"wp:attachment":[{"href":"https:\/\/editura-unibuc.ro\/en\/wp-json\/wp\/v2\/media?parent=3414"}],"wp:term":[{"taxonomy":"product_brand","embeddable":true,"href":"https:\/\/editura-unibuc.ro\/en\/wp-json\/wp\/v2\/product_brand?post=3414"},{"taxonomy":"product_cat","embeddable":true,"href":"https:\/\/editura-unibuc.ro\/en\/wp-json\/wp\/v2\/product_cat?post=3414"},{"taxonomy":"product_tag","embeddable":true,"href":"https:\/\/editura-unibuc.ro\/en\/wp-json\/wp\/v2\/product_tag?post=3414"}],"curies":[{"name":"wp","href":"https:\/\/api.w.org\/{rel}","templated":true}]}}