{"id":3419,"date":"2012-11-08T11:31:05","date_gmt":"2012-11-08T08:31:05","guid":{"rendered":"https:\/\/editura-unibuc.ro\/?p=3419"},"modified":"2016-02-18T15:14:47","modified_gmt":"2016-02-18T13:14:47","slug":"notiuni-de-teledetectie","status":"publish","type":"product","link":"https:\/\/editura-unibuc.ro\/en\/notiuni-de-teledetectie\/","title":{"rendered":"REMOTE SENSING NOTIONS"},"content":{"rendered":"<p>Prin teledetec\u021bie \u00een sensul larg se \u00een\u021belege observarea obiectelor \u0219i fenomenelor de la distan\u021b\u0103. \u0218i deoarece distan\u021ba de observare poate fi mai mare \u00een cazul unor instrumente mai performante, care pot investiga obiecte mici, s-a ajuns ast\u0103zi, la situa\u021bia ca o serie de m\u0103sur\u0103tori de la suprafa\u021ba terestr\u0103 s\u0103 fie realizate din spa\u021biu. Pe scurt, teledetec\u021bia realizeaz\u0103 reprezent\u0103ri grafice ale obiectelor prin captarea radia\u021biilor electromagnetice emise de c\u0103tre acestea \u00een mod natural sau artificial prin folosirea unei surse de radia\u021bii. Lucrarea reprezint\u0103 o sintez\u0103, \u00eentr-o form\u0103 u\u0219or accesibil\u0103 a cuno\u0219tin\u021belor din plan interna\u021bional \u0219i na\u021bional din domeniu \u0219i are ca obiectiv \u00eencurajarea utiliz\u0103rii imaginilor satelitare \u0219i aeriene de c\u0103tre studen\u021bi \u0219i cei preocupa\u021bi de analize geografice pentru un plus de obiectivitate \u0219i calitate al reprezent\u0103rilor grafice. (Constantin Nistor)<\/p>","protected":false},"excerpt":{"rendered":"<p>Prin teledetec\u021bie \u00een sensul larg se \u00een\u021belege observarea obiectelor \u0219i fenomenelor de la distan\u021b\u0103. \u0218i deoarece distan\u021ba de observare poate fi mai mare \u00een cazul unor instrumente mai performante, care pot investiga obiecte mici, s-a ajuns ast\u0103zi, la situa\u021bia ca o serie de m\u0103sur\u0103tori de la suprafa\u021ba terestr\u0103 s\u0103 fie realizate din spa\u021biu. Pe scurt, [&hellip;]<\/p>\n","protected":false},"featured_media":10191,"comment_status":"open","ping_status":"closed","template":"","meta":[],"product_brand":[],"product_cat":[1466,989],"product_tag":[903],"class_list":{"0":"post-3419","1":"product","2":"type-product","3":"status-publish","4":"has-post-thumbnail","6":"product_cat-stiinte-ale-naturii","7":"product_cat-geografie","8":"product_tag-geografie","10":"first","11":"instock","12":"shipping-taxable","13":"purchasable","14":"product-type-simple"},"_links":{"self":[{"href":"https:\/\/editura-unibuc.ro\/en\/wp-json\/wp\/v2\/product\/3419","targetHints":{"allow":["GET"]}}],"collection":[{"href":"https:\/\/editura-unibuc.ro\/en\/wp-json\/wp\/v2\/product"}],"about":[{"href":"https:\/\/editura-unibuc.ro\/en\/wp-json\/wp\/v2\/types\/product"}],"replies":[{"embeddable":true,"href":"https:\/\/editura-unibuc.ro\/en\/wp-json\/wp\/v2\/comments?post=3419"}],"wp:featuredmedia":[{"embeddable":true,"href":"https:\/\/editura-unibuc.ro\/en\/wp-json\/wp\/v2\/media\/10191"}],"wp:attachment":[{"href":"https:\/\/editura-unibuc.ro\/en\/wp-json\/wp\/v2\/media?parent=3419"}],"wp:term":[{"taxonomy":"product_brand","embeddable":true,"href":"https:\/\/editura-unibuc.ro\/en\/wp-json\/wp\/v2\/product_brand?post=3419"},{"taxonomy":"product_cat","embeddable":true,"href":"https:\/\/editura-unibuc.ro\/en\/wp-json\/wp\/v2\/product_cat?post=3419"},{"taxonomy":"product_tag","embeddable":true,"href":"https:\/\/editura-unibuc.ro\/en\/wp-json\/wp\/v2\/product_tag?post=3419"}],"curies":[{"name":"wp","href":"https:\/\/api.w.org\/{rel}","templated":true}]}}