{"id":3430,"date":"2012-11-08T12:06:38","date_gmt":"2012-11-08T09:06:38","guid":{"rendered":"https:\/\/editura-unibuc.ro\/?p=3430"},"modified":"2023-11-27T13:59:13","modified_gmt":"2023-11-27T11:59:13","slug":"human-geographies-journal-of-studies-and-research-in-human-geography-vol-5-issue-1-may-2011","status":"publish","type":"product","link":"https:\/\/editura-unibuc.ro\/en\/human-geographies-journal-of-studies-and-research-in-human-geography-vol-5-issue-1-may-2011\/","title":{"rendered":"HUMAN GEOGRAPHIES. JOURNAL OF STUDIES AND RESEARCH IN HUMAN GEOGRAPHY, Vol. 5, Issue 1, May 2011"},"content":{"rendered":"<p>Sumar: Radu Dimitriu, Andreea Dimitriu, Raluca Ioana Horea-\u0218erban \u2013 The Geographical Distrbution of Romanian Churches Abroad the Country. A Valuable Source of Information on the International Migrations of our Fellow Country Men; Tanja Armenski, Doris Omerzel Gomezelj, Branislav Djurdjev, Lukrecija Deri, Aleksandra Dragin \u2013 Destination Competitiveness: A Challenging Process for Serbia; Reetinder Kaur, A. K. Sinha \u2013 Globalization and Health: A Case Study of Punjab; Tara Brabazon: When Bohemia Becomes a Business: City Lights, Columbus Avenue and a Future for San Francisco; Chuba O. Odum, Eziyi O. Ibem \u2013 Securing Urban Land for Housing among the Low-Income Earners in Sub-Saharan Africa: Case Study of Workers\u201f Co-Operative Society, Enugu, Nigeria; Radu S\u0103geat\u0103: The Administrative \u2013 Political Function of Human Settlements and the Role it Plays in Organizing Geographical Space. Case Study \u2013 Romania; Irena Mocanu: The Effects of the Current Crisis on the Unemployment and on the General Job-Exchanges in Romania. Territorial and Temporal Particularities; Somnath Ghosal \u2013 Pre-Colonial and Colonial Forest Culture in the Presidency of Bengal; M\u0103d\u0103lina Paftal\u0103-Ciubot\u0103ri\u021ba \u2013 The Contemporary Dilemma of the Cultural Landscape. The Case of Iasi Municipality.<\/p>\n","protected":false},"excerpt":{"rendered":"<p>Sumar: Radu Dimitriu, Andreea Dimitriu, Raluca Ioana Horea-\u0218erban \u2013 The Geographical Distrbution of Romanian Churches Abroad the Country. A Valuable Source of Information on the International Migrations of our Fellow Country Men; Tanja Armenski, Doris Omerzel Gomezelj, Branislav Djurdjev, Lukrecija Deri, Aleksandra Dragin \u2013 Destination Competitiveness: A Challenging Process for Serbia; Reetinder Kaur, A. K. [&hellip;]<\/p>\n","protected":false},"featured_media":10188,"comment_status":"open","ping_status":"closed","template":"","meta":[],"product_brand":[],"product_cat":[3942,1469,1893,1466,989],"product_tag":[903,911],"class_list":{"0":"post-3430","1":"product","2":"type-product","3":"status-publish","4":"has-post-thumbnail","6":"product_cat-human-geographies","7":"product_cat-periodice","8":"product_cat-reviste-academice","9":"product_cat-stiinte-ale-naturii","10":"product_cat-geografie","11":"product_tag-geografie","12":"product_tag-geografie-umana","14":"first","15":"instock","16":"shipping-taxable","17":"purchasable","18":"product-type-simple"},"_links":{"self":[{"href":"https:\/\/editura-unibuc.ro\/en\/wp-json\/wp\/v2\/product\/3430","targetHints":{"allow":["GET"]}}],"collection":[{"href":"https:\/\/editura-unibuc.ro\/en\/wp-json\/wp\/v2\/product"}],"about":[{"href":"https:\/\/editura-unibuc.ro\/en\/wp-json\/wp\/v2\/types\/product"}],"replies":[{"embeddable":true,"href":"https:\/\/editura-unibuc.ro\/en\/wp-json\/wp\/v2\/comments?post=3430"}],"wp:featuredmedia":[{"embeddable":true,"href":"https:\/\/editura-unibuc.ro\/en\/wp-json\/wp\/v2\/media\/10188"}],"wp:attachment":[{"href":"https:\/\/editura-unibuc.ro\/en\/wp-json\/wp\/v2\/media?parent=3430"}],"wp:term":[{"taxonomy":"product_brand","embeddable":true,"href":"https:\/\/editura-unibuc.ro\/en\/wp-json\/wp\/v2\/product_brand?post=3430"},{"taxonomy":"product_cat","embeddable":true,"href":"https:\/\/editura-unibuc.ro\/en\/wp-json\/wp\/v2\/product_cat?post=3430"},{"taxonomy":"product_tag","embeddable":true,"href":"https:\/\/editura-unibuc.ro\/en\/wp-json\/wp\/v2\/product_tag?post=3430"}],"curies":[{"name":"wp","href":"https:\/\/api.w.org\/{rel}","templated":true}]}}