{"id":34384,"date":"2022-06-24T20:53:03","date_gmt":"2022-06-24T17:53:03","guid":{"rendered":"https:\/\/editura-unibuc.ro\/?post_type=product&#038;p=34384"},"modified":"2025-04-28T13:16:38","modified_gmt":"2025-04-28T10:16:38","slug":"activitatea-culturala-a-emigratiei-ruse-in-romania-interbelica","status":"publish","type":"product","link":"https:\/\/editura-unibuc.ro\/en\/activitatea-culturala-a-emigratiei-ruse-in-romania-interbelica\/","title":{"rendered":"ACTIVITATEA CULTURAL\u0102 A EMIGRA\u021aIEI RUSE \u00ceN ROM\u00c2NIA INTERBELIC\u0102"},"content":{"rendered":"<p><\/p>\n<hr \/>\n<p><strong><a href=\"https:\/\/books.google.ro\/books\/about?id=s3J0EAAAQBAJ&#038;redir_esc=y\" target=\"_blank\" rel=\"noopener\"><img decoding=\"async\" src=\"https:\/\/editura-unibuc.ro\/wp-content\/uploads\/2025\/04\/goo.png\" \/>Google Books<\/a><\/strong><br \/>&nbsp;<\/p>\n<hr \/>\n<p>\u201eLucrarea denot\u0103 nu numai buna cunoa\u0219tere a cercet\u0103rilor din domeniul imagologic \u0219i al studiilor culturale, dar \u0219i capacitatea de analiz\u0103, de sintez\u0103, de gestionare a acestui material vast \u00eentr-un demers pe deplin conving\u0103tor, ce dovede\u0219te o maturitate \u0219tiin\u021bific\u0103 evident\u0103.\u201d<br \/>\nProf. univ. dr. Antoaneta Olteanu<\/p>","protected":false},"excerpt":{"rendered":"<p>Google Books&nbsp; \u201eLucrarea denot\u0103 nu numai buna cunoa\u0219tere a cercet\u0103rilor din domeniul imagologic \u0219i al studiilor culturale, dar \u0219i capacitatea de analiz\u0103, de sintez\u0103, de gestionare a acestui material vast \u00eentr-un demers pe deplin conving\u0103tor, ce dovede\u0219te o maturitate \u0219tiin\u021bific\u0103 evident\u0103.\u201d Prof. univ. dr. Antoaneta Olteanu<\/p>\n","protected":false},"featured_media":34386,"comment_status":"open","ping_status":"closed","template":"","meta":[],"product_brand":[],"product_cat":[3823,1531,1464,981],"product_tag":[2127,3868,2459],"class_list":{"0":"post-34384","1":"product","2":"type-product","3":"status-publish","4":"has-post-thumbnail","6":"product_cat-stiinte-umane","7":"product_cat-colectii","8":"product_cat-filologie","9":"product_cat-limbi-slave","10":"product_tag-cultura-rusa","11":"product_tag-emigratie-rusa","12":"product_tag-perioada-interbelica","14":"first","15":"instock","16":"shipping-taxable","17":"purchasable","18":"product-type-simple"},"_links":{"self":[{"href":"https:\/\/editura-unibuc.ro\/en\/wp-json\/wp\/v2\/product\/34384","targetHints":{"allow":["GET"]}}],"collection":[{"href":"https:\/\/editura-unibuc.ro\/en\/wp-json\/wp\/v2\/product"}],"about":[{"href":"https:\/\/editura-unibuc.ro\/en\/wp-json\/wp\/v2\/types\/product"}],"replies":[{"embeddable":true,"href":"https:\/\/editura-unibuc.ro\/en\/wp-json\/wp\/v2\/comments?post=34384"}],"wp:featuredmedia":[{"embeddable":true,"href":"https:\/\/editura-unibuc.ro\/en\/wp-json\/wp\/v2\/media\/34386"}],"wp:attachment":[{"href":"https:\/\/editura-unibuc.ro\/en\/wp-json\/wp\/v2\/media?parent=34384"}],"wp:term":[{"taxonomy":"product_brand","embeddable":true,"href":"https:\/\/editura-unibuc.ro\/en\/wp-json\/wp\/v2\/product_brand?post=34384"},{"taxonomy":"product_cat","embeddable":true,"href":"https:\/\/editura-unibuc.ro\/en\/wp-json\/wp\/v2\/product_cat?post=34384"},{"taxonomy":"product_tag","embeddable":true,"href":"https:\/\/editura-unibuc.ro\/en\/wp-json\/wp\/v2\/product_tag?post=34384"}],"curies":[{"name":"wp","href":"https:\/\/api.w.org\/{rel}","templated":true}]}}