{"id":3439,"date":"2012-11-08T12:23:57","date_gmt":"2012-11-08T09:23:57","guid":{"rendered":"https:\/\/editura-unibuc.ro\/?p=3439"},"modified":"2016-02-18T15:14:46","modified_gmt":"2016-02-18T13:14:46","slug":"dinamica-peisajului-rural-in-campia-boianului","status":"publish","type":"product","link":"https:\/\/editura-unibuc.ro\/en\/dinamica-peisajului-rural-in-campia-boianului\/","title":{"rendered":"RURAL LANDSCAPE DINAMICS IN BOIANULUI FIELDS"},"content":{"rendered":"<p>Lucrarea de fa\u021b\u0103 abordeaz\u0103 \u0219i \u00eencearc\u0103 s\u0103 surprind\u0103 \u00eentr-un mod analitic \u0219i sintetic C\u00e2mpia Boianului care, p\u00e2n\u0103 \u00een acest moment, a fost analizat\u0103 fie secven\u021bial, prin lucr\u0103ri de specialitate pe domenii concrete, ie a fost integrat\u0103 unor lucr\u0103ri mai ample, referitoare la \u00eentregul teritoriu al Rom\u00e2niei sau al C\u00e2mpiei Rom\u00e2ne. Scopul principal al acestui demers a vizat scoaterea \u00een eviden\u021b\u0103 a factorilor naturali, sociali \u0219i economici ce au determinat dinamica acestei regiuni, a procesului evolu\u021biei istorice a a\u0219ez\u0103rilor omene\u0219ti de aici, a modului lor actual de grupare teritorial\u0103 \u0219i, totodat\u0103, stabilirea func\u021biilor peisajelor rurale specifice c\u00e2mpiei \u0219i a identific\u0103rii lor, ca urmare a ac\u021biunii exercitate de premisele economice, socio-culturale \u0219i naturale ale locului.<\/p>\n","protected":false},"excerpt":{"rendered":"<p>Lucrarea de fa\u021b\u0103 abordeaz\u0103 \u0219i \u00eencearc\u0103 s\u0103 surprind\u0103 \u00eentr-un mod analitic \u0219i sintetic C\u00e2mpia Boianului care, p\u00e2n\u0103 \u00een acest moment, a fost analizat\u0103 fie secven\u021bial, prin lucr\u0103ri de specialitate pe domenii concrete, ie a fost integrat\u0103 unor lucr\u0103ri mai ample, referitoare la \u00eentregul teritoriu al Rom\u00e2niei sau al C\u00e2mpiei Rom\u00e2ne. Scopul principal al acestui demers [&hellip;]<\/p>\n","protected":false},"featured_media":10182,"comment_status":"open","ping_status":"closed","template":"","meta":[],"product_brand":[],"product_cat":[1466,989],"product_tag":[903],"class_list":{"0":"post-3439","1":"product","2":"type-product","3":"status-publish","4":"has-post-thumbnail","6":"product_cat-stiinte-ale-naturii","7":"product_cat-geografie","8":"product_tag-geografie","10":"first","11":"instock","12":"shipping-taxable","13":"purchasable","14":"product-type-simple"},"_links":{"self":[{"href":"https:\/\/editura-unibuc.ro\/en\/wp-json\/wp\/v2\/product\/3439","targetHints":{"allow":["GET"]}}],"collection":[{"href":"https:\/\/editura-unibuc.ro\/en\/wp-json\/wp\/v2\/product"}],"about":[{"href":"https:\/\/editura-unibuc.ro\/en\/wp-json\/wp\/v2\/types\/product"}],"replies":[{"embeddable":true,"href":"https:\/\/editura-unibuc.ro\/en\/wp-json\/wp\/v2\/comments?post=3439"}],"wp:featuredmedia":[{"embeddable":true,"href":"https:\/\/editura-unibuc.ro\/en\/wp-json\/wp\/v2\/media\/10182"}],"wp:attachment":[{"href":"https:\/\/editura-unibuc.ro\/en\/wp-json\/wp\/v2\/media?parent=3439"}],"wp:term":[{"taxonomy":"product_brand","embeddable":true,"href":"https:\/\/editura-unibuc.ro\/en\/wp-json\/wp\/v2\/product_brand?post=3439"},{"taxonomy":"product_cat","embeddable":true,"href":"https:\/\/editura-unibuc.ro\/en\/wp-json\/wp\/v2\/product_cat?post=3439"},{"taxonomy":"product_tag","embeddable":true,"href":"https:\/\/editura-unibuc.ro\/en\/wp-json\/wp\/v2\/product_tag?post=3439"}],"curies":[{"name":"wp","href":"https:\/\/api.w.org\/{rel}","templated":true}]}}