{"id":3443,"date":"2012-11-08T12:45:00","date_gmt":"2012-11-08T09:45:00","guid":{"rendered":"https:\/\/editura-unibuc.ro\/?p=3443"},"modified":"2016-02-18T15:14:46","modified_gmt":"2016-02-18T13:14:46","slug":"etnia-rroma-din-oltenia-intre-traditie-si-modernitate-geografie-umana","status":"publish","type":"product","link":"https:\/\/editura-unibuc.ro\/en\/etnia-rroma-din-oltenia-intre-traditie-si-modernitate-geografie-umana\/","title":{"rendered":"THE RROMA PEOPLE IN OLTENIA Between Tradition and Modernity. Human Geography"},"content":{"rendered":"<p>Lucrarea \u00ee\u0219i propune o analiz\u0103 ce se refer\u0103 la etnia rrom\u0103 din Oltenia, regiune ce se raprteaz\u0103 la cele cinci jude\u021be care compun actualmente regiunea de dezvoltare Oltenia. Autorul studiului face o abordare geografic\u0103 a acestei etnii, structurat\u0103 pe dou\u0103 planuri: una endogen\u0103 ce \u021bine seama de tr\u0103s\u0103turile popula\u021biei \u00een cauz\u0103 conform declara\u021biilor subiec\u021bilor de etnie rrom\u0103; a doua, exogen\u0103 ce consider\u0103 \u00een egal\u0103 m\u0103sur\u0103 percep\u021bia popula\u021biei nonrrome fa\u021b\u0103 de etnie.<\/p>\n","protected":false},"excerpt":{"rendered":"<p>Lucrarea \u00ee\u0219i propune o analiz\u0103 ce se refer\u0103 la etnia rrom\u0103 din Oltenia, regiune ce se raprteaz\u0103 la cele cinci jude\u021be care compun actualmente regiunea de dezvoltare Oltenia. Autorul studiului face o abordare geografic\u0103 a acestei etnii, structurat\u0103 pe dou\u0103 planuri: una endogen\u0103 ce \u021bine seama de tr\u0103s\u0103turile popula\u021biei \u00een cauz\u0103 conform declara\u021biilor subiec\u021bilor de [&hellip;]<\/p>\n","protected":false},"featured_media":10179,"comment_status":"open","ping_status":"closed","template":"","meta":[],"product_brand":[],"product_cat":[1466,989],"product_tag":[903,911],"class_list":{"0":"post-3443","1":"product","2":"type-product","3":"status-publish","4":"has-post-thumbnail","6":"product_cat-stiinte-ale-naturii","7":"product_cat-geografie","8":"product_tag-geografie","9":"product_tag-geografie-umana","11":"first","12":"instock","13":"shipping-taxable","14":"purchasable","15":"product-type-simple"},"_links":{"self":[{"href":"https:\/\/editura-unibuc.ro\/en\/wp-json\/wp\/v2\/product\/3443","targetHints":{"allow":["GET"]}}],"collection":[{"href":"https:\/\/editura-unibuc.ro\/en\/wp-json\/wp\/v2\/product"}],"about":[{"href":"https:\/\/editura-unibuc.ro\/en\/wp-json\/wp\/v2\/types\/product"}],"replies":[{"embeddable":true,"href":"https:\/\/editura-unibuc.ro\/en\/wp-json\/wp\/v2\/comments?post=3443"}],"wp:featuredmedia":[{"embeddable":true,"href":"https:\/\/editura-unibuc.ro\/en\/wp-json\/wp\/v2\/media\/10179"}],"wp:attachment":[{"href":"https:\/\/editura-unibuc.ro\/en\/wp-json\/wp\/v2\/media?parent=3443"}],"wp:term":[{"taxonomy":"product_brand","embeddable":true,"href":"https:\/\/editura-unibuc.ro\/en\/wp-json\/wp\/v2\/product_brand?post=3443"},{"taxonomy":"product_cat","embeddable":true,"href":"https:\/\/editura-unibuc.ro\/en\/wp-json\/wp\/v2\/product_cat?post=3443"},{"taxonomy":"product_tag","embeddable":true,"href":"https:\/\/editura-unibuc.ro\/en\/wp-json\/wp\/v2\/product_tag?post=3443"}],"curies":[{"name":"wp","href":"https:\/\/api.w.org\/{rel}","templated":true}]}}