{"id":3447,"date":"2012-11-08T12:53:30","date_gmt":"2012-11-08T09:53:30","guid":{"rendered":"https:\/\/editura-unibuc.ro\/?p=3447"},"modified":"2024-04-10T12:05:38","modified_gmt":"2024-04-10T09:05:38","slug":"remedierea-zonelor-poluate","status":"publish","type":"product","link":"https:\/\/editura-unibuc.ro\/en\/remedierea-zonelor-poluate\/","title":{"rendered":"POLUTED AREAS REPARATION"},"content":{"rendered":"<p>\u201eRemedierea zonelor poluate\u201d este o lucrare structurat\u0103 \u00een opt capitole prin care autorii au \u00eencercat s\u0103 acopere aspectele care stau la baza discrimin\u0103rii \u00eentre contaminare \u0219i poluare, a \u00een\u021belegerii necesit\u0103\u021bii remedierii zonelor poluate. Studiul define\u0219te \u0219i clasific\u0103 sistemele ecologice poluate, precum \u0219i tipurile de poluan\u021bi care ridic\u0103 probleme de remediere. Sunt prezentate particularit\u0103\u021bile circuitelor biogeochimice ale metalelor, explic\u00e2ndu-se unde pot fi stocate, pe ce cale pot fi exportate \u0219i sunt date no\u021biuni privind bioacumularea, bioconcentrarea, factori de transfer al metalelor \u00een diferite compartimente biotice. Un alt capitol este dedicat mecanismelor implicate \u00een controlul mobilit\u0103\u021bii metalelor, utilizabile \u00een remedierea sistemelor poluate.<\/p>\n","protected":false},"excerpt":{"rendered":"<p>\u201eRemedierea zonelor poluate\u201d este o lucrare structurat\u0103 \u00een opt capitole prin care autorii au \u00eencercat s\u0103 acopere aspectele care stau la baza discrimin\u0103rii \u00eentre contaminare \u0219i poluare, a \u00een\u021belegerii necesit\u0103\u021bii remedierii zonelor poluate. Studiul define\u0219te \u0219i clasific\u0103 sistemele ecologice poluate, precum \u0219i tipurile de poluan\u021bi care ridic\u0103 probleme de remediere. Sunt prezentate particularit\u0103\u021bile circuitelor biogeochimice [&hellip;]<\/p>\n","protected":false},"featured_media":10177,"comment_status":"open","ping_status":"closed","template":"","meta":[],"product_brand":[],"product_cat":[1466,988],"product_tag":[904,915],"class_list":{"0":"post-3447","1":"product","2":"type-product","3":"status-publish","4":"has-post-thumbnail","6":"product_cat-stiinte-ale-naturii","7":"product_cat-biologie","8":"product_tag-biologie","9":"product_tag-poluare","11":"first","12":"instock","13":"shipping-taxable","14":"purchasable","15":"product-type-simple"},"_links":{"self":[{"href":"https:\/\/editura-unibuc.ro\/en\/wp-json\/wp\/v2\/product\/3447","targetHints":{"allow":["GET"]}}],"collection":[{"href":"https:\/\/editura-unibuc.ro\/en\/wp-json\/wp\/v2\/product"}],"about":[{"href":"https:\/\/editura-unibuc.ro\/en\/wp-json\/wp\/v2\/types\/product"}],"replies":[{"embeddable":true,"href":"https:\/\/editura-unibuc.ro\/en\/wp-json\/wp\/v2\/comments?post=3447"}],"wp:featuredmedia":[{"embeddable":true,"href":"https:\/\/editura-unibuc.ro\/en\/wp-json\/wp\/v2\/media\/10177"}],"wp:attachment":[{"href":"https:\/\/editura-unibuc.ro\/en\/wp-json\/wp\/v2\/media?parent=3447"}],"wp:term":[{"taxonomy":"product_brand","embeddable":true,"href":"https:\/\/editura-unibuc.ro\/en\/wp-json\/wp\/v2\/product_brand?post=3447"},{"taxonomy":"product_cat","embeddable":true,"href":"https:\/\/editura-unibuc.ro\/en\/wp-json\/wp\/v2\/product_cat?post=3447"},{"taxonomy":"product_tag","embeddable":true,"href":"https:\/\/editura-unibuc.ro\/en\/wp-json\/wp\/v2\/product_tag?post=3447"}],"curies":[{"name":"wp","href":"https:\/\/api.w.org\/{rel}","templated":true}]}}