{"id":3455,"date":"2012-11-08T13:14:24","date_gmt":"2012-11-08T10:14:24","guid":{"rendered":"https:\/\/editura-unibuc.ro\/?p=3455"},"modified":"2024-04-12T11:30:38","modified_gmt":"2024-04-12T08:30:38","slug":"elemente-de-standardizare-si-legislatia-mediului-editia-a-ii-a","status":"publish","type":"product","link":"https:\/\/editura-unibuc.ro\/en\/elemente-de-standardizare-si-legislatia-mediului-editia-a-ii-a\/","title":{"rendered":"ENVIRONMENT LAW AND REGULATION ELEMENTS, 2nd EDITION"},"content":{"rendered":"<p>Lucrarea, ampl\u0103, se ocup\u0103 de standardizarea \u0219i legisla\u021bia privitoare la mediu, ca instrumente care, pe de o parte, pot oferi dou\u0103 op\u021biuni pentru rezolvarea unor probleme de mediu, iar pe de alt\u0103 parte pot reprezenta dou\u0103 procese complementare, \u00eentruc\u00e2t standardizarea poate sprijini activitatea legislativ\u0103. Sunt luate \u00een discu\u021bie: aspecte generale privind poluarea, standardizarea, evaluarea conformit\u0103\u021bii \u0219i metrologia; standardele protec\u021biei mediului; elemente de legisla\u021bia mediului; reglementarea activit\u0103\u021bilor cu impact asupra mediului, controlul polu\u0103rii industriale; protec\u021bia \u0219i managementul apei.<br \/>\nPe l\u00e2ng\u0103 sugestivul material ilustrativ reprezentat de tabele \u0219i statistici diverse, fiecare capitol este \u00eenso\u021bit de o util\u0103 bibliografie a problemei.<br \/>\n\u00cen anex\u0103 se prezint\u0103 o list\u0103 cuprinz\u00e2nd diverse organisme interna\u021bionale care se ocup\u0103 de aceast\u0103 chestiune.<\/p>","protected":false},"excerpt":{"rendered":"<p>Lucrarea, ampl\u0103, se ocup\u0103 de standardizarea \u0219i legisla\u021bia privitoare la mediu, ca instrumente care, pe de o parte, pot oferi dou\u0103 op\u021biuni pentru rezolvarea unor probleme de mediu, iar pe de alt\u0103 parte pot reprezenta dou\u0103 procese complementare, \u00eentruc\u00e2t standardizarea poate sprijini activitatea legislativ\u0103. Sunt luate \u00een discu\u021bie: aspecte generale privind poluarea, standardizarea, evaluarea conformit\u0103\u021bii [&hellip;]<\/p>\n","protected":false},"featured_media":10171,"comment_status":"closed","ping_status":"closed","template":"","meta":[],"product_brand":[],"product_cat":[1466,988],"product_tag":[904,914],"class_list":{"0":"post-3455","1":"product","2":"type-product","3":"status-publish","4":"has-post-thumbnail","6":"product_cat-stiinte-ale-naturii","7":"product_cat-biologie","8":"product_tag-biologie","9":"product_tag-protectia-mediului","11":"first","12":"instock","13":"shipping-taxable","14":"purchasable","15":"product-type-simple"},"_links":{"self":[{"href":"https:\/\/editura-unibuc.ro\/en\/wp-json\/wp\/v2\/product\/3455","targetHints":{"allow":["GET"]}}],"collection":[{"href":"https:\/\/editura-unibuc.ro\/en\/wp-json\/wp\/v2\/product"}],"about":[{"href":"https:\/\/editura-unibuc.ro\/en\/wp-json\/wp\/v2\/types\/product"}],"replies":[{"embeddable":true,"href":"https:\/\/editura-unibuc.ro\/en\/wp-json\/wp\/v2\/comments?post=3455"}],"wp:featuredmedia":[{"embeddable":true,"href":"https:\/\/editura-unibuc.ro\/en\/wp-json\/wp\/v2\/media\/10171"}],"wp:attachment":[{"href":"https:\/\/editura-unibuc.ro\/en\/wp-json\/wp\/v2\/media?parent=3455"}],"wp:term":[{"taxonomy":"product_brand","embeddable":true,"href":"https:\/\/editura-unibuc.ro\/en\/wp-json\/wp\/v2\/product_brand?post=3455"},{"taxonomy":"product_cat","embeddable":true,"href":"https:\/\/editura-unibuc.ro\/en\/wp-json\/wp\/v2\/product_cat?post=3455"},{"taxonomy":"product_tag","embeddable":true,"href":"https:\/\/editura-unibuc.ro\/en\/wp-json\/wp\/v2\/product_tag?post=3455"}],"curies":[{"name":"wp","href":"https:\/\/api.w.org\/{rel}","templated":true}]}}