{"id":34598,"date":"2022-07-07T11:33:13","date_gmt":"2022-07-07T08:33:13","guid":{"rendered":"https:\/\/editura-unibuc.ro\/?post_type=product&#038;p=34598"},"modified":"2025-05-13T10:02:21","modified_gmt":"2025-05-13T07:02:21","slug":"stil-si-stilistica-studii-volumul-2","status":"publish","type":"product","link":"https:\/\/editura-unibuc.ro\/en\/stil-si-stilistica-studii-volumul-2\/","title":{"rendered":"STIL \u0218I STILISTIC\u0102: STUDII. VOLUMUL 2"},"content":{"rendered":"<hr \/>\n<p><strong><a href=\"https:\/\/books.google.ro\/books\/about?id=BGt3EAAAQBAJ&#038;redir_esc=y\" target=\"_blank\" rel=\"noopener\"><img decoding=\"async\" src=\"https:\/\/editura-unibuc.ro\/wp-content\/uploads\/2025\/04\/goo.png\" \/>Google Books<\/a><\/strong><br \/>&nbsp;<\/p>\n<hr \/>\n<p>\u201eCartea de fa\u021b\u0103 este rezultatul unui bilan\u021b: ea adun\u0103 studii \u0219i articole publicate \u00een diverse reviste \u0219i volume de-a lungul a mai bine de jum\u0103tate de secol, din momentul \u00een care m-am consacrat stilisticii.<br \/>\nVolumul a st\u00e2rnit autorului explicabile accese de melancolie. Am \u00eencercat s\u0103 le dep\u0103\u0219esc, amintindu-mi faptul c\u0103 asemenea recapitul\u0103ri \u0219tiin\u021bifice reprezint\u0103 p\u00e2n\u0103 la urm\u0103 o revan\u0219\u0103 asupra timpului, inamicul \u0219i aliatul nostru etern.\u201d <\/p>\n<p>Mihaela Manca\u0219<\/p>\n","protected":false},"excerpt":{"rendered":"<p>Google Books&nbsp; \u201eCartea de fa\u021b\u0103 este rezultatul unui bilan\u021b: ea adun\u0103 studii \u0219i articole publicate \u00een diverse reviste \u0219i volume de-a lungul a mai bine de jum\u0103tate de secol, din momentul \u00een care m-am consacrat stilisticii. Volumul a st\u00e2rnit autorului explicabile accese de melancolie. Am \u00eencercat s\u0103 le dep\u0103\u0219esc, amintindu-mi faptul c\u0103 asemenea recapitul\u0103ri \u0219tiin\u021bifice [&hellip;]<\/p>\n","protected":false},"featured_media":34596,"comment_status":"open","ping_status":"closed","template":"","meta":[],"product_brand":[],"product_cat":[3823,1531,2756,1464,979],"product_tag":[955,1532,1141],"class_list":{"0":"post-34598","1":"product","2":"type-product","3":"status-publish","4":"has-post-thumbnail","6":"product_cat-stiinte-umane","7":"product_cat-colectii","8":"product_cat-lingvistica-lingua","9":"product_cat-filologie","10":"product_cat-limba-romana","11":"product_tag-articole","12":"product_tag-colectie","13":"product_tag-studii","15":"first","16":"instock","17":"shipping-taxable","18":"purchasable","19":"product-type-simple"},"_links":{"self":[{"href":"https:\/\/editura-unibuc.ro\/en\/wp-json\/wp\/v2\/product\/34598","targetHints":{"allow":["GET"]}}],"collection":[{"href":"https:\/\/editura-unibuc.ro\/en\/wp-json\/wp\/v2\/product"}],"about":[{"href":"https:\/\/editura-unibuc.ro\/en\/wp-json\/wp\/v2\/types\/product"}],"replies":[{"embeddable":true,"href":"https:\/\/editura-unibuc.ro\/en\/wp-json\/wp\/v2\/comments?post=34598"}],"wp:featuredmedia":[{"embeddable":true,"href":"https:\/\/editura-unibuc.ro\/en\/wp-json\/wp\/v2\/media\/34596"}],"wp:attachment":[{"href":"https:\/\/editura-unibuc.ro\/en\/wp-json\/wp\/v2\/media?parent=34598"}],"wp:term":[{"taxonomy":"product_brand","embeddable":true,"href":"https:\/\/editura-unibuc.ro\/en\/wp-json\/wp\/v2\/product_brand?post=34598"},{"taxonomy":"product_cat","embeddable":true,"href":"https:\/\/editura-unibuc.ro\/en\/wp-json\/wp\/v2\/product_cat?post=34598"},{"taxonomy":"product_tag","embeddable":true,"href":"https:\/\/editura-unibuc.ro\/en\/wp-json\/wp\/v2\/product_tag?post=34598"}],"curies":[{"name":"wp","href":"https:\/\/api.w.org\/{rel}","templated":true}]}}