{"id":3460,"date":"2012-11-08T13:26:08","date_gmt":"2012-11-08T11:26:08","guid":{"rendered":"https:\/\/editura-unibuc.ro\/?p=3460"},"modified":"2016-02-18T15:07:55","modified_gmt":"2016-02-18T13:07:55","slug":"aspecte-de-ecologie-a-unor-grupe-de-paraziti-la-specii-de-pesti-dulcicoli-din-fauna-romaniei","status":"publish","type":"product","link":"https:\/\/editura-unibuc.ro\/en\/aspecte-de-ecologie-a-unor-grupe-de-paraziti-la-specii-de-pesti-dulcicoli-din-fauna-romaniei\/","title":{"rendered":"ROMANIAN WILDLIFE FRESH WATER FISH PARASITE GROUPS ECOLOGY ASPECTS"},"content":{"rendered":"<p>\u00cen lumea \u0219tiin\u021bific\u0103 parazitologic\u0103, unde exist\u0103 \u00eenc\u0103 multe dispute asupra unor aspecte (ca sistemul de clasificare, originea unor grupe de organisme, arbori cladistici construi\u021bi pe baze morfologice vs. moleculare, rela\u021bii de natur\u0103 zoogeografic\u0103, factori implica\u021bi \u00een fixarea parazi\u021bilor de gazd\u0103), aceast\u0103 carte aduce, pe de o parte, contribu\u021bii rom\u00e2ne\u0219ti \u00een domeniu (\u00een toamna anului 2005, Mala-Maria Stavrescu-Bedivan a descoperit o nou\u0103 specie de copepod, necunoscut pentru \u021bara noastr\u0103, de unde noi perspective de cercetare), iar pe de alt\u0103 parte, corela\u021bia cu literatura interna\u021bional\u0103 de specialitate (\u00eentreprindere adeseori dificil\u0103, din cauza unor lacune \u00een colaborare, a barierelor lingvistice, a distan\u021belor geografice).<br \/>\nUn istoric al preocup\u0103rilor rom\u00e2ne\u0219ti introparazitologice are ca debut referiri la mortalitatea pe\u0219tilor, dat\u00e2nd din sec. al XVII-lea. Pe plan na\u021bional \u0219i mondial, apari\u021bia lucr\u0103rilor de referin\u021b\u0103 \u0219i a centrelor de cercetare culmineaz\u0103 cu \u00eembog\u0103\u021birea bazelor de date (datorat\u0103, spre exemplu, acvaristicii, \u0219i realizat\u0103 mai ales prin informatizare \u2013 de altfel, bibliografia prezentei c\u0103r\u021bi con\u021bine 180 de titluri, iar melografia, 43).<br \/>\nCartea urm\u0103re\u0219te studiul distribu\u021biei spa\u021biale a parazi\u021bilor descoperi\u021bi \u00een microhabitatul bronhial al pe\u0219tilor gazd\u0103, delectarea factorilor ce par s\u0103 influen\u021beze major preferin\u021bele de fixare a acestora de filamente, determinarea statutului taxonomic pentru grupele de parazi\u021bi analizate, determinarea unei eventuale leg\u0103turi dintre parametrii biometrici ai gazdei \u0219i gradul de parazitate, verificarea unor ipoteze mai vechi cu privire la simetria infest\u0103rii, aplicarea de teste statistice care s\u0103 sus\u021bin\u0103 suplimentar simple observa\u021bii, completarea cuno\u0219tin\u021belor privind specificitatea filogenetic\u0103 \u0219i aceea privind categoria dulcicol\u0103 a pe\u0219telui gazd\u0103, gradul de coevolu\u021bie al sistemului gazd\u0103-parazit, modul de r\u0103sp\u00e2ndire a parazi\u021bilor \u00een actualele areale, prin schimbarea unor h\u0103r\u021bi de distribu\u021bie.<br \/>\nAparatura de specialitate a laboratorului din Facultatea de Biologie (U.\u0218.A.M.V. Bucure\u0219ti), \u00een special microscopul trinocular, a venit cu at\u00e2t mai mult \u00een sprijinul prezentului volum.<\/p>\n","protected":false},"excerpt":{"rendered":"<p>\u00cen lumea \u0219tiin\u021bific\u0103 parazitologic\u0103, unde exist\u0103 \u00eenc\u0103 multe dispute asupra unor aspecte (ca sistemul de clasificare, originea unor grupe de organisme, arbori cladistici construi\u021bi pe baze morfologice vs. moleculare, rela\u021bii de natur\u0103 zoogeografic\u0103, factori implica\u021bi \u00een fixarea parazi\u021bilor de gazd\u0103), aceast\u0103 carte aduce, pe de o parte, contribu\u021bii rom\u00e2ne\u0219ti \u00een domeniu (\u00een toamna anului 2005, [&hellip;]<\/p>\n","protected":false},"featured_media":10164,"comment_status":"open","ping_status":"closed","template":"","meta":[],"product_brand":[],"product_cat":[1466,988],"product_tag":[904],"class_list":{"0":"post-3460","1":"product","2":"type-product","3":"status-publish","4":"has-post-thumbnail","6":"product_cat-stiinte-ale-naturii","7":"product_cat-biologie","8":"product_tag-biologie","10":"first","11":"instock","12":"shipping-taxable","13":"purchasable","14":"product-type-simple"},"_links":{"self":[{"href":"https:\/\/editura-unibuc.ro\/en\/wp-json\/wp\/v2\/product\/3460","targetHints":{"allow":["GET"]}}],"collection":[{"href":"https:\/\/editura-unibuc.ro\/en\/wp-json\/wp\/v2\/product"}],"about":[{"href":"https:\/\/editura-unibuc.ro\/en\/wp-json\/wp\/v2\/types\/product"}],"replies":[{"embeddable":true,"href":"https:\/\/editura-unibuc.ro\/en\/wp-json\/wp\/v2\/comments?post=3460"}],"wp:featuredmedia":[{"embeddable":true,"href":"https:\/\/editura-unibuc.ro\/en\/wp-json\/wp\/v2\/media\/10164"}],"wp:attachment":[{"href":"https:\/\/editura-unibuc.ro\/en\/wp-json\/wp\/v2\/media?parent=3460"}],"wp:term":[{"taxonomy":"product_brand","embeddable":true,"href":"https:\/\/editura-unibuc.ro\/en\/wp-json\/wp\/v2\/product_brand?post=3460"},{"taxonomy":"product_cat","embeddable":true,"href":"https:\/\/editura-unibuc.ro\/en\/wp-json\/wp\/v2\/product_cat?post=3460"},{"taxonomy":"product_tag","embeddable":true,"href":"https:\/\/editura-unibuc.ro\/en\/wp-json\/wp\/v2\/product_tag?post=3460"}],"curies":[{"name":"wp","href":"https:\/\/api.w.org\/{rel}","templated":true}]}}