{"id":3464,"date":"2012-11-08T13:31:59","date_gmt":"2012-11-08T10:31:59","guid":{"rendered":"https:\/\/editura-unibuc.ro\/?p=3464"},"modified":"2016-02-18T15:15:50","modified_gmt":"2016-02-18T13:15:50","slug":"lucrari-practice-biochimia-acizilor-nucleici-si-biologie-moleculara","status":"publish","type":"product","link":"https:\/\/editura-unibuc.ro\/en\/lucrari-practice-biochimia-acizilor-nucleici-si-biologie-moleculara\/","title":{"rendered":"PRACTICAL WORKS: NUCLEIC ACIDS BIOCHEMISTRY AND MOLECULAR BIOLOGY"},"content":{"rendered":"<p>Acizii nucleici sunt substan\u021be care au fost pentru prima dat\u0103 izolate din nucleii celulelor. Ulterior, s-a eviden\u021biat existen\u021ba acizilor nucleici at\u00e2t \u00een nucleu, c\u00e2t \u0219i \u00een citoplasma celulelor, dar denumirea a fost p\u0103strat\u0103 din considerente istorice.<br \/>\nAcizii nucleici au un rol esen\u021bial \u00een conservarea \u0219i transmiterea informa\u021biei genetice necesare func\u021bion\u0103rii \u201cprogramului\u201d sintezei proteinelor celulare, suportul marii majorit\u0103\u021bi a activit\u0103\u021bilor biologice. Ace\u0219tia sunt responsabili de dictarea ordinii \u00een care aminoacizii se leag\u0103 \u00eentre ei pentru a da na\u0219tere unei proteine adecvate.<br \/>\nADN este un element permanent al celulei, informa\u021biile con\u021binute \u00een structura sa fiind transmise descenden\u021bilor. Din acest motiv, se afirm\u0103 c\u0103 ADN este suportul eredit\u0103\u021bii. Acizii ribonucleici, ARNr, ARNt \u0219i ARNn, sunt moleculele implicate \u00een realizarea direct\u0103 a sintezei proteice.<br \/>\nCartea de fa\u021b\u0103 este organizat\u0103 \u00een cinci capitole: \u201cAcizii nucleici \u2013 Structur\u0103, propriet\u0103\u021bi, transmiterea \u0219i exprimarea informa\u021biei genetice\u201d. \u201cMetode de izolare \u0219i purificare ale acizilor nucleici\u201d. \u201cMetode de analiz\u0103 ale bazelor azotate \u0219i acizilor nucleici\u201d. \u201cReac\u021bia PCR \u2013 Variante \u0219i tehnici derivate\u201d. \u201cSecven\u021bializarea ADN\u201d.<br \/>\nCartea debuteaz\u0103 cu lista abrevierilor \u0219i se \u00eencheie cu o consistent\u0103 bibliografie selectiv\u0103.<\/p>\n","protected":false},"excerpt":{"rendered":"<p>Acizii nucleici sunt substan\u021be care au fost pentru prima dat\u0103 izolate din nucleii celulelor. Ulterior, s-a eviden\u021biat existen\u021ba acizilor nucleici at\u00e2t \u00een nucleu, c\u00e2t \u0219i \u00een citoplasma celulelor, dar denumirea a fost p\u0103strat\u0103 din considerente istorice. Acizii nucleici au un rol esen\u021bial \u00een conservarea \u0219i transmiterea informa\u021biei genetice necesare func\u021bion\u0103rii \u201cprogramului\u201d sintezei proteinelor celulare, suportul [&hellip;]<\/p>\n","protected":false},"featured_media":10161,"comment_status":"open","ping_status":"closed","template":"","meta":[],"product_brand":[],"product_cat":[1466,988],"product_tag":[913,904],"class_list":{"0":"post-3464","1":"product","2":"type-product","3":"status-publish","4":"has-post-thumbnail","6":"product_cat-stiinte-ale-naturii","7":"product_cat-biologie","8":"product_tag-biochimie","9":"product_tag-biologie","11":"first","12":"outofstock","13":"shipping-taxable","14":"purchasable","15":"product-type-simple"},"_links":{"self":[{"href":"https:\/\/editura-unibuc.ro\/en\/wp-json\/wp\/v2\/product\/3464","targetHints":{"allow":["GET"]}}],"collection":[{"href":"https:\/\/editura-unibuc.ro\/en\/wp-json\/wp\/v2\/product"}],"about":[{"href":"https:\/\/editura-unibuc.ro\/en\/wp-json\/wp\/v2\/types\/product"}],"replies":[{"embeddable":true,"href":"https:\/\/editura-unibuc.ro\/en\/wp-json\/wp\/v2\/comments?post=3464"}],"wp:featuredmedia":[{"embeddable":true,"href":"https:\/\/editura-unibuc.ro\/en\/wp-json\/wp\/v2\/media\/10161"}],"wp:attachment":[{"href":"https:\/\/editura-unibuc.ro\/en\/wp-json\/wp\/v2\/media?parent=3464"}],"wp:term":[{"taxonomy":"product_brand","embeddable":true,"href":"https:\/\/editura-unibuc.ro\/en\/wp-json\/wp\/v2\/product_brand?post=3464"},{"taxonomy":"product_cat","embeddable":true,"href":"https:\/\/editura-unibuc.ro\/en\/wp-json\/wp\/v2\/product_cat?post=3464"},{"taxonomy":"product_tag","embeddable":true,"href":"https:\/\/editura-unibuc.ro\/en\/wp-json\/wp\/v2\/product_tag?post=3464"}],"curies":[{"name":"wp","href":"https:\/\/api.w.org\/{rel}","templated":true}]}}